{"id":201,"date":"2020-10-29T00:00:00","date_gmt":"2020-10-29T00:00:00","guid":{"rendered":"https:\/\/mareapensionista.org\/?page_id=201"},"modified":"2022-08-02T10:38:39","modified_gmt":"2022-08-02T08:38:39","slug":"quienes-somos","status":"publish","type":"page","link":"http:\/\/mareapensionista.org\/ca\/quienes-somos\/","title":{"rendered":"Qui som"},"content":{"rendered":"<h1>Qui som<\/h1>\n<p>La Coordinadora de Marea Pensionista de Catalunya (MPC) \u00e9s un moviment social transversal i apartidista organitzat en defensa del sistema p\u00fablic de pensions.  En tant que organitzaci\u00f3 territorial forma part de la Coordinadora Estatal per la defensa del Sistema P\u00fablic de les Pensions (COESPE).<\/p>\n<p>En la seva lluita per unes pensions dignes, la MPC es dirigeix a la classe treballadora i a la joventut perqu\u00e8 s\u00f3n les seves pensions les que estan en perill si el govern aplica les mesures regressives del Pacte de Toledo aprovat al Congr\u00e9s de Diputats.<\/p>\n<p>\t\t\t\t\t\t\t\t\t\t\t\t<img decoding=\"async\" width=\"500\" height=\"260\" src=\"https:\/\/mareapensionista.org\/wp-content\/uploads\/2021\/06\/manifestacion1.jpg\" alt=\"\" loading=\"lazy\" srcset=\"https:\/\/mareapensionista.org\/wp-content\/uploads\/2021\/06\/manifestacion1.jpg 500w, https:\/\/mareapensionista.org\/wp-content\/uploads\/2021\/06\/manifestacion1-300x156.jpg 300w, https:\/\/mareapensionista.org\/wp-content\/uploads\/2021\/06\/manifestacion1-16x8.jpg 16w\" sizes=\"auto, (max-width: 500px) 100vw, 500px\" \/><br \/>\n\t\t\t\t\t\t\t\t\t\t\t\t<img decoding=\"async\" width=\"960\" height=\"495\" src=\"https:\/\/mareapensionista.org\/wp-content\/uploads\/2020\/10\/pancarta-MAREA-SEPULVEDA.jpg\" alt=\"\" loading=\"lazy\" srcset=\"https:\/\/mareapensionista.org\/wp-content\/uploads\/2020\/10\/pancarta-MAREA-SEPULVEDA.jpg 960w, https:\/\/mareapensionista.org\/wp-content\/uploads\/2020\/10\/pancarta-MAREA-SEPULVEDA-768x396.jpg 768w\" sizes=\"auto, (max-width: 960px) 100vw, 960px\" \/><br \/>\n\t\t\t\t\t\t\t\t\t\t\t\t<img decoding=\"async\" width=\"480\" height=\"250\" src=\"https:\/\/mareapensionista.org\/wp-content\/uploads\/2020\/10\/manifestacion2.jpg\" alt=\"\" loading=\"lazy\" \/><br \/>\n\t\t\t\t\t\t\t\t\t\t\t\t<img decoding=\"async\" width=\"1024\" height=\"682\" src=\"https:\/\/mareapensionista.org\/wp-content\/uploads\/2020\/10\/manifestacion-1.jpg\" alt=\"\" loading=\"lazy\" srcset=\"https:\/\/mareapensionista.org\/wp-content\/uploads\/2020\/10\/manifestacion-1.jpg 1280w, https:\/\/mareapensionista.org\/wp-content\/uploads\/2020\/10\/manifestacion-1-768x511.jpg 768w, https:\/\/mareapensionista.org\/wp-content\/uploads\/2020\/10\/manifestacion-1-930x620.jpg 930w\" sizes=\"auto, (max-width: 1024px) 100vw, 1024px\" \/><br \/>\n\t\t\t\t\t\t\t\t\t\t\t\t<img decoding=\"async\" width=\"500\" height=\"260\" src=\"https:\/\/mareapensionista.org\/wp-content\/uploads\/2020\/10\/charla.jpg\" alt=\"\" loading=\"lazy\" \/><\/p>","protected":false},"excerpt":{"rendered":"<p>Quienes somos La Coordinadora de Marea Pensionista de Catalu\u00f1a (MPC) es un movimiento social transversal y apartidista organizado en defensa del sistema p\u00fablico de pensiones. En cuanto que organizaci\u00f3n territorial forma parte de la Coordinadora Estatal por la defensa del Sistema P\u00fablico de las Pensiones (COESPE). En su lucha por unas pensiones dignas, la MPC&hellip;&nbsp;<a href=\"http:\/\/mareapensionista.org\/ca\/quienes-somos\/\" class=\"\" rel=\"bookmark\">Read More &raquo;<span class=\"screen-reader-text\">Qui som<\/span><\/a><\/p>","protected":false},"author":1,"featured_media":0,"parent":0,"menu_order":0,"comment_status":"closed","ping_status":"open","template":"","meta":{"neve_meta_sidebar":"full-width","neve_meta_container":"","neve_meta_enable_content_width":"on","neve_meta_content_width":100,"neve_meta_title_alignment":"","neve_meta_author_avatar":"","neve_post_elements_order":"","neve_meta_disable_header":"","neve_meta_disable_footer":"","neve_meta_disable_title":"","_ti_tpc_template_sync":false,"_ti_tpc_template_id":"","_mc_calendar":[],"footnotes":""},"class_list":["post-201","page","type-page","status-publish","hentry"],"_links":{"self":[{"href":"http:\/\/mareapensionista.org\/ca\/wp-json\/wp\/v2\/pages\/201","targetHints":{"allow":["GET"]}}],"collection":[{"href":"http:\/\/mareapensionista.org\/ca\/wp-json\/wp\/v2\/pages"}],"about":[{"href":"http:\/\/mareapensionista.org\/ca\/wp-json\/wp\/v2\/types\/page"}],"author":[{"embeddable":true,"href":"http:\/\/mareapensionista.org\/ca\/wp-json\/wp\/v2\/users\/1"}],"replies":[{"embeddable":true,"href":"http:\/\/mareapensionista.org\/ca\/wp-json\/wp\/v2\/comments?post=201"}],"version-history":[{"count":73,"href":"http:\/\/mareapensionista.org\/ca\/wp-json\/wp\/v2\/pages\/201\/revisions"}],"predecessor-version":[{"id":3626,"href":"http:\/\/mareapensionista.org\/ca\/wp-json\/wp\/v2\/pages\/201\/revisions\/3626"}],"wp:attachment":[{"href":"http:\/\/mareapensionista.org\/ca\/wp-json\/wp\/v2\/media?parent=201"}],"curies":[{"name":"wp","href":"https:\/\/api.w.org\/{rel}","templated":true}]}}