{"id":4153,"date":"2024-01-02T01:32:01","date_gmt":"2024-01-01T23:32:01","guid":{"rendered":"https:\/\/mareapensionista.org\/?page_id=4153"},"modified":"2024-01-09T21:53:16","modified_gmt":"2024-01-09T19:53:16","slug":"5-donde-fue-a-parar-la-hucha-de-las-cotizaciones","status":"publish","type":"page","link":"http:\/\/mareapensionista.org\/ca\/5-donde-fue-a-parar-la-hucha-de-las-cotizaciones\/","title":{"rendered":"1.2\u00bfD\u00f3nde fue a parar la HUCHA de las cotizaciones?"},"content":{"rendered":"<p>El sistema de SS en Espa\u00f1a es un sistema de Reparto basado en la solidaridad y caja \u00fanica que se extiende entre generaciones y entre los diferentes reg\u00edmenes y contingencias. Desde su creaci\u00f3n las cotizaciones sociales cubrieron holgadamente el pago de las pensiones. Los excedentes de 44 a\u00f1os consecutivos entre 1967 y 2011 sumaron m\u00e1s de 500.000 millones de euros&nbsp;(Marea pensionista pide una auditoria para calcularla desde 1963 hasta ahora) y se destinaron a sufragar gastos que el Estado ten\u00eda que cubrir con los impuestos. No se pusieron en una hucha. Muchas rebajas de impuestos se hicieron porque se dispon\u00eda del excedente de las cotizaciones a las pensiones. Por esto, el estado era y deber\u00eda ser el garante del sistema, de su financiaci\u00f3n y de&nbsp;su gesti\u00f3n. No puede desentenderse ahora.<\/p>","protected":false},"excerpt":{"rendered":"<p>El sistema de SS en Espa\u00f1a es un sistema de Reparto basado en la solidaridad y caja \u00fanica que se extiende entre generaciones y entre los diferentes reg\u00edmenes y contingencias. Desde su creaci\u00f3n las cotizaciones sociales cubrieron holgadamente el pago de las pensiones. Los excedentes de 44 a\u00f1os consecutivos entre 1967 y 2011 sumaron m\u00e1s&hellip;&nbsp;<a href=\"http:\/\/mareapensionista.org\/ca\/5-donde-fue-a-parar-la-hucha-de-las-cotizaciones\/\" class=\"\" rel=\"bookmark\">Read More &raquo;<span class=\"screen-reader-text\">1.2\u00bfD\u00f3nde fue a parar la HUCHA de las cotizaciones?<\/span><\/a><\/p>","protected":false},"author":4,"featured_media":0,"parent":0,"menu_order":0,"comment_status":"closed","ping_status":"closed","template":"","meta":{"neve_meta_sidebar":"full-width","neve_meta_container":"","neve_meta_enable_content_width":"on","neve_meta_content_width":100,"neve_meta_title_alignment":"","neve_meta_author_avatar":"","neve_post_elements_order":"","neve_meta_disable_header":"","neve_meta_disable_footer":"","neve_meta_disable_title":"","_ti_tpc_template_sync":false,"_ti_tpc_template_id":"","_mc_calendar":[],"footnotes":""},"class_list":["post-4153","page","type-page","status-publish","hentry"],"_links":{"self":[{"href":"http:\/\/mareapensionista.org\/ca\/wp-json\/wp\/v2\/pages\/4153","targetHints":{"allow":["GET"]}}],"collection":[{"href":"http:\/\/mareapensionista.org\/ca\/wp-json\/wp\/v2\/pages"}],"about":[{"href":"http:\/\/mareapensionista.org\/ca\/wp-json\/wp\/v2\/types\/page"}],"author":[{"embeddable":true,"href":"http:\/\/mareapensionista.org\/ca\/wp-json\/wp\/v2\/users\/4"}],"replies":[{"embeddable":true,"href":"http:\/\/mareapensionista.org\/ca\/wp-json\/wp\/v2\/comments?post=4153"}],"version-history":[{"count":2,"href":"http:\/\/mareapensionista.org\/ca\/wp-json\/wp\/v2\/pages\/4153\/revisions"}],"predecessor-version":[{"id":4331,"href":"http:\/\/mareapensionista.org\/ca\/wp-json\/wp\/v2\/pages\/4153\/revisions\/4331"}],"wp:attachment":[{"href":"http:\/\/mareapensionista.org\/ca\/wp-json\/wp\/v2\/media?parent=4153"}],"curies":[{"name":"wp","href":"https:\/\/api.w.org\/{rel}","templated":true}]}}