{"id":4155,"date":"2024-01-02T01:34:36","date_gmt":"2024-01-01T23:34:36","guid":{"rendered":"https:\/\/mareapensionista.org\/?page_id=4155"},"modified":"2024-01-09T21:50:51","modified_gmt":"2024-01-09T19:50:51","slug":"6-las-pensiones-se-tienen-que-financiar-solo-con-las-cotizaciones-sociales-no","status":"publish","type":"page","link":"http:\/\/mareapensionista.org\/ca\/6-las-pensiones-se-tienen-que-financiar-solo-con-las-cotizaciones-sociales-no\/","title":{"rendered":"1.3\u00bfLas pensiones se tienen que financiar solo con las cotizaciones sociales? (NO)"},"content":{"rendered":"<p>En Espa\u00f1a desde que entr\u00f3 en vigor el 1\/1\/1967 el actual sistema de Seguridad Social, creado en 1963,&nbsp;quedaba muy clara la responsabilidad exclusiva del estado en la financiaci\u00f3n de las pensiones. A cambio, el estado se embolsaba el gran excedente de las cotizaciones de los trabajadores que no hac\u00eda falta para el pago de las pensiones. Si lo hubiesen colocado en una hucha, hoy tendr\u00edamos 560.000 millones de euros. Fue despu\u00e9s del Pacto de Toledo (PT), cuando vieron que cada vez sobraba menos dinero que se cambi\u00f3 la ley con nocturnidad y alevos\u00eda y sin que nadie rechistase y se plante\u00f3 que con solo las cotizaciones se ten\u00edan que pagar las pensiones. Se cre\u00f3 una hucha pero con cero euros, no con 560.000 millones (Marea Pensionista pide una Auditoria porque desde 1963, durante la dictadura pudo ser de unos 300.000 millones y durante la democracia de unos 500.000 millones)<\/p>\n\n\n\n<p>Eso si, con excepciones. El estado sigue garantizando en sus Presupuestos y con los impuestos que pagamos todos las pensiones de los pol\u00edticos, las de las fuerzas armadas, las de los altos funcionarios y las de muchos colectivos que si tuvieran que cobrar con lo que cotizan los que est\u00e1n en activo no tendr\u00edan pensi\u00f3n. En consecuencia si la constituci\u00f3n nos hace iguales en derechos tambi\u00e9n las pensiones de todos los trabajadores deber\u00edan de seguir estando garantizadas por el estado como pas\u00f3 desde 1967 hasta aquel pacto de Toledo en el que el gobierno Aznar cre\u00f3 una \u00abhucha\u00bb de las pensiones vac\u00eda y como lo tienen todav\u00eda, algunos colectivos privilegiados. Si nos resignemos a este cambio de criterio veremos el hundimiento de nuestras pensiones.<\/p>","protected":false},"excerpt":{"rendered":"<p>En Espa\u00f1a desde que entr\u00f3 en vigor el 1\/1\/1967 el actual sistema de Seguridad Social, creado en 1963,&nbsp;quedaba muy clara la responsabilidad exclusiva del estado en la financiaci\u00f3n de las pensiones. A cambio, el estado se embolsaba el gran excedente de las cotizaciones de los trabajadores que no hac\u00eda falta para el pago de las&hellip;&nbsp;<a href=\"http:\/\/mareapensionista.org\/ca\/6-las-pensiones-se-tienen-que-financiar-solo-con-las-cotizaciones-sociales-no\/\" class=\"\" rel=\"bookmark\">Read More &raquo;<span class=\"screen-reader-text\">1.3\u00bfLas pensiones se tienen que financiar solo con las cotizaciones sociales? (NO)<\/span><\/a><\/p>","protected":false},"author":4,"featured_media":0,"parent":0,"menu_order":0,"comment_status":"closed","ping_status":"closed","template":"","meta":{"neve_meta_sidebar":"full-width","neve_meta_container":"","neve_meta_enable_content_width":"on","neve_meta_content_width":100,"neve_meta_title_alignment":"","neve_meta_author_avatar":"","neve_post_elements_order":"","neve_meta_disable_header":"","neve_meta_disable_footer":"","neve_meta_disable_title":"","_ti_tpc_template_sync":false,"_ti_tpc_template_id":"","_mc_calendar":[],"footnotes":""},"class_list":["post-4155","page","type-page","status-publish","hentry"],"_links":{"self":[{"href":"http:\/\/mareapensionista.org\/ca\/wp-json\/wp\/v2\/pages\/4155","targetHints":{"allow":["GET"]}}],"collection":[{"href":"http:\/\/mareapensionista.org\/ca\/wp-json\/wp\/v2\/pages"}],"about":[{"href":"http:\/\/mareapensionista.org\/ca\/wp-json\/wp\/v2\/types\/page"}],"author":[{"embeddable":true,"href":"http:\/\/mareapensionista.org\/ca\/wp-json\/wp\/v2\/users\/4"}],"replies":[{"embeddable":true,"href":"http:\/\/mareapensionista.org\/ca\/wp-json\/wp\/v2\/comments?post=4155"}],"version-history":[{"count":3,"href":"http:\/\/mareapensionista.org\/ca\/wp-json\/wp\/v2\/pages\/4155\/revisions"}],"predecessor-version":[{"id":4332,"href":"http:\/\/mareapensionista.org\/ca\/wp-json\/wp\/v2\/pages\/4155\/revisions\/4332"}],"wp:attachment":[{"href":"http:\/\/mareapensionista.org\/ca\/wp-json\/wp\/v2\/media?parent=4155"}],"curies":[{"name":"wp","href":"https:\/\/api.w.org\/{rel}","templated":true}]}}