{"id":4159,"date":"2024-01-02T01:35:08","date_gmt":"2024-01-01T23:35:08","guid":{"rendered":"https:\/\/mareapensionista.org\/?page_id=4159"},"modified":"2024-01-09T21:46:58","modified_gmt":"2024-01-09T19:46:58","slug":"7-hay-dinero-para-pagar-las-pensiones","status":"publish","type":"page","link":"http:\/\/mareapensionista.org\/ca\/7-hay-dinero-para-pagar-las-pensiones\/","title":{"rendered":"1.4\u00bfHay dinero para pagar las pensiones?"},"content":{"rendered":"<p>Cuando el fraude fiscal roza los 90.000 millones; cuando la presi\u00f3n fiscal en Espa\u00f1a est\u00e1 7 puntos por debajo de la UE; cuando hay dinero para rescatar a la banca; cuando la corrupci\u00f3n llena los para\u00edsos fiscales, decir que no hay dinero es una falacia. Adem\u00e1s el estado ven\u00eda destinando al pago de pensiones un porcentaje del Producto Interior Bruto (PIB), es decir de la riqueza que se crea cada a\u00f1o, sustancialmente inferior al de la UE. La clave de la financiaci\u00f3n y por tanto de la sostenibilidad de las pensiones est\u00e1 en la riqueza que se crea y en c\u00f3mo se distribuye. Es vergonzoso en que el gobierno dec\u00eda que somos el pa\u00eds de Europa que ha crecido m\u00e1s \u2013 m\u00e1s de un 3% \u2013 y tener la ley que hizo el PP salt\u00e1ndose incluso el pacto de Toledo que daba a los pensionistas un aumento del 0,25%. \u00bfQui\u00e9n se queda este aumento del 3% de la riqueza del pa\u00eds?<\/p>\n\n\n\n<p>El colmo es que cuando el gobierno quiere dar ventajas econ\u00f3micas a los empresarios muy a menudo elige darles reducciones de las cotizaciones sociales poniendo en peligro las pensiones al reducir los ingresos. Si quiere ayudarles que rebaje el precio abusivo de la electricidad en Espa\u00f1a que est\u00e1 haciendo que las empresas qu\u00edmicas se vayan a otros pa\u00edses europeos con la electricidad m\u00e1s barata.<\/p>","protected":false},"excerpt":{"rendered":"<p>Cuando el fraude fiscal roza los 90.000 millones; cuando la presi\u00f3n fiscal en Espa\u00f1a est\u00e1 7 puntos por debajo de la UE; cuando hay dinero para rescatar a la banca; cuando la corrupci\u00f3n llena los para\u00edsos fiscales, decir que no hay dinero es una falacia. Adem\u00e1s el estado ven\u00eda destinando al pago de pensiones un&hellip;&nbsp;<a href=\"http:\/\/mareapensionista.org\/ca\/7-hay-dinero-para-pagar-las-pensiones\/\" class=\"\" rel=\"bookmark\">Read More &raquo;<span class=\"screen-reader-text\">1.4\u00bfHay dinero para pagar las pensiones?<\/span><\/a><\/p>","protected":false},"author":4,"featured_media":0,"parent":0,"menu_order":0,"comment_status":"closed","ping_status":"closed","template":"","meta":{"neve_meta_sidebar":"full-width","neve_meta_container":"","neve_meta_enable_content_width":"on","neve_meta_content_width":100,"neve_meta_title_alignment":"","neve_meta_author_avatar":"","neve_post_elements_order":"","neve_meta_disable_header":"","neve_meta_disable_footer":"","neve_meta_disable_title":"","_ti_tpc_template_sync":false,"_ti_tpc_template_id":"","_mc_calendar":[],"footnotes":""},"class_list":["post-4159","page","type-page","status-publish","hentry"],"_links":{"self":[{"href":"http:\/\/mareapensionista.org\/ca\/wp-json\/wp\/v2\/pages\/4159","targetHints":{"allow":["GET"]}}],"collection":[{"href":"http:\/\/mareapensionista.org\/ca\/wp-json\/wp\/v2\/pages"}],"about":[{"href":"http:\/\/mareapensionista.org\/ca\/wp-json\/wp\/v2\/types\/page"}],"author":[{"embeddable":true,"href":"http:\/\/mareapensionista.org\/ca\/wp-json\/wp\/v2\/users\/4"}],"replies":[{"embeddable":true,"href":"http:\/\/mareapensionista.org\/ca\/wp-json\/wp\/v2\/comments?post=4159"}],"version-history":[{"count":3,"href":"http:\/\/mareapensionista.org\/ca\/wp-json\/wp\/v2\/pages\/4159\/revisions"}],"predecessor-version":[{"id":4333,"href":"http:\/\/mareapensionista.org\/ca\/wp-json\/wp\/v2\/pages\/4159\/revisions\/4333"}],"wp:attachment":[{"href":"http:\/\/mareapensionista.org\/ca\/wp-json\/wp\/v2\/media?parent=4159"}],"curies":[{"name":"wp","href":"https:\/\/api.w.org\/{rel}","templated":true}]}}