{"id":4161,"date":"2024-01-02T01:36:01","date_gmt":"2024-01-01T23:36:01","guid":{"rendered":"https:\/\/mareapensionista.org\/?page_id=4161"},"modified":"2024-01-09T21:47:34","modified_gmt":"2024-01-09T19:47:34","slug":"8-por-que-tienen-tanto-interes-en-meternos-miedo-para-privatizarlas","status":"publish","type":"page","link":"http:\/\/mareapensionista.org\/ca\/8-por-que-tienen-tanto-interes-en-meternos-miedo-para-privatizarlas\/","title":{"rendered":"1.5\u00bfPor qu\u00e9 tienen tanto inter\u00e9s en meternos miedo? (para privatizarlas)"},"content":{"rendered":"<p>Desde finales de los a\u00f1os 80, el FMl, el BCE, el BM, entidades financieras, grandes bancos y aseguradoras promovieron una campa\u00f1a que persiste, consistente en hacernos creer que el sistema de p\u00fablico de pensiones est\u00e1 abocado a la quiebra que seg\u00fan ellos tendr\u00eda lugar en el a\u00f1o 2002. Naturalmente los pron\u00f3sticos resultaron ser falsos y el sistema de pensiones sigui\u00f3 arrojando super\u00e1vit hasta el a\u00f1o 2011 pero ellos siguieron con las mismas porque de lo que se trataba y se trata es de convencer a toda la sociedad de que el sistema es inviable. Buscan obligar a que los trabajadores depositen sus ahorros en Planes de Pensiones Privados (PPP), para ello previamente tienen que convencerlos de que cuando ellos se jubilen ya no habr\u00e1 pensiones p\u00fablicas. Lamentablemente est\u00e1n convenciendo a muchos j\u00f3venes que renuncian a defender sus derechos.<\/p>\n\n\n\n<p>Es curioso que unos j\u00f3venes que te\u00f3ricamente son la generaci\u00f3n mejor formada (se supone que tambi\u00e9n en aritm\u00e9tica) no sepan que con el sistema de reparto intergeneracional que tenemos en Espa\u00f1a, siempre hay pensi\u00f3n, siempre hay cotizaciones de los que trabajan, es decir una cantidad con las que se pueden pagar las pensiones. El problema es el de los desequilibrios, es decir, que la cantidad sea insuficiente y el Estado tenga que aportar dinero ya que entre 1963 y 2011 no exist\u00eda la hucha de las pensiones en donde colocar los excedentes. Si el estado realiza la auditor\u00eda que le pide la Marea Pensionista se pondr\u00e1 en evidencia que en la \u00abhucha\u00bb tendr\u00eda que haber unos 800.000 millones de euros, con el que se podr\u00eda cubrir cualquier d\u00e9ficit durante el siglo XXI..<\/p>","protected":false},"excerpt":{"rendered":"<p>Desde finales de los a\u00f1os 80, el FMl, el BCE, el BM, entidades financieras, grandes bancos y aseguradoras promovieron una campa\u00f1a que persiste, consistente en hacernos creer que el sistema de p\u00fablico de pensiones est\u00e1 abocado a la quiebra que seg\u00fan ellos tendr\u00eda lugar en el a\u00f1o 2002. Naturalmente los pron\u00f3sticos resultaron ser falsos y&hellip;&nbsp;<a href=\"http:\/\/mareapensionista.org\/ca\/8-por-que-tienen-tanto-interes-en-meternos-miedo-para-privatizarlas\/\" class=\"\" rel=\"bookmark\">Read More &raquo;<span class=\"screen-reader-text\">1.5\u00bfPor qu\u00e9 tienen tanto inter\u00e9s en meternos miedo? (para privatizarlas)<\/span><\/a><\/p>","protected":false},"author":4,"featured_media":0,"parent":0,"menu_order":0,"comment_status":"closed","ping_status":"closed","template":"","meta":{"neve_meta_sidebar":"full-width","neve_meta_container":"","neve_meta_enable_content_width":"on","neve_meta_content_width":100,"neve_meta_title_alignment":"","neve_meta_author_avatar":"","neve_post_elements_order":"","neve_meta_disable_header":"","neve_meta_disable_footer":"","neve_meta_disable_title":"","_ti_tpc_template_sync":false,"_ti_tpc_template_id":"","_mc_calendar":[],"footnotes":""},"class_list":["post-4161","page","type-page","status-publish","hentry"],"_links":{"self":[{"href":"http:\/\/mareapensionista.org\/ca\/wp-json\/wp\/v2\/pages\/4161","targetHints":{"allow":["GET"]}}],"collection":[{"href":"http:\/\/mareapensionista.org\/ca\/wp-json\/wp\/v2\/pages"}],"about":[{"href":"http:\/\/mareapensionista.org\/ca\/wp-json\/wp\/v2\/types\/page"}],"author":[{"embeddable":true,"href":"http:\/\/mareapensionista.org\/ca\/wp-json\/wp\/v2\/users\/4"}],"replies":[{"embeddable":true,"href":"http:\/\/mareapensionista.org\/ca\/wp-json\/wp\/v2\/comments?post=4161"}],"version-history":[{"count":3,"href":"http:\/\/mareapensionista.org\/ca\/wp-json\/wp\/v2\/pages\/4161\/revisions"}],"predecessor-version":[{"id":4334,"href":"http:\/\/mareapensionista.org\/ca\/wp-json\/wp\/v2\/pages\/4161\/revisions\/4334"}],"wp:attachment":[{"href":"http:\/\/mareapensionista.org\/ca\/wp-json\/wp\/v2\/media?parent=4161"}],"curies":[{"name":"wp","href":"https:\/\/api.w.org\/{rel}","templated":true}]}}