{"id":4177,"date":"2024-01-02T01:40:42","date_gmt":"2024-01-01T23:40:42","guid":{"rendered":"https:\/\/mareapensionista.org\/?page_id=4177"},"modified":"2024-01-09T21:31:28","modified_gmt":"2024-01-09T19:31:28","slug":"9-3que-es-el-producto-europeo-de-pensiones-individuales-el-invento-del-parlamento-europeo-con-mayoria-del-partido-popular-para-entregar-a-la-banca-dinero-de-las-pensiones","status":"publish","type":"page","link":"http:\/\/mareapensionista.org\/ca\/9-3que-es-el-producto-europeo-de-pensiones-individuales-el-invento-del-parlamento-europeo-con-mayoria-del-partido-popular-para-entregar-a-la-banca-dinero-de-las-pensiones\/","title":{"rendered":"2.4\u00bfQu\u00e9 es el \u00abProducto Europeo de Pensiones Individuales\u00bb? (el invento del parlamento europeo con mayor\u00eda del Partido Popular para entregar a la banca dinero de las pensiones)"},"content":{"rendered":"<p>Es la disposici\u00f3n votada por el Parlamento Europeo para desgravar el dinero que el trabajador aporte a estos planes de pensiones privados. Es&nbsp;decir, renunciar a ingresar impuestos que pueden ser utilizados en beneficio de todos, para favorecer a la minor\u00eda econ\u00f3mica que puede pagarse estos Planes de Pensiones.<\/p>\n\n\n\n<p>La Uni\u00f3n Europea&nbsp;trata de poner a disposici\u00f3n del Sistema Financiero, es decir de los bancos, los ahorros de los trabajadores. Con este dinero, piensa que se librar\u00e1 del problema de tener que rescatarlos en el futuro, si siguen con sus pr\u00e1cticas de casino que la Uni\u00f3n Europea no se ha atrevido a prohibirles, al contrario de lo que se hizo durante la crisis de 1929. Los Fondos de Pensiones Privados ser\u00e1n el \u201cbanco malo\u201d, donde los bancos vender\u00e1n o endosar\u00e1n valores falsamente \u201cseguros\u201d como las \u201cpreferentes\u201d y las \u201csubordinadas\u201d o los productos garantizados con la calificaci\u00f3n AAA por las Agencias de Clasificaci\u00f3n ( Standar&amp; Poor\u2019s, Moody\u2019s y Fitch) como la que otorgaron a los \u201cderivados\u201d de las Hipotecas Subprime que cuando se descubri\u00f3 que eran incobrables y que val\u00edan cero, provocaron la gran crisis del 2007.<\/p>\n\n\n\n<p>Miren un ejemplo de lo f\u00e1cil que es crear \u201cun derivado\u201d para estafar a los pensionistas. Se compran a precio de saldo en Barcelona, Madrid, L\u00f3ndres y Nueva York, mil viviendas con aluminosis o ruinosas y afectadas urbanisticamente (no sirven como solar) y&nbsp;se mezclan con otras mil viviendas normales. Se hincha el valor de las da\u00f1adas, valor\u00e1ndolas&nbsp;<strong>tots<\/strong>&nbsp;al preu mitj\u00e0 de cada ciutat i es venen en participacions de l'1% que es col\u00b7loquen en els Fons de Pensions que es controla. Es venen com un \u00abderivat immobiliari\u00bb supersegur i rendible dient que es tracta d'edificis en grans capitals, amb alts lloguers.<br>I aix\u00ed es fan rics! Que els busquin d'aqu\u00ed a 25 anys quan ja no existeixin les cases afectades i el pensionista pregunti pels seus estalvis.<br>El truc \u00e9s que si alg\u00fa es compra una casa se la mira, per\u00f2 les mil o dues mil cases d'un \"derivat\" \u00e9s impossible.<\/p>\n\n\n\n<p>La Uni\u00f3 Europea podia haver pensat en utilitzar els estalvis dels pensionistes per solucionar un altre dels grans problemes presents, el del deute p\u00fablic excessiu de cada pa\u00eds (la qual cosa tampoc hauria estat molt justa). Podien dir que, per no c\u00f3rrer riscos invertint en accions i renda variable, els diners del Producte Europeu de Pensions Individuals havia de invertir-se en deute p\u00fablic que dona poc inter\u00e8s, per\u00f2 que \u00e9s un valor segur (a Espanya el seu pagament el garanteix la Constituci\u00f3), per\u00f2 no. Calia afavorir m\u00e9s a la banca, i si proposaven estalviar comprant cada any deute p\u00fablic, aix\u00f2 ho pot fer directament qualsevol persona sense necessitat d'utilitzar un fons de pensions privat que li cobra comissions.<\/p>\n\n\n\n<p>Per aix\u00f2, en els documents on s'exposa el Pla Europeu de Pensions Privat, es diu que va a \"promoure un entorn que estimuli la innovaci\u00f3 en el sector dels productes financers ...\".<br>La Uni\u00f3 Europea no nom\u00e9s no ha estat capa\u00e7 de tornar a imposar les prohibicions eficaces que es van imposar als Bancs despr\u00e9s de la crisi de 1929 per frenar l'enginyeria financera amb productes derivats, sin\u00f3 que,&nbsp;<strong>\u00a1El que ens faltava!<\/strong>, afavorir\u00e0 la inventiva i \u00abinnovaci\u00f3\u00bb de la banca, la qual cosa pot ser sin\u00f2nim de futura estafa.<\/p>\n\n\n\n<p>Qu\u00e8 \u00e9s el \u00abProducte Europeu de Pensions Individuals\u00bb? (O de nou, l'obsessi\u00f3 per lliurar a la banca diners dels treballadors)<\/p>\n\n\n\n<p>Es la disposici\u00f3n votada por el Parlamento Europeo para desgravar el dinero que el trabajador aporte a estos planes de pensiones privados. Es&nbsp;decir, renunciar a ingresar impuestos que pueden ser utilizados en beneficio de todos, para favorecer a la minor\u00eda econ\u00f3mica que puede pagarse estos Planes de Pensiones.<\/p>\n\n\n\n<p>La Uni\u00f3n Europea&nbsp;trata de poner a disposici\u00f3n del Sistema Financiero, es decir de los bancos, los ahorros de los trabajadores. Con este dinero, piensa que se librar\u00e1 del problema de tener que rescatarlos en el futuro, si siguen con sus pr\u00e1cticas de casino que la Uni\u00f3n Europea no se ha atrevido a prohibirles, al contrario de lo que se hizo durante la crisis de 1929. Los Fondos de Pensiones Privados ser\u00e1n el \u201cbanco malo\u201d, donde los bancos vender\u00e1n o endosar\u00e1n valores falsamente \u201cseguros\u201d como las \u201cpreferentes\u201d y las \u201csubordinadas\u201d o los productos garantizados con la calificaci\u00f3n AAA por las Agencias de Clasificaci\u00f3n ( Standar&amp; Poor\u2019s, Moody\u2019s y Fitch) como la que otorgaron a los \u201cderivados\u201d de las Hipotecas Subprime que cuando se descubri\u00f3 que eran incobrables y que val\u00edan cero, provocaron la gran crisis del 2007.<\/p>\n\n\n\n<p>Miren un ejemplo de lo f\u00e1cil que es crear \u201cun derivado\u201d para estafar a los pensionistas. Se compran a precio de saldo en Barcelona, Madrid, L\u00f3ndres y Nueva York, mil viviendas con aluminosis o ruinosas y afectadas urbanisticamente (no sirven como solar) y&nbsp;se mezclan con otras mil viviendas normales. Se hincha el valor de las da\u00f1adas, valor\u00e1ndolas&nbsp;<strong>tots<\/strong>&nbsp;al preu mitj\u00e0 de cada ciutat i es venen en participacions de l'1% que es col\u00b7loquen en els Fons de Pensions que es controla. Es venen com un \u00abderivat immobiliari\u00bb supersegur i rendible dient que es tracta d'edificis en grans capitals, amb alts lloguers.<br>I aix\u00ed es fan rics! Que els busquin d'aqu\u00ed a 25 anys quan ja no existeixin les cases afectades i el pensionista pregunti pels seus estalvis.<br>El truc \u00e9s que si alg\u00fa es compra una casa se la mira, per\u00f2 les mil o dues mil cases d'un \"derivat\" \u00e9s impossible.<\/p>\n\n\n\n<p>La Uni\u00f3 Europea podia haver pensat en utilitzar els estalvis dels pensionistes per solucionar un altre dels grans problemes presents, el del deute p\u00fablic excessiu de cada pa\u00eds (la qual cosa tampoc hauria estat molt justa). Podien dir que, per no c\u00f3rrer riscos invertint en accions i renda variable, els diners del Producte Europeu de Pensions Individuals havia de invertir-se en deute p\u00fablic que dona poc inter\u00e8s, per\u00f2 que \u00e9s un valor segur (a Espanya el seu pagament el garanteix la Constituci\u00f3), per\u00f2 no. Calia afavorir m\u00e9s a la banca, i si proposaven estalviar comprant cada any deute p\u00fablic, aix\u00f2 ho pot fer directament qualsevol persona sense necessitat d'utilitzar un fons de pensions privat que li cobra comissions.<\/p>\n\n\n\n<p>Per aix\u00f2, en els documents on s'exposa el Pla Europeu de Pensions Privat, es diu que va a \"promoure un entorn que estimuli la innovaci\u00f3 en el sector dels productes financers ...\".<br>La Uni\u00f3 Europea no nom\u00e9s no ha estat capa\u00e7 de tornar a imposar les prohibicions eficaces que es van imposar als Bancs despr\u00e9s de la crisi de 1929 per frenar l'enginyeria financera amb productes derivats, sin\u00f3 que,&nbsp;<strong>\u00a1El que ens faltava!<\/strong>, afavorir\u00e0 la inventiva i \u00abinnovaci\u00f3\u00bb de la banca, la qual cosa pot ser sin\u00f2nim de futura estafa.<\/p>","protected":false},"excerpt":{"rendered":"<p>Es la disposici\u00f3n votada por el Parlamento Europeo para desgravar el dinero que el trabajador aporte a estos planes de pensiones privados. Es&nbsp;decir, renunciar a ingresar impuestos que pueden ser utilizados en beneficio de todos, para favorecer a la minor\u00eda econ\u00f3mica que puede pagarse estos Planes de Pensiones. La Uni\u00f3n Europea&nbsp;trata de poner a disposici\u00f3n&hellip;&nbsp;<a href=\"http:\/\/mareapensionista.org\/ca\/9-3que-es-el-producto-europeo-de-pensiones-individuales-el-invento-del-parlamento-europeo-con-mayoria-del-partido-popular-para-entregar-a-la-banca-dinero-de-las-pensiones\/\" class=\"\" rel=\"bookmark\">Read More &raquo;<span class=\"screen-reader-text\">2.4\u00bfQu\u00e9 es el \u00abProducto Europeo de Pensiones Individuales\u00bb? (el invento del parlamento europeo con mayor\u00eda del Partido Popular para entregar a la banca dinero de las pensiones)<\/span><\/a><\/p>","protected":false},"author":4,"featured_media":0,"parent":0,"menu_order":0,"comment_status":"closed","ping_status":"closed","template":"","meta":{"neve_meta_sidebar":"full-width","neve_meta_container":"","neve_meta_enable_content_width":"on","neve_meta_content_width":100,"neve_meta_title_alignment":"","neve_meta_author_avatar":"","neve_post_elements_order":"","neve_meta_disable_header":"","neve_meta_disable_footer":"","neve_meta_disable_title":"","_ti_tpc_template_sync":false,"_ti_tpc_template_id":"","_mc_calendar":[],"footnotes":""},"class_list":["post-4177","page","type-page","status-publish","hentry"],"_links":{"self":[{"href":"http:\/\/mareapensionista.org\/ca\/wp-json\/wp\/v2\/pages\/4177","targetHints":{"allow":["GET"]}}],"collection":[{"href":"http:\/\/mareapensionista.org\/ca\/wp-json\/wp\/v2\/pages"}],"about":[{"href":"http:\/\/mareapensionista.org\/ca\/wp-json\/wp\/v2\/types\/page"}],"author":[{"embeddable":true,"href":"http:\/\/mareapensionista.org\/ca\/wp-json\/wp\/v2\/users\/4"}],"replies":[{"embeddable":true,"href":"http:\/\/mareapensionista.org\/ca\/wp-json\/wp\/v2\/comments?post=4177"}],"version-history":[{"count":3,"href":"http:\/\/mareapensionista.org\/ca\/wp-json\/wp\/v2\/pages\/4177\/revisions"}],"predecessor-version":[{"id":4339,"href":"http:\/\/mareapensionista.org\/ca\/wp-json\/wp\/v2\/pages\/4177\/revisions\/4339"}],"wp:attachment":[{"href":"http:\/\/mareapensionista.org\/ca\/wp-json\/wp\/v2\/media?parent=4177"}],"curies":[{"name":"wp","href":"https:\/\/api.w.org\/{rel}","templated":true}]}}