{"id":42,"date":"2020-10-28T00:00:00","date_gmt":"2020-10-28T00:00:00","guid":{"rendered":"https:\/\/mareapensionista.org\/?page_id=42"},"modified":"2021-03-20T10:29:16","modified_gmt":"2021-03-20T10:29:16","slug":"movimiento-social","status":"publish","type":"page","link":"http:\/\/mareapensionista.org\/ca\/movimiento-social\/","title":{"rendered":"Movimiento social"},"content":{"rendered":"<p style=\"text-align: center;\">Movimientos Sociales<\/p>\n<h2>LA MAREA PENSIONISTA SE SOLIDARIZA CON<\/h2>\n<p><a href=\"\">Acciona<\/a><\/p>\n<p><img loading=\"lazy\" decoding=\"async\" src=\"http:\/\/localhost\/mareapensionista\/wp-content\/uploads\/2020\/10\/Nissan.jpg\" alt=\"Nissan\" width=\"640\" height=\"352\"><\/p>\n<p>Desde la Marea Pensionista de Catalu\u00f1a queremos mostrar nuestra solidaridad ante vuestra lucha frente a las acciones de la empresa en la aplicaci\u00f3n del ERE que afecta a 500 trabajadores y trabajadoras.<\/p>\n<p>Apoyamos vuestra lucha por la recuperaci\u00f3n de vuestros puestos de trabajo en las factor\u00edas de NISSAN y la denuncia de que las multinacionales tienen como \u00fanico objetivo mejorar sus resultados econ\u00f3micos a pesar de las sustanciosas aportaciones de los poderes p\u00fablicos.<\/p>\n<p>O pedimos que no cej\u00e9is en el empe\u00f1o de preservar los puestos de trabajo de 500 trabajadores y trabajadoras afectados y no ced\u00e1is ni un \u00e1pice en vuestras reivindicaciones.<\/p>\n<p>Exijamos a los poderes p\u00fablicos que defiendan todos y cada uno de los puestos de trabajo y no permitan los planes de ACCIONA.<\/p>\n<p><a href=\"\">Bosch<\/a><\/p>\n<p><img loading=\"lazy\" decoding=\"async\" src=\"http:\/\/localhost\/mareapensionista\/wp-content\/uploads\/2020\/10\/bosch-800x445-1.png\" alt=\"Bosch\" width=\"800\" height=\"445\">&nbsp;<\/p>\n<p>Desde la Marea Pensionista de Catalu\u00f1a queremos mostrar nuestra solidaridad ante su lucha frente al cierre fraudulento de la planta de Castellet i a Gornal.<\/p>\n<p>Los reajustes que las multinacionales realizan tiemem como \u00fanico objetivo mejorar sus resultados econ\u00f3micos a pesar de las sustanciosas aportaciones los poderes p\u00fablicos.<\/p>\n<p>O pedimos que no desiste del empe\u00f1o de preservar los puestos de trabajo de 300 trabajadores y trabajadoras afectados y no ceda nada en sus reivindicaciones.<\/p>\n<p>Exijamos a los poderes p\u00fablicos que defiendan todos y cada uno de los puestos de trabajo y no permitan el cierre de BOSCH.<\/p>\n<p><a href=\"\">Nobel Plastiques Ib\u00e9rica<\/a><\/p>\n<p><img loading=\"lazy\" decoding=\"async\" src=\"http:\/\/localhost\/mareapensionista\/wp-content\/uploads\/2020\/10\/Plastiqued.jpg\" alt=\"\" width=\"620\" height=\"413\"><\/p>\n<p>Desde la Marea Pensionista de Catalu\u00f1a queremos mostrar nuestra solidaridad ante vuestra lucha frente al ERE de la empresa Nobel Plastiques Ib\u00e9rica de Sant Joan Desp\u00ed ha presentado y que afecta a 200 trabajadores y trabajadoras.<\/p>\n<p>Apoyamos vuestra lucha por la recuperaci\u00f3n de vuestros puestos de trabajo y la denuncia de que las multinacionales tienen como \u00fanico objetivo mejorar sus resultados econ\u00f3micos a pesar de las sustanciosas aportaciones de los poderes p\u00fablicos.<\/p>\n<p>O pedimos que no cej\u00e9is en el empe\u00f1o de preservar los puestos de trabajo de 200 trabajadores y trabajadoras afectados y no ced\u00e1is ni un \u00e1pice en vuestras reivindicaciones.<\/p>\n<p>Exijamos a los poderes p\u00fablicos que defiendan todos y cada uno de los puestos de trabajo y no permitan los planes de Nobel Plastiques Nobel<\/p>\n<p><strong>SOLIDARIDAD CON LOS TRABAJADORES Y LAS TRABAJADORAS&nbsp;<\/strong><\/p>\n<p><strong>LOS PUESTOS DE TRABAJO SE DEFIENDEN<\/strong><\/p>\n<p><strong>GOVERNI QUI GOVERNI LES PENSIONS ES DEFENSEN<\/strong><\/p>","protected":false},"excerpt":{"rendered":"<p>Movimientos Sociales LA MAREA PENSIONISTA SE SOLIDARIZA CON Acciona Desde la Marea Pensionista de Catalu\u00f1a queremos mostrar nuestra solidaridad ante vuestra lucha frente a las acciones de la empresa en la aplicaci\u00f3n del ERE que afecta a 500 trabajadores y trabajadoras. Apoyamos vuestra lucha por la recuperaci\u00f3n de vuestros puestos de trabajo en las factor\u00edas&hellip;&nbsp;<a href=\"http:\/\/mareapensionista.org\/ca\/movimiento-social\/\" class=\"\" rel=\"bookmark\">Read More &raquo;<span class=\"screen-reader-text\">Movimiento social<\/span><\/a><\/p>","protected":false},"author":1,"featured_media":0,"parent":0,"menu_order":0,"comment_status":"closed","ping_status":"open","template":"","meta":{"neve_meta_sidebar":"full-width","neve_meta_container":"","neve_meta_enable_content_width":"on","neve_meta_content_width":100,"neve_meta_title_alignment":"","neve_meta_author_avatar":"","neve_post_elements_order":"","neve_meta_disable_header":"","neve_meta_disable_footer":"","neve_meta_disable_title":"","_ti_tpc_template_sync":false,"_ti_tpc_template_id":"","_mc_calendar":[],"footnotes":""},"class_list":["post-42","page","type-page","status-publish","hentry"],"_links":{"self":[{"href":"http:\/\/mareapensionista.org\/ca\/wp-json\/wp\/v2\/pages\/42","targetHints":{"allow":["GET"]}}],"collection":[{"href":"http:\/\/mareapensionista.org\/ca\/wp-json\/wp\/v2\/pages"}],"about":[{"href":"http:\/\/mareapensionista.org\/ca\/wp-json\/wp\/v2\/types\/page"}],"author":[{"embeddable":true,"href":"http:\/\/mareapensionista.org\/ca\/wp-json\/wp\/v2\/users\/1"}],"replies":[{"embeddable":true,"href":"http:\/\/mareapensionista.org\/ca\/wp-json\/wp\/v2\/comments?post=42"}],"version-history":[{"count":18,"href":"http:\/\/mareapensionista.org\/ca\/wp-json\/wp\/v2\/pages\/42\/revisions"}],"predecessor-version":[{"id":1561,"href":"http:\/\/mareapensionista.org\/ca\/wp-json\/wp\/v2\/pages\/42\/revisions\/1561"}],"wp:attachment":[{"href":"http:\/\/mareapensionista.org\/ca\/wp-json\/wp\/v2\/media?parent=42"}],"curies":[{"name":"wp","href":"https:\/\/api.w.org\/{rel}","templated":true}]}}