{"id":4243,"date":"2024-01-07T21:44:35","date_gmt":"2024-01-07T19:44:35","guid":{"rendered":"https:\/\/mareapensionista.org\/?page_id=4243"},"modified":"2024-01-09T19:53:36","modified_gmt":"2024-01-09T17:53:36","slug":"9-82-los-recortes-no-se-hicieron-para-salvar-a-la-banca-sino-a-los-ahorradores","status":"publish","type":"page","link":"http:\/\/mareapensionista.org\/ca\/9-82-los-recortes-no-se-hicieron-para-salvar-a-la-banca-sino-a-los-ahorradores\/","title":{"rendered":"5.2 LA CONGELACI\u00d3N DE LAS PENSIONES NO SE HIZO PARA SALVAR A LA BANCA, SINO A LOS AHORRADORES"},"content":{"rendered":"<p>A Espanya, l'Estat garanteix per llei que en cas de fallida d'un banc ell se\u2019n far\u00e0 c\u00e0rrec i garantir\u00e0 els comptes corrents, les llibretes d'estalvi i els terminis fixos fins a la quantitat de 100.000 \u20ac. Aix\u00f2 \u00e9s \"salvar\" o \"rescatar\u201d els estalviadors.<br>L'Estat va retallar pensions, sanitat, educaci\u00f3 i es va endeutar per donar als bancs en situaci\u00f3 de fallida els diners que devien a bancs estrangers, principalment alemanys. Aix\u00f2 \u00e9s \"salvar\" o \"rescatar\" els bancs, especialment als alemanys, convertint el deute privat de bancs i caixes d'estalvis espanyoles a bancs estrangers en deute de tots els espanyols.<\/p>\n\n\n\n<p>En Islandia el Estado dejo quebrar a los principales bancos, encarcel\u00f3 a los banqueros y cre\u00f3 nuevos bancos que garantizaron los depositos de los ahorradores islandeses en los bancos quebrados, pero se desentendieron de las deudas de los bancos quebrados ten\u00edan con bancos extranjeros. El Estado tambi\u00e9n se endeud\u00f3, pero menos, pues escuch\u00f3 al pueblo y solo garantiz\u00f3 lo que el pueblo island\u00e9s quiso y vot\u00f3.<br>Islandia super\u00f3 su crisis m\u00e1s deprisa que Espa\u00f1a y creci\u00f3 en el 2016 un 7,2%, m\u00e1s que el doble que Espa\u00f1a. Ahora vive un boom econ\u00f3mico (con riesgo de burbuja) y con menos de un 3% de paro. El miedo a las imposiciones de una troika de la Uni\u00f3n Europea ha provocado el que haya desparecido el inter\u00e9s que ten\u00edan por ser miembros de la Uni\u00f3n Europea<\/p>","protected":false},"excerpt":{"rendered":"<p>En Espa\u00f1a, el Estado garantiza por ley que en caso de quiebra de un banco se har\u00e1 cargo y garantizar\u00e1 las cuentas corrientes, las libretas de ahorro y los plazos fijos hasta la cantidad de 100.000\u20ac. Esto es \u201csalvar\u201d o \u00abrescatar\u00bb a los ahorradores.El Estado recort\u00f3 pensiones, sanidad, educaci\u00f3n y se endeud\u00f3 para dar a&hellip;&nbsp;<a href=\"http:\/\/mareapensionista.org\/ca\/9-82-los-recortes-no-se-hicieron-para-salvar-a-la-banca-sino-a-los-ahorradores\/\" class=\"\" rel=\"bookmark\">Read More &raquo;<span class=\"screen-reader-text\">5.2 LA CONGELACI\u00d3N DE LAS PENSIONES NO SE HIZO PARA SALVAR A LA BANCA, SINO A LOS AHORRADORES<\/span><\/a><\/p>","protected":false},"author":4,"featured_media":0,"parent":0,"menu_order":0,"comment_status":"closed","ping_status":"closed","template":"","meta":{"neve_meta_sidebar":"full-width","neve_meta_container":"","neve_meta_enable_content_width":"on","neve_meta_content_width":100,"neve_meta_title_alignment":"","neve_meta_author_avatar":"","neve_post_elements_order":"","neve_meta_disable_header":"","neve_meta_disable_footer":"","neve_meta_disable_title":"","_ti_tpc_template_sync":false,"_ti_tpc_template_id":"","_mc_calendar":[],"footnotes":""},"class_list":["post-4243","page","type-page","status-publish","hentry"],"_links":{"self":[{"href":"http:\/\/mareapensionista.org\/ca\/wp-json\/wp\/v2\/pages\/4243","targetHints":{"allow":["GET"]}}],"collection":[{"href":"http:\/\/mareapensionista.org\/ca\/wp-json\/wp\/v2\/pages"}],"about":[{"href":"http:\/\/mareapensionista.org\/ca\/wp-json\/wp\/v2\/types\/page"}],"author":[{"embeddable":true,"href":"http:\/\/mareapensionista.org\/ca\/wp-json\/wp\/v2\/users\/4"}],"replies":[{"embeddable":true,"href":"http:\/\/mareapensionista.org\/ca\/wp-json\/wp\/v2\/comments?post=4243"}],"version-history":[{"count":6,"href":"http:\/\/mareapensionista.org\/ca\/wp-json\/wp\/v2\/pages\/4243\/revisions"}],"predecessor-version":[{"id":4368,"href":"http:\/\/mareapensionista.org\/ca\/wp-json\/wp\/v2\/pages\/4243\/revisions\/4368"}],"wp:attachment":[{"href":"http:\/\/mareapensionista.org\/ca\/wp-json\/wp\/v2\/media?parent=4243"}],"curies":[{"name":"wp","href":"https:\/\/api.w.org\/{rel}","templated":true}]}}