{"id":4245,"date":"2024-01-07T21:39:10","date_gmt":"2024-01-07T19:39:10","guid":{"rendered":"https:\/\/mareapensionista.org\/?page_id=4245"},"modified":"2024-01-09T20:55:13","modified_gmt":"2024-01-09T18:55:13","slug":"9-63-la-marea-pensionista-exagera-al-pedir-una-pension-minima-de-1080e","status":"publish","type":"page","link":"http:\/\/mareapensionista.org\/ca\/9-63-la-marea-pensionista-exagera-al-pedir-una-pension-minima-de-1080e\/","title":{"rendered":"3.3 LA MAREA PENSIONISTA EXAGERA AL PEDIR UNA PENSI\u00d3N M\u00cdNIMA DE 1080\u20ac"},"content":{"rendered":"<p>En primer lloc, el que diem exactament \u00e9s \u00abavan\u00e7ar cap a un model\u00bb en qu\u00e8 1080 \u20ac sigui la pensi\u00f3 i el salari m\u00ednim.<\/p>\n\n\n\n<p>En segon lloc, no som la Marea Pensionista els \u00abinventors\u00bb dels 1080 \u20ac.<br>No ha estat la Marea Pensionista qui ha posat a la Carta Social Europea, declarada oficialment com la Constituci\u00f3 Social Europea, que els salaris m\u00ednims no haurien de ser inferiors a Espanya a 1080 \u20ac.<\/p>\n\n\n\n<p>Han estat els pol\u00edtics europeus els qui han acordat que el salari m\u00ednim ha de ser el 60% del salari mitj\u00e0. I fem notar que el Grup Popular i els grups liberals s\u00f3n majoria a la Uni\u00f3 Europea! Sembla que a aquests pol\u00edtics els agrada posar a les constitucions cl\u00e0usules socials \u201cper fer bonic\u201d, per\u00f2 no per ser complertes. I despr\u00e9s es burlen dels que se les creuen i exigeixen que es compleixin.<\/p>\n\n\n\n<p>Lo \u00fanico que hace la Marea es constatar que en nuestro pa\u00eds las pensiones, cuando han de pagar los impuestos del IRPF, se los trata como salarios (salarios en diferido que compensan de la parte del salario que se entreg\u00f3 al Estado cuando trabajabamos, en forma de cotizaciones). Actualmente las pensiones pagan los mismos impuestos que los salarios, muy superiores en porcentaje al impuesto de sociedades que pagan las empresas o al que se paga por las ganancias en bolsa o por la gran especulaci\u00f3n inmobiliaria. Luego es justo que se les aplique la directriz de la Carta Social Europea que fija el m\u00ednimo de 1080\u20ac.<\/p>\n\n\n\n<p>Por esto exigimos a los pol\u00edticos&nbsp;que se pongan manos a la obra para conseguirlo, en lugar de ir en la direcci\u00f3n contraria.<\/p>\n\n\n\n<p>Porque a veces se va en la direcci\u00f3n contraria. En la Constituci\u00f3n espa\u00f1ola se reconoce el derecho a la vivienda y en vez de progresar en este aspecto, cada vez tenemos m\u00e1s dificultades en disponer de ella.\u00a0Tambi\u00e9n en la Constituci\u00f3n espa\u00f1ola se habla del derecho a unas pensiones actualizadas y en cambio, los pensionistas hemos de luchar duramente para continuar cobrando lo mismo, porque un aumento seg\u00fan el IPC es cobrar lo mismo (en cambio. vemos como se ha disparado el n\u00famero de millonarios y como se reparte la riqueza del pa\u00eds) Conclusi\u00f3n: para muchos pol\u00edticos las Constituciones son sagradas para todo, menos para los derechos sociales que contienen.<\/p>","protected":false},"excerpt":{"rendered":"<p>En primer lugar, lo que decimos exactamente es \u00abavanzar hacia un modelo\u00bb en el que 1080\u20ac sea la pensi\u00f3n y el salario m\u00ednimo. En segundo lugar, no somos la Marea Pensionista los \u00abinventores\u00bb de los 1080 \u20ac.No ha sido la Marea Pensionista quien ha puesto en la Carta Social Europea, declarada oficialmente como la Constituci\u00f3n&hellip;&nbsp;<a href=\"http:\/\/mareapensionista.org\/ca\/9-63-la-marea-pensionista-exagera-al-pedir-una-pension-minima-de-1080e\/\" class=\"\" rel=\"bookmark\">Read More &raquo;<span class=\"screen-reader-text\">3.3 LA MAREA PENSIONISTA EXAGERA AL PEDIR UNA PENSI\u00d3N M\u00cdNIMA DE 1080\u20ac<\/span><\/a><\/p>","protected":false},"author":4,"featured_media":0,"parent":0,"menu_order":0,"comment_status":"closed","ping_status":"closed","template":"","meta":{"neve_meta_sidebar":"full-width","neve_meta_container":"","neve_meta_enable_content_width":"on","neve_meta_content_width":100,"neve_meta_title_alignment":"","neve_meta_author_avatar":"","neve_post_elements_order":"","neve_meta_disable_header":"","neve_meta_disable_footer":"","neve_meta_disable_title":"","_ti_tpc_template_sync":false,"_ti_tpc_template_id":"","_mc_calendar":[],"footnotes":""},"class_list":["post-4245","page","type-page","status-publish","hentry"],"_links":{"self":[{"href":"http:\/\/mareapensionista.org\/ca\/wp-json\/wp\/v2\/pages\/4245","targetHints":{"allow":["GET"]}}],"collection":[{"href":"http:\/\/mareapensionista.org\/ca\/wp-json\/wp\/v2\/pages"}],"about":[{"href":"http:\/\/mareapensionista.org\/ca\/wp-json\/wp\/v2\/types\/page"}],"author":[{"embeddable":true,"href":"http:\/\/mareapensionista.org\/ca\/wp-json\/wp\/v2\/users\/4"}],"replies":[{"embeddable":true,"href":"http:\/\/mareapensionista.org\/ca\/wp-json\/wp\/v2\/comments?post=4245"}],"version-history":[{"count":4,"href":"http:\/\/mareapensionista.org\/ca\/wp-json\/wp\/v2\/pages\/4245\/revisions"}],"predecessor-version":[{"id":4412,"href":"http:\/\/mareapensionista.org\/ca\/wp-json\/wp\/v2\/pages\/4245\/revisions\/4412"}],"wp:attachment":[{"href":"http:\/\/mareapensionista.org\/ca\/wp-json\/wp\/v2\/media?parent=4245"}],"curies":[{"name":"wp","href":"https:\/\/api.w.org\/{rel}","templated":true}]}}