{"id":4301,"date":"2024-01-07T21:56:17","date_gmt":"2024-01-07T19:56:17","guid":{"rendered":"https:\/\/mareapensionista.org\/?page_id=4301"},"modified":"2024-01-09T20:26:10","modified_gmt":"2024-01-09T18:26:10","slug":"9-71-la-estafa-con-la-hucha-de-las-pensiones","status":"publish","type":"page","link":"http:\/\/mareapensionista.org\/ca\/9-71-la-estafa-con-la-hucha-de-las-pensiones\/","title":{"rendered":"4.1 LA ESTAFA CON LA HUCHA DE LAS PENSIONES"},"content":{"rendered":"<p>El primer mes, del primer a\u00f1o en que se cre\u00f3 el sistema P\u00fablico de Pensiones \u00bfCu\u00e1ntos pensionistas hab\u00eda? L\u00f3gicamente hab\u00eda cero personas con derecho a cobrar una pensi\u00f3n contributiva. Y \u00bfcuantos trabajadores cotizaron aquel mes? cinco millones, seis, siete. Sobr\u00f3 pues una cifra colosal de dinero. Y durante meses y a\u00f1os han sobrado cifras colosales. Hoy en d\u00eda, si este dinero los pol\u00edticos lo hubiesen puesto en una \u00abhucha\u00bb, tendr\u00edamos unos 800.000 millones de euros. Se podr\u00edan asegurar las pensiones durante los pr\u00f3ximos 50 a\u00f1os y pagar la jubilaci\u00f3n a los de la generaci\u00f3n del \u00abbaby boom\u00bb sin problema<\/p>\n\n\n\n<p>\u00bfQu\u00e9 pas\u00f3? Pues que los pol\u00edticos, empezando por Franco y los que vinieron luego, les dijeron a los pensionistas: \u00abNo! Estos 800.000 millones de euros no ir\u00e1n a ninguna hucha. Se los quedar\u00e1 el Estado para hacer cosas que sin este dinero tendr\u00edan que pagarse con impuestos\u00bb. Pero a\u00f1adieron: \u00abTranquilos futuros pensionistas, el Estado se queda vuestra \u201chucha\u201d, pero si un d\u00eda la diferencia entre lo cotizado y lo que hay que pagar es negativa, el Estado pagar\u00e1 la diferencia\u00bb. Los pensionistas se lo creyeron y se quedaron tranquilos. Por cierto, ahora se hace mucha propaganda diciendo que las pensiones han tenido un d\u00e9ficit de tanto. Entonces era un secreto decir cu\u00e1nto dinero de las cotizaciones hab\u00eda sobrado. Por esto, Marea Pensionista pide una Auditoria que diga la cantidad exacta, pues estima que fueron unos 300.000 millones de euros durante la dictadura y unos 500.000 millones durante la democracia, pero no es una cifra exacta.<\/p>\n\n\n\n<p>Pero un d\u00eda, cuando se vislumbr\u00f3 que cada vez sobraba menos dinero y el Estado tendr\u00eda que aportar dinero para pagar las pensiones, un pol\u00edtico listo, el Sr Aznar, cambio la regla y dijo: \u201clos pensionistas han de tener una hucha y es con esta hucha que han de pagar las pensiones si les falta dinero\u201d. Y entonces creo la hucha. \u00bfCon los 800.000, con los 500,000 millones de euros? No!, con cero euros.<\/p>\n\n\n\n<p>Adem\u00e1s fue tan listo que ni siquiera hab\u00eda que poner en la hucha todo el dinero que sobraba de las cotizaciones. El gobierno decid\u00eda que parte iba a la hucha y el Estado sigui\u00f3 qued\u00e1ndose la mayor parte del saldo positivo. El resultado ha sido una hucha raqu\u00edtica que solo ha servido para pagar el d\u00e9ficit de unos pocos a\u00f1os. Por cierto, que hubo una excepci\u00f3n, las pensiones de los miembros de las Fuerzas Armadas siguieron con el sistema antiguo, integradas a los presupuestos del Estado y no ligadas a una hucha creada con cero euros. El Sr. Aznar consider\u00f3 que a las Fuerzas Armadas no se las estafa con huchas vac\u00edas.<\/p>\n\n\n\n<p>Se empez\u00f3 pues con una primera gran estafa qued\u00e1ndose la hucha y siguieron otras y si nos gobiernan pol\u00edticos estafadores comprados por los bancos y sus fondos de pensiones, al final, lograr\u00e1n que el Sistema P\u00fablico de Pensiones se hunda y estafar a todos los que han cotizado.<\/p>\n\n\n\n<p>Esto lo pueden evitar los ocho o nueve millones de pensionistas no votando a los pol\u00edticos que les quieren estafar, a los que no dicen muy clarito lo que van a hacer con las pensiones y que se conforman con decir que quieren que el sistema de pensiones \u201cfuncione\u201d, \u201cno quiebre\u201d, \u201csea sostenible\u201d, sin decir <strong>\u201ccomo\u201d<\/strong>, pues dividiendo lo que cobramos por dos o por tres y jubil\u00e1ndonos a los 75 a\u00f1os seguro que el sistema \u201cfunciona\u201d, \u201cno quiebra\u201d i es \u201csostenible\u201d.<\/p>","protected":false},"excerpt":{"rendered":"<p>El primer mes, del primer a\u00f1o en que se cre\u00f3 el sistema P\u00fablico de Pensiones \u00bfCu\u00e1ntos pensionistas hab\u00eda? L\u00f3gicamente hab\u00eda cero personas con derecho a cobrar una pensi\u00f3n contributiva. Y \u00bfcuantos trabajadores cotizaron aquel mes? cinco millones, seis, siete. Sobr\u00f3 pues una cifra colosal de dinero. Y durante meses y a\u00f1os han sobrado cifras colosales.&hellip;&nbsp;<a href=\"http:\/\/mareapensionista.org\/ca\/9-71-la-estafa-con-la-hucha-de-las-pensiones\/\" class=\"\" rel=\"bookmark\">Read More &raquo;<span class=\"screen-reader-text\">4.1 LA ESTAFA CON LA HUCHA DE LAS PENSIONES<\/span><\/a><\/p>","protected":false},"author":4,"featured_media":0,"parent":0,"menu_order":0,"comment_status":"closed","ping_status":"closed","template":"","meta":{"neve_meta_sidebar":"full-width","neve_meta_container":"","neve_meta_enable_content_width":"on","neve_meta_content_width":100,"neve_meta_title_alignment":"","neve_meta_author_avatar":"","neve_post_elements_order":"","neve_meta_disable_header":"","neve_meta_disable_footer":"","neve_meta_disable_title":"","_ti_tpc_template_sync":false,"_ti_tpc_template_id":"","_mc_calendar":[],"footnotes":""},"class_list":["post-4301","page","type-page","status-publish","hentry"],"_links":{"self":[{"href":"http:\/\/mareapensionista.org\/ca\/wp-json\/wp\/v2\/pages\/4301","targetHints":{"allow":["GET"]}}],"collection":[{"href":"http:\/\/mareapensionista.org\/ca\/wp-json\/wp\/v2\/pages"}],"about":[{"href":"http:\/\/mareapensionista.org\/ca\/wp-json\/wp\/v2\/types\/page"}],"author":[{"embeddable":true,"href":"http:\/\/mareapensionista.org\/ca\/wp-json\/wp\/v2\/users\/4"}],"replies":[{"embeddable":true,"href":"http:\/\/mareapensionista.org\/ca\/wp-json\/wp\/v2\/comments?post=4301"}],"version-history":[{"count":2,"href":"http:\/\/mareapensionista.org\/ca\/wp-json\/wp\/v2\/pages\/4301\/revisions"}],"predecessor-version":[{"id":4350,"href":"http:\/\/mareapensionista.org\/ca\/wp-json\/wp\/v2\/pages\/4301\/revisions\/4350"}],"wp:attachment":[{"href":"http:\/\/mareapensionista.org\/ca\/wp-json\/wp\/v2\/media?parent=4301"}],"curies":[{"name":"wp","href":"https:\/\/api.w.org\/{rel}","templated":true}]}}