{"id":594,"date":"2021-02-13T00:00:00","date_gmt":"2021-02-13T00:00:00","guid":{"rendered":"https:\/\/mareapensionista.org\/?page_id=594"},"modified":"2022-05-18T19:32:47","modified_gmt":"2022-05-18T19:32:47","slug":"television","status":"publish","type":"page","link":"http:\/\/mareapensionista.org\/ca\/television\/","title":{"rendered":"Television"},"content":{"rendered":"<h1>Televisi\u00f3<\/h1>\n<h2>Not\u00edcies Madrid 16 Octubre 2016<\/h2>\n<p>Gran \u00e8xit de la manifestaci\u00f3 de pensionistes a Madrid 16-10-2021.<\/p>\n<p>Al contrari d'altres vegades, la not\u00edcia he estat als mitjans de comunicaci\u00f3, cosa que agra\u00efm.<\/p>\n<p>Aqu\u00ed podeu trobar una s\u00e8rie de links, amb alguna de les publicacions.<\/p>\n<p>\t\t\t\t\t\t\t\t\t<a href=\"\">Rtve<\/a><br \/>\n\t\t\t\t\t\t\t\t\t<a href=\"\">Lasexta.com<\/a><br \/>\n\t\t\t\t\t\t\t\t\t<a href=\"\">Cuatro.com<\/a><br \/>\n\t\t\t\t\t\t\t\t\tRtve<\/p>\n<p><a href=\"https:\/\/www.rtve.es\/noticias\/20211016\/pensionistas-toda-espana-reclaman-madrid-unas-pensiones-justas-suficientes\/2192721.shtml\" target=\"_blank\" rel=\"noopener\">Pensionistes de tot Espanya reclamen unes pensions \u00abjustes i suficients\u00bb <\/a><\/p>\n<p>\t\t\t\t\t\t\t\t\tLasexta.com<\/p>\n<p><a href=\"https:\/\/www.lasexta.com\/noticias\/nacional\/multitudinaria-protesta-madrid-luchar-pensiones-miserables_20211016616afd4595a4560001ad3234.html\" target=\"_blank\" rel=\"noopener\"> Multitudin\u00e0ria protesta a Madrid per lluitar contra les \u00abpensions miserables\u00bb\u00a0<\/a><\/p>\n<p>\t\t\t\t\t\t\t\t\tCuatro.com<\/p>\n<p><a href=\"https:\/\/www.cuatro.com\/cuatroaldia\/findesemana\/manifestacion-pensiones-madird-reforma-gobierno_18_3219571155.html?s=03\" target=\"_blank\" rel=\"noopener\"> Manifestaci\u00f3 per les pensions: marxa a Madrid contra la imminent reforma que planteja el Govern <\/a><\/p>","protected":false},"excerpt":{"rendered":"<p>Televisi\u00f3n Noticias Madrid 16 Octubre 2016 Gran \u00e9xito de la manifestaci\u00f3n de pensionistas en Madrid 16-10-2021. Al contrario de otras veces, la noticia he estado en los medios de comunicaci\u00f3n, cosa que agrademos. Aqu\u00ed pod\u00e9is encontrar una serie de links, con alguna de las publicaciones. Rtve Lasexta.com Cuatro.com Rtve Pensionistas de toda Espa\u00f1a reclaman unas&hellip;&nbsp;<a href=\"http:\/\/mareapensionista.org\/ca\/television\/\" class=\"\" rel=\"bookmark\">Read More &raquo;<span class=\"screen-reader-text\">Television<\/span><\/a><\/p>","protected":false},"author":1,"featured_media":0,"parent":0,"menu_order":0,"comment_status":"closed","ping_status":"open","template":"","meta":{"neve_meta_sidebar":"full-width","neve_meta_container":"","neve_meta_enable_content_width":"on","neve_meta_content_width":100,"neve_meta_title_alignment":"","neve_meta_author_avatar":"","neve_post_elements_order":"","neve_meta_disable_header":"","neve_meta_disable_footer":"","neve_meta_disable_title":"","_ti_tpc_template_sync":false,"_ti_tpc_template_id":"","_mc_calendar":[],"footnotes":""},"class_list":["post-594","page","type-page","status-publish","hentry"],"_links":{"self":[{"href":"http:\/\/mareapensionista.org\/ca\/wp-json\/wp\/v2\/pages\/594","targetHints":{"allow":["GET"]}}],"collection":[{"href":"http:\/\/mareapensionista.org\/ca\/wp-json\/wp\/v2\/pages"}],"about":[{"href":"http:\/\/mareapensionista.org\/ca\/wp-json\/wp\/v2\/types\/page"}],"author":[{"embeddable":true,"href":"http:\/\/mareapensionista.org\/ca\/wp-json\/wp\/v2\/users\/1"}],"replies":[{"embeddable":true,"href":"http:\/\/mareapensionista.org\/ca\/wp-json\/wp\/v2\/comments?post=594"}],"version-history":[{"count":36,"href":"http:\/\/mareapensionista.org\/ca\/wp-json\/wp\/v2\/pages\/594\/revisions"}],"predecessor-version":[{"id":3525,"href":"http:\/\/mareapensionista.org\/ca\/wp-json\/wp\/v2\/pages\/594\/revisions\/3525"}],"wp:attachment":[{"href":"http:\/\/mareapensionista.org\/ca\/wp-json\/wp\/v2\/media?parent=594"}],"curies":[{"name":"wp","href":"https:\/\/api.w.org\/{rel}","templated":true}]}}