{"id":1480,"date":"2020-10-28T00:00:00","date_gmt":"2020-10-28T00:00:00","guid":{"rendered":"https:\/\/mareapensionista.org\/reivindicaciones-2\/"},"modified":"2022-08-02T10:40:49","modified_gmt":"2022-08-02T08:40:49","slug":"reivindicaciones","status":"publish","type":"page","link":"https:\/\/mareapensionista.org\/ca\/reivindicaciones\/","title":{"rendered":"Reivindicacions"},"content":{"rendered":"<h1>Reivindicacions<\/h1>\n<h1>LES NOSTRES REIVINDICACIONS S\u00d3N LES SEG\u00dcENTS:<\/h1>\n<h3>BLOC LEGAL<\/h3>\n<p>1.- Pensions com un dret constitucional, amb car\u00e0cter de dret fonamental, complementant les cotitzacions socials amb aportacions finalistes i no amb pr\u00e9stecs a la Seguretat Social que donen falsa imatge d'endeutament.<br \/>2.- Restablir la Jubilaci\u00f3 Ordin\u00e0ria als 65 anys.<br \/>3.-Jubilaci\u00f3 anticipada sense penalitzar amb 40 o m\u00e9s anys de cotitzaci\u00f3.<br \/>4.- Incorporar a el R\u00e8gim General de la Seguretat Social de tots els r\u00e8gims especials.<br \/>5.- Derogaci\u00f3 de les Reformes Laborals de 2010 i 2012 i de les Reformes de les Pensions de 2011 i 2013<br \/>6.- Oposici\u00f3 i rebuig a l'Pacte de Toledo.<br \/>7.- Exigir la derogaci\u00f3 de la reforma de l'article 135 de la Constituci\u00f3.<\/p>\n<h3>BLOC ECON\u00d2MIC<\/h3>\n<p>1.- La Pensi\u00f3 m\u00ednima, sigui quin sigui el seu r\u00e8gim i tipus ha d'igualar-ho immediatament a l'SMI i, juntament amb ell, arribar a, al m\u00e9s aviat possible, el 60% de l'Salari Medi Nacional, segons recomanaci\u00f3 de la Carta Social Europea.<br \/>2.- Les pensions es revaloritzaran autom\u00e0tica i anualment basant-se l'IPC. Proposem l'elaboraci\u00f3 d'un IPC aplicable a les pensions recalculat segons la cistella de la compra mitjana de les persones pensionistes.<br \/>3.- Actualitzaci\u00f3 i recuperaci\u00f3 econ\u00f2mica de les pensions basant-se l'IPC acumulat des de l'any 2011<br \/>4.- Pensions m\u00ednimes amb quantia digna per sobreviure.<br \/>5.- Combatre el frau fiscal dels falsos aut\u00f2noms i aut\u00f2nomes.<br \/>6.- Reforma fiscal justa i progressiva. Persecuci\u00f3 de l'frau fiscal, de l'economia submergida, de la utilitzaci\u00f3 de paradisos fiscals i de el frau laboral.<\/p>\n<h3>BLOC SOCIAL:<\/h3>\n<p>1.- Homologaci\u00f3 de les Prestacions per incapacitat a nivells europeus.<br \/>2.- Eliminar la doble tributaci\u00f3 dels diferents tipus de pensions.<br \/>3.- Desaparici\u00f3 de la Bretxa de g\u00e8nere en les pensions.<br \/>4.- Ple i immediat funcionament de la Llei de la Depend\u00e8ncia.<br \/>5.- Eliminar tot tipus de copagament i \/ o repagament. Restablir els drets sanitaris.<br \/>6.- Garantir els serveis b\u00e0sics (energia, aigua ..) per a les rendes m\u00e9s baixes.<br \/>7.- Atenci\u00f3 digna i integral (infraestructures i serveis) per a la gent gran.<br \/>8.- Reivindicaci\u00f3 i ple desenvolupament dels drets humans.<br \/>9.- Defensa dels Serveis p\u00fablics.<br \/>10.- Pensions de vidu\u00eftat a el 100%.<\/p>","protected":false},"excerpt":{"rendered":"<p>Reivindicaciones NUESTRAS REIVINDICACIONES SON LAS SIGUIENTES: BLOQUE LEGAL 1.- Pensiones como un derecho constitucional, con car\u00e1cter de derecho fundamental, complementando las cotizaciones sociales con aportaciones finalistas y no con pr\u00e9stamos a la Seguridad Social que dan falsa imagen de endeudamiento.2.- Restablecer la Jubilaci\u00f3n Ordinaria a los 65 a\u00f1os.3.-Jubilaci\u00f3n anticipada sin penalizar con 40 o m\u00e1s&hellip;&nbsp;<a href=\"https:\/\/mareapensionista.org\/ca\/reivindicaciones\/\" class=\"\" rel=\"bookmark\">Read More &raquo;<span class=\"screen-reader-text\">Reivindicacions<\/span><\/a><\/p>","protected":false},"author":1,"featured_media":0,"parent":0,"menu_order":0,"comment_status":"closed","ping_status":"open","template":"","meta":{"neve_meta_sidebar":"","neve_meta_container":"","neve_meta_enable_content_width":"","neve_meta_content_width":0,"neve_meta_title_alignment":"","neve_meta_author_avatar":"","neve_post_elements_order":"","neve_meta_disable_header":"","neve_meta_disable_footer":"","neve_meta_disable_title":"","_ti_tpc_template_sync":false,"_ti_tpc_template_id":"","_mc_calendar":[],"footnotes":""},"class_list":["post-1480","page","type-page","status-publish","hentry"],"_links":{"self":[{"href":"https:\/\/mareapensionista.org\/ca\/wp-json\/wp\/v2\/pages\/1480","targetHints":{"allow":["GET"]}}],"collection":[{"href":"https:\/\/mareapensionista.org\/ca\/wp-json\/wp\/v2\/pages"}],"about":[{"href":"https:\/\/mareapensionista.org\/ca\/wp-json\/wp\/v2\/types\/page"}],"author":[{"embeddable":true,"href":"https:\/\/mareapensionista.org\/ca\/wp-json\/wp\/v2\/users\/1"}],"replies":[{"embeddable":true,"href":"https:\/\/mareapensionista.org\/ca\/wp-json\/wp\/v2\/comments?post=1480"}],"version-history":[{"count":33,"href":"https:\/\/mareapensionista.org\/ca\/wp-json\/wp\/v2\/pages\/1480\/revisions"}],"predecessor-version":[{"id":3632,"href":"https:\/\/mareapensionista.org\/ca\/wp-json\/wp\/v2\/pages\/1480\/revisions\/3632"}],"wp:attachment":[{"href":"https:\/\/mareapensionista.org\/ca\/wp-json\/wp\/v2\/media?parent=1480"}],"curies":[{"name":"wp","href":"https:\/\/api.w.org\/{rel}","templated":true}]}}