{"id":1827,"date":"2021-10-26T08:06:20","date_gmt":"2021-10-26T08:06:20","guid":{"rendered":"https:\/\/mareapensionista.org\/?page_id=1827"},"modified":"2022-05-18T19:51:26","modified_gmt":"2022-05-18T19:51:26","slug":"campanas","status":"publish","type":"page","link":"https:\/\/mareapensionista.org\/ca\/campanas\/","title":{"rendered":"Campa\u00f1as"},"content":{"rendered":"<h2>Campa\u00f1as<\/h2>\n<h2>Barcelona 12\/02\/2022<\/h2>\n<p>\t\t\t\t\t\t\t\t\t\t\t\t<img decoding=\"async\" width=\"216\" height=\"300\" src=\"https:\/\/mareapensionista.org\/wp-content\/uploads\/2022\/04\/WhatsApp-Image-2022-03-23-at-12.20.09-PM-1-216x300.jpeg\" alt=\"\" loading=\"lazy\" srcset=\"https:\/\/mareapensionista.org\/wp-content\/uploads\/2022\/04\/WhatsApp-Image-2022-03-23-at-12.20.09-PM-1-216x300.jpeg 216w, https:\/\/mareapensionista.org\/wp-content\/uploads\/2022\/04\/WhatsApp-Image-2022-03-23-at-12.20.09-PM-1-737x1024.jpeg 737w, https:\/\/mareapensionista.org\/wp-content\/uploads\/2022\/04\/WhatsApp-Image-2022-03-23-at-12.20.09-PM-1-768x1068.jpeg 768w, https:\/\/mareapensionista.org\/wp-content\/uploads\/2022\/04\/WhatsApp-Image-2022-03-23-at-12.20.09-PM-1-1105x1536.jpeg 1105w, https:\/\/mareapensionista.org\/wp-content\/uploads\/2022\/04\/WhatsApp-Image-2022-03-23-at-12.20.09-PM-1-9x12.jpeg 9w, https:\/\/mareapensionista.org\/wp-content\/uploads\/2022\/04\/WhatsApp-Image-2022-03-23-at-12.20.09-PM-1.jpeg 1151w\" sizes=\"auto, (max-width: 216px) 100vw, 216px\" \/>\t\t\t\t\t\t\t\t\t\t\t\t\t\t<\/p>\n<p>El 12 de Febrero del 2022.<\/p>\n<p><a href=\"https:\/\/mareapensionista.org\/ca\/barcelona-2022-02\/\"><strong>Aqu\u00ed<\/strong><\/a> obtindr\u00e0s tota la informaci\u00f3.<\/p>\n<h2>Madrid 16\/10\/2021<\/h2>\n<p>\t\t\t\t\t\t\t\t\t\t\t\t<img decoding=\"async\" width=\"300\" height=\"300\" src=\"https:\/\/mareapensionista.org\/wp-content\/uploads\/2021\/10\/Cartel2-300x300.jpg\" alt=\"\" loading=\"lazy\" srcset=\"https:\/\/mareapensionista.org\/wp-content\/uploads\/2021\/10\/Cartel2-300x300.jpg 300w, https:\/\/mareapensionista.org\/wp-content\/uploads\/2021\/10\/Cartel2-1024x1024.jpg 1024w, https:\/\/mareapensionista.org\/wp-content\/uploads\/2021\/10\/Cartel2-150x150.jpg 150w, https:\/\/mareapensionista.org\/wp-content\/uploads\/2021\/10\/Cartel2-768x768.jpg 768w, https:\/\/mareapensionista.org\/wp-content\/uploads\/2021\/10\/Cartel2-12x12.jpg 12w, https:\/\/mareapensionista.org\/wp-content\/uploads\/2021\/10\/Cartel2.jpg 1080w\" sizes=\"auto, (max-width: 300px) 100vw, 300px\" \/>\t\t\t\t\t\t\t\t\t\t\t\t\t\t<\/p>\n<p>El 16 d'octubre de 2021 els pensionistes ens hem tornat a manifestar a\u00a0<strong>Madrid<\/strong>\u00a0en defensa de les pensions p\u00fabliques. Els teus drets no es defensen des del sof\u00e0 de casa teva, ni tan sols des de les Institucions, sin\u00f3 des del carrer. Madrid ha estat un clam contra la privatitzaci\u00f3 del sistema p\u00fablic!\u00a0<a href=\"https:\/\/mareapensionista.org\/ca\/madrid-2021-10\/\"><strong>Aqu\u00ed<\/strong><\/a>\u00a0obtindr\u00e0s tota la informaci\u00f3.<\/p>\n<h2>Barcelona 13\/11\/2021<\/h2>\n<p>\t\t\t\t\t\t\t\t\t\t\t\t<img decoding=\"async\" width=\"768\" height=\"432\" src=\"https:\/\/mareapensionista.org\/wp-content\/uploads\/2021\/12\/IMG-20211114-WA0010-768x432.jpg\" alt=\"\" loading=\"lazy\" srcset=\"https:\/\/mareapensionista.org\/wp-content\/uploads\/2021\/12\/IMG-20211114-WA0010-768x432.jpg 768w, https:\/\/mareapensionista.org\/wp-content\/uploads\/2021\/12\/IMG-20211114-WA0010-300x169.jpg 300w, https:\/\/mareapensionista.org\/wp-content\/uploads\/2021\/12\/IMG-20211114-WA0010-1024x576.jpg 1024w, https:\/\/mareapensionista.org\/wp-content\/uploads\/2021\/12\/IMG-20211114-WA0010-1536x864.jpg 1536w, https:\/\/mareapensionista.org\/wp-content\/uploads\/2021\/12\/IMG-20211114-WA0010-18x10.jpg 18w, https:\/\/mareapensionista.org\/wp-content\/uploads\/2021\/12\/IMG-20211114-WA0010.jpg 1600w\" sizes=\"auto, (max-width: 768px) 100vw, 768px\" \/>\t\t\t\t\t\t\t\t\t\t\t\t\t\t<\/p>\n<p>El 13 de novembre de 2021 Associacions de pensionistes han estat manifestades pel centre de Barcelona contra la p\u00e8rdua del poder adquisitiu de les pensions i que es vulgui incrementar les cotitzacions a la Seguretat Social! <a href=\"https:\/\/mareapensionista.org\/ca\/barcelona-2021-11\/\"><strong>Aqu\u00ed<\/strong><\/a> obtindr\u00e0s tota la informaci\u00f3.<\/p>","protected":false},"excerpt":{"rendered":"<p>Campa\u00f1as Barcelona 12\/02\/2022 El 12 de Febrero del 2022. Aqu\u00ed obtendr\u00e1s toda la informaci\u00f3n. Madrid 16\/10\/2021 El 16 de octubre de 2021 los pensionistas nos hemos vuelto a manifestar en\u00a0Madrid\u00a0en defensa de las pensiones p\u00fablicas. Tus derechos no se defienden desde el sof\u00e1 de tu casa, ni siquiera s\u00f3lo desde las Instituciones, sino desde la&hellip;&nbsp;<a href=\"https:\/\/mareapensionista.org\/ca\/campanas\/\" class=\"\" rel=\"bookmark\">Read More &raquo;<span class=\"screen-reader-text\">Campa\u00f1as<\/span><\/a><\/p>","protected":false},"author":1,"featured_media":0,"parent":0,"menu_order":0,"comment_status":"closed","ping_status":"closed","template":"","meta":{"neve_meta_sidebar":"full-width","neve_meta_container":"","neve_meta_enable_content_width":"on","neve_meta_content_width":100,"neve_meta_title_alignment":"","neve_meta_author_avatar":"","neve_post_elements_order":"","neve_meta_disable_header":"","neve_meta_disable_footer":"","neve_meta_disable_title":"","_ti_tpc_template_sync":false,"_ti_tpc_template_id":"","_mc_calendar":[],"footnotes":""},"class_list":["post-1827","page","type-page","status-publish","hentry"],"_links":{"self":[{"href":"https:\/\/mareapensionista.org\/ca\/wp-json\/wp\/v2\/pages\/1827","targetHints":{"allow":["GET"]}}],"collection":[{"href":"https:\/\/mareapensionista.org\/ca\/wp-json\/wp\/v2\/pages"}],"about":[{"href":"https:\/\/mareapensionista.org\/ca\/wp-json\/wp\/v2\/types\/page"}],"author":[{"embeddable":true,"href":"https:\/\/mareapensionista.org\/ca\/wp-json\/wp\/v2\/users\/1"}],"replies":[{"embeddable":true,"href":"https:\/\/mareapensionista.org\/ca\/wp-json\/wp\/v2\/comments?post=1827"}],"version-history":[{"count":114,"href":"https:\/\/mareapensionista.org\/ca\/wp-json\/wp\/v2\/pages\/1827\/revisions"}],"predecessor-version":[{"id":3541,"href":"https:\/\/mareapensionista.org\/ca\/wp-json\/wp\/v2\/pages\/1827\/revisions\/3541"}],"wp:attachment":[{"href":"https:\/\/mareapensionista.org\/ca\/wp-json\/wp\/v2\/media?parent=1827"}],"curies":[{"name":"wp","href":"https:\/\/api.w.org\/{rel}","templated":true}]}}