{"id":257,"date":"2020-10-29T00:00:00","date_gmt":"2020-10-29T00:00:00","guid":{"rendered":"https:\/\/mareapensionista.org\/?page_id=257"},"modified":"2022-05-18T19:22:21","modified_gmt":"2022-05-18T19:22:21","slug":"coordinadoras-autonomicas","status":"publish","type":"page","link":"https:\/\/mareapensionista.org\/ca\/coordinadoras-autonomicas\/","title":{"rendered":"Coordinadoras Auton\u00f3micas"},"content":{"rendered":"<h1>Coordinadores Catalunya<\/h1>\n<p><em>Aquest document ha estat debatut i aprovat en el marc de la Coordinadora Extraordin\u00e0ria de la Marea Pensionista \ncelebrada el 13 de juny de 2018 a partir de diverses contribucions al document del Grup de Treball a qu\u00e8 es va \nencarregar1.<\/em><\/p>\n<h2>Principis<\/h2>\n<p>a) Vam optar per una organitzaci\u00f3 de moviment social, no legalitzada jur\u00eddicament, de car\u00e0cter democr\u00e0tic, \ntransversal i assembleari, que t\u00e9 com a objectiu defensar el programa aprovat, que es recorda a l'annex. Som \nun moviment social lliure d'adscripcions ideol\u00f2giques pol\u00edtiques o sindicals, aconfessional, independent de les \nadministracions i que no dep\u00e8n de subvencions. Qualsevol persona que vulgui defensar les pensions p\u00fabliques \npot pert\u00e0nyer a ell si es compromet a la defensa de la seva plataforma. Els partits pol\u00edtics i els sindicats com a \ntals no formen part d'aquest moviment social. A les manifestacions i actes p\u00fablics de Marea Pensionista, en \nnom de la transversalitat s'evitar\u00e0 l'\u00fas preeminent de s\u00edmbols partidistes o sindicals particulars.<\/p>\n<p>b) Tot debat fora de la defensa del programa com\u00fa en defensa del sistema p\u00fablic de pensions queda fora \nd'aquesta organitzaci\u00f3. Tot debat, alian\u00e7a o treball conjunt que serveixi per avan\u00e7ar en el seu programa, \nformar\u00e0 part de la tasca de Marea Pensionista, mantenint el seu esperit transversal i democr\u00e0tic. Des d'aquest \npunt de vista la Marea ha establert i establir\u00e0 aliances i coordinaci\u00f3 amb altres moviments socials que defensin \nels Drets socials.<\/p>\n<p>c) Els acords s'han d'establir sempre que sigui possible per consens. En tot el que no sigui fonamental o urgent, \ns'evit\u00e9s prendre decisions no compartides amb amplitud. Per a les q\u00fcestions en qu\u00e8 s'hagi de decidir, s'opt\u00e9s \nper un principi de delegaci\u00f3, amb un pes de vot basat en la poblaci\u00f3 del territori que les persones delegades \nrepresentin, ja que no existeixen censos certificats de afiliaci\u00f3.<\/p>\n<p>d) La Coordinadora de Catalunya deixar\u00e0 de recon\u00e8ixer qualsevol Assemblea o Coordinadora de Marea \nPensionista que no acati els principis program\u00e0tics aprovats col\u00b7lectivament. Aquest col\u00b7lectiu perdria la seva \ncondici\u00f3 com a part de Marea Pensionista, no podent emprar ni la denominaci\u00f3, ni el logotip en les seves \nactivitats.<\/p>\n<p>e) A cada territori es constitueix una \u00fanica Assemblea o Coordinadora, oberta a totes aquelles persones que \ncomparteixin el programa. A cada organitzaci\u00f3 es respectar\u00e0 la pluralitat, buscant acords i representaci\u00f3 de \ntotes les sensibilitats que puguin formar part del moviment social. En totes les activitats s'intentar\u00e0 mantenir \nla paritat de g\u00e8nere.<\/p>\n<h2>Estructura territorial<\/h2>\n<p>a) La Marea s'organitza en la seva base en assemblees locals o de barris. La seva constituci\u00f3 es legitima amb el full d'inscripci\u00f3 que compromet a l'assemblea local amb el programa i el moviment. Totes elles tenen dret a participar directament en la Coordinadora de Catalunya.<\/p>\n<p>b) La Coordinadora de Catalunya \u00e9s el m\u00e0xim \u00f2rgan d'expressi\u00f3 entre assemblees. \u00c9s obert i els seus delegats en el cas de votar tindran el pes proporcional a la poblaci\u00f3 del seu \u00e0mbit territorial.<\/p>\n<p>c) A partir d'ara, per tal de millorar el funcionament es planteja la creaci\u00f3 d'agrupacions en un territori de les organitzacions locals existents en forma de Coordinadores de Grups Territorials per afinitat o proximitat geogr\u00e0fica. El criteri proposat \u00e9s que les Assemblees locals s'impliquin volunt\u00e0riament en la constituci\u00f3 de les Coordinadores de Grups Territorials. Es proposa obrir un per\u00edode per a la seva creaci\u00f3, en qu\u00e8 ha de prevaler la transversalitat, el consens i la participaci\u00f3. No es poden crear organismes paral\u00b7lels en un mateix territori. L'\u00e0rea d'un Grup Territorial pot ser una gran ciutat, una comarca o una prov\u00edncia, segons decideixin les assemblees que s'associen en ell.<\/p>\n<p>d) A partir de la consolidaci\u00f3 d'aquests Grups Territorials, els seus portaveus podran establir la creaci\u00f3 d'una Taula de Catalunya, que pugui actuar com a secret\u00e0ria redu\u00efda i prendre decisions operatives entre coordinadora i coordinadora. En la mesura que aquest nou organisme funcioni, podran espaiar les reunions de la Coordinadora de Catalunya, sempre per decisi\u00f3 d'aquesta coordinadora.<\/p>\n<h2>Funcionament<\/h2>\n<p>Les diverses estructures de la Marea Pensionista es regeixen pels criteris de funcionament<\/p>\n<p class=\" translation-block\">a) <span style=\"text-decoration: underline\">Periodicitat de les reunions<\/span>. Cada nivell d'organitzaci\u00f3 establir\u00e0 p\u00fablicament la periodicitat de les reunions. \nLes seves sessions seran p\u00fabliques i obertes<\/p>\n<p class=\" translation-block\">b)<span style=\"text-decoration: underline\"> Portaveus i delegats<\/span>. Els diversos nivells d'organitzaci\u00f3 nomenaran les persones que exerceixin com a \nportaveus i delegades\/ts.<\/p>\n<p class=\" translation-block\">c)<span style=\"text-decoration: underline\"> Components de les Comissions<\/span>. Si es dona el cas, els diferents nivells d'organitzaci\u00f3 nomenaran a les persones \nque conformen les comissions de treball.<\/p>\n<p class=\" translation-block\">d) <span style=\"text-decoration: underline\">Activitats<\/span>. Cada nivell de l'organitzaci\u00f3 desenvolupar\u00e0 amb autonomia les activitats que acordi en defensa de \nles pensions p\u00fabliques en el seu territori, procurant sincronitzar aquestes iniciatives amb els acords i \ncompromisos d'acci\u00f3 de la Marea en el seu conjunt. D'altra banda, aportar\u00e0 les idees i propostes oportunes \nals nivells superiors, comunicant tamb\u00e9 les seves experi\u00e8ncies, resultats, dificultats i \u00e8xits.<\/p>\n<p class=\" translation-block\">e) <span style=\"text-decoration: underline\">Ordre del dia<\/span>. La comissi\u00f3 d'organitzaci\u00f3 proposar\u00e0 tres dies abans de cada reuni\u00f3 un ordre del dia. Aquest \ns'aprovar\u00e0 l'inici de la reuni\u00f3. En l'ordre del dia, com a m\u00ednim ha de constar:<\/p>\n<ul>\n<li style=\"list-style-type: none;\">\n<ul>\n<li>L'aprovaci\u00f3 de l'acta anterior<\/li>\n<li>\u00a0<\/li>\n<li>Rep\u00e0s breu de l'execuci\u00f3 de les decisions preses<\/li>\n<li>\u00a0<\/li>\n<li>La informaci\u00f3 de la tasca de les persones que exerceixin com a portaveus, delegats\/des o com \na part de les comissions de treball.<\/li>\n<li>\u00a0<\/li>\n<\/ul>\n<\/li>\n<\/ul>\n<p class=\" translation-block\">f) <span style=\"text-decoration: underline\">Taula<\/span>. Al principi de la reuni\u00f3 es constituir\u00e0 una Mesa. La Mesa es compondr\u00e0 com a m\u00ednim per:<\/p>\n<p style=\"padding-left: 40px;\">1 persona que faci de moderador<\/p>\n<p style=\"padding-left: 40px;\">1 persona que faci secret\u00e0ria d\u2019actes<\/p>\n<ul>\n<li style=\"list-style-type: none;\">\n<ul>\n<li>1 persona que distribueixi la paraula<\/li>\n<li>\u00a0<\/li>\n<\/ul>\n<\/li>\n<\/ul>\n<p class=\" translation-block\">g) <span style=\"text-decoration: underline\">Acte de l'Assemblea<\/span>. Al final de la reuni\u00f3 la persona que exerceixi la Secret\u00e0ria d'Actes redactar\u00e0 un esborrany \nque s'enviar\u00e0 als assistents. Aquests podran proposar els canvis que considerin oportuns i en la seg\u00fcent reuni\u00f3 \ns'aprovar\u00e0 l'acta definitiva. Les actes seran p\u00fabliques i recolliran b\u00e0sicament els acords de la reuni\u00f3<\/p>\n<p class=\" translation-block\">h) <span style=\"text-decoration: underline\">Convocat\u00f2ries extraordin\u00e0ries<\/span>. A petici\u00f3 d'un ter\u00e7 dels membres d'un organisme, la comissi\u00f3 d'organitzaci\u00f3 \nhaur\u00e0 de convocar una reuni\u00f3 extraordin\u00e0ria d'aquest organisme.<\/p>\n<h2>Les Comissions de Treball<\/h2>\n<p>Per desenvolupar el seu treball la Marea Pensionista es dota de Grups de Treball per a tasques puntuals i de \nComissions. Com a principi, qualsevol responsabilitat haur\u00e0 de ser assumida com a m\u00ednim per dues persones, per evitar \nque una situaci\u00f3 d'incapacitat sobrevinguda pugui paralitzar el desenvolupament d'una tasca i com a mesura de \ntranspar\u00e8ncia. Es plantegen com a m\u00ednim les seg\u00fcents comissions de treball, amb les corresponents funcions descrites.<\/p>\n<p><strong><em>a) Comissi\u00f3 de Comunicaci\u00f3<\/em><\/strong><\/p>\n<p>Ha de cobrir la difusi\u00f3 dels acords i continguts tant en l'\u00e0mbit intern del moviment, com de la seva transmissi\u00f3 als \nmitjans de comunicaci\u00f3. La informaci\u00f3 ha de fluir entre totes les Assemblees locals i Coordinadores de Marea Pensio-\nnista a trav\u00e9s de l'equip de persones designat per la Coordinadora. Nom\u00e9s elles s\u00f3n diposit\u00e0ries de les llistes generals \nde correus i nom\u00e9s elles han de dirigir-se al conjunt dels inscrits. Es tracta d'aconseguir establir un flux d'informaci\u00f3 \ncom el que representem en el gr\u00e0fic adjunt.<\/p>\n<p>\t\t\t\t\t\t\t\t\t\t\t\t<img decoding=\"async\" width=\"567\" height=\"343\" src=\"https:\/\/mareapensionista.org\/wp-content\/uploads\/2021\/04\/diagrama.jpg\" alt=\"\" loading=\"lazy\" srcset=\"https:\/\/mareapensionista.org\/wp-content\/uploads\/2021\/04\/diagrama.jpg 567w, https:\/\/mareapensionista.org\/wp-content\/uploads\/2021\/04\/diagrama-300x181.jpg 300w, https:\/\/mareapensionista.org\/wp-content\/uploads\/2021\/04\/diagrama-16x10.jpg 16w\" sizes=\"auto, (max-width: 567px) 100vw, 567px\" \/>\t\t\t\t\t\t\t\t\t\t\t\t\t\t<\/p>\n<p>Les seves tasques concretes s\u00f3n les seg\u00fcents:<\/p>\n<ul>\n<li style=\"list-style-type: none;\">\n<ul>\n<li><strong>Enviament peri\u00f2dic de correus electr\u00f2nics.<\/strong>.<\/li>\n<li class=\" translation-block\"><strong>P\u00e0gina web<\/strong>. Disseny, desenvolupament i manteniment, on tota l'organitzaci\u00f3 es vegi reflectida. Des de \nl'\u00e0mbit de Catalunya es procurar\u00e0 assegurar la formaci\u00f3, coordinaci\u00f3 i suport al conjunt de les iniciatives \nque es desenvolupin en els territoris. S'establiran enlla\u00e7os entre les webs que vagin desenvolupant-se<\/li>\n<li class=\" translation-block\"><strong>Xarxes Socials (RRSS)<\/strong>. - Disseny i desenvolupament d'estrat\u00e8gia de difusi\u00f3 a les Xarxes Socials, en \nconcordan\u00e7a amb les coordinadores de les assemblees locals i comarcals.<\/li>\n<li class=\" translation-block\"><strong>Mitjans de comunicaci\u00f3<\/strong>. \u00c9s a dir, enviar els oportuns comunicats de premsa i mantenir el contacte amb \npremsa, r\u00e0dio i televisi\u00f3<\/li>\n<li>\u00a0<\/li>\n<\/ul>\n<\/li>\n<\/ul>\n<p><strong><em>b) Comissi\u00f3 de Recursos<\/em><\/strong><\/p>\n<p style=\"padding-left: 40px;\">Les seves tasques s\u00f3n les\nseg\u00fcents<\/p>\n<p style=\"padding-left: 40px;\">Buscar i proposar formes de finan\u00e7ament, que no vagin en contra del car\u00e0cter independent de la Marea \nPensionista.<\/p>\n<ul>\n<li style=\"list-style-type: none;\">\n<ul>\n<li>Administrar els recursos disponibles en el conjunt de les localitats, per facilitar els fins de l'organitzaci\u00f3. \nS'establir\u00e0 un inventari de recursos (vehicles, megafonia, locals, carpes, etc.) que permetin el suport mutu \nen el desenvolupament de les activitats.<\/li>\n<li>Aprovisionar els materials de marxandatge.<\/li>\n<li>Aprovisionar de qualsevol element f\u00edsic que es requereixi per aconseguir els fins de l'organitzaci\u00f3 en el \nterritori.<\/li>\n<li class=\" translation-block\">Un <strong>Grup de Tresoreria<\/strong>, administrar\u00e0 els recursos financers presentant, per a la seva aprovaci\u00f3, en cada \nassemblea ordin\u00e0ria, l'estat de comptes<\/li>\n<\/ul>\n<\/li>\n<\/ul>\n<p><strong><em>c) Comissi\u00f3 d\u2019Organitzaci\u00f3<\/em><\/strong><\/p>\n<p>Es responsabilitzar\u00e0 dels aspectes generals de l'organitzaci\u00f3, com ara:<\/p>\n<ul>\n<li>Gesti\u00f3 fulles d'Adhesions<\/li>\n<li>Extensi\u00f3 de la Marea Pensionista al territori.<\/li>\n<li>Coordinar amb la Comissi\u00f3 de Formaci\u00f3 el desenvolupament territorial de les xerrades i activitats de formaci\u00f3<\/li>\n<li>Convocar les reunions de les ordin\u00e0ries i generals<\/li>\n<li>Gestionar la relaci\u00f3 dels inscrits en els diferents nivells organitzatius<\/li>\n<li>Gestionar el Tel\u00e8fon i correu electr\u00f2nic de la coordinadora<\/li>\n<li>Canalitzar la mediaci\u00f3 dels conflictes interns.<\/li>\n<\/ul>\n<p>La Comissi\u00f3 es dotar\u00e0 d'un<strong> Grup d'Esdeveniments<\/strong>, per assegurar dur a terme les activitats de Reserva d'espais, Permisos, Seguretat i la Log\u00edstica necess\u00e0ria per cobrir les accions que acordi la Marea Pensionista.<\/p>\n<p><strong><em>d) Comis si\u00f3 de Formaci\u00f3 i Continguts<\/em><\/strong><\/p>\n<p>Te com a\ntasques cobrir les seg\u00fcents q\u00fcestions.<\/p>\n<ul>\n<li class=\" translation-block\"><em>Jur\u00eddiques <\/em>(proposta d'iniciatives, redacci\u00f3 de possibles demandes, interpretaci\u00f3 de les lleis, suport jur\u00eddic en les demandes, etc.)<\/li>\n<li class=\" translation-block\"><em>Econ\u00f2miques<\/em>  (seguiment de l'evoluci\u00f3 econ\u00f2mica, construcci\u00f3 d'argumentari que permetin contraposar-se a la propaganda del sistema privat de pensions i els seus promotors, elaboraci\u00f3 de materials, etc.)<\/li>\n<li class=\" translation-block\"><em>Desenvolupament de formaci\u00f3, de xerrades i de debats<\/em>. La seva planificaci\u00f3 tindr\u00e0 en compte les organitzacions locals i es coordinar\u00e0 la seva execuci\u00f3 des de la Comissi\u00f3 d'Organitzaci\u00f3. Si no hi ha Assemblea Local, es transmetran les adhesions obtingudes en aquestes activitats a la Comissi\u00f3 d'Organitzaci\u00f3<\/li>\n<li class=\" translation-block\"><em>Relacions institucionals<\/em>. Desenvolupament de propostes de resolucions, seguiment de les que es puguin presentar, interlocuci\u00f3 amb les institucions<\/li>\n<li class=\" translation-block\"><em>Relacions internacionals<\/em>. Coordinaci\u00f3 amb moviments de pensionistes d'altres pa\u00efsos, projecci\u00f3 al Parlament europeu, etc.<\/li>\n<\/ul>\n<h2>Les Relacions amb l\u2019Estat<\/h2>\n<p>a) La Marea Pensionista \u00e9s part fundadora de la Coordinadora Estatal en Defensa del Sistema P\u00fablic de Pensions. A Catalunya \u00e9s l'\u00fanica organitzaci\u00f3 que en forma part.<\/p>\n<p>b) Nom\u00e9s la Coordinadora de Catalunya pot prendre decisions fonamentals. M\u00e9s enll\u00e0 de Catalunya nom\u00e9s hi ha un \u00fanic \u00e0mbit d'interlocuci\u00f3. Cap territori ha d'establir vincles org\u00e0nics, acords o posicions, fora del marc col\u00b7lectiu de la Coordinadora de la Marea Pensionista de Catalunya.<\/p>\n<p>c) Proposarem per al funcionament de la Coordinaci\u00f3 Estatal uns principis similars als que permeten el nostre funcionament, adaptats a la realitat de Comunitats Aut\u00f2nomes que avui hi ha al nostre Estat.<\/p>\n<p>d) Promourem agilitzar la transfer\u00e8ncia d'informaci\u00f3 de les iniciatives estatals (informes, mobilitzacions, propostes, etc.) al conjunt d'Assemblees i afiliats de la Marea Pensionista de Catalunya.<\/p>\n<p style=\"text-align: center;\"><strong>Anexe: Programa de la Marea Pensionista de Catalunya i de la\nCoordinadora Estatal en Defensa del Sistema P\u00fablico de Pensiones<\/strong><\/p>\n<ol>\n<li>Recuperaci\u00f3 del poder adquisitiu de les pensions restituint un model de revaloraci\u00f3 autom\u00e0tica en relaci\u00f3 a l'IPC i el perdut des del 2013.<\/li>\n<li>Derogaci\u00f3 de totes les reformes laborals i de pensions que s'han imposat a partir del 2.010. En particular les contrareformes de pensions del 2011 i 2013, retornant la jubilaci\u00f3 a 65 anys.<\/li>\n<li>Reducci\u00f3 de la bretxa de g\u00e8nere en les pensions fins a la seva desaparici\u00f3.<\/li>\n<li>Dret als subministraments b\u00e0sics garantits (aigua, llum, gas, transport).<\/li>\n<li>Eliminaci\u00f3 de tot tipus de co- o re-pagament i restabliment dels drets sanitaris.<\/li>\n<li>Impedir i revertir la privatitzaci\u00f3 dels serveis p\u00fablics que atenen la gent gran. Ple i immediat funcionament de la Llei de Depend\u00e8ncia.<\/li>\n<li>Avan\u00e7ar cap a un model de pensi\u00f3 i salari m\u00ednim per sobre dels 1080 \u20ac establerts a la carta social europea.<\/li>\n<li>Recon\u00e8ixer les pensions com a dret constitucional. Finan\u00e7ament p\u00fablic de les pensions garantides per llei, obligant que els pressupostos generals de l'Estat assignin a l'efecte les partides que conjunturalment siguin necess\u00e0ries. Aix\u00f2 amb independ\u00e8ncia d'enfortir les cotitzacions socials (eliminar els topalls de cotitzaci\u00f3, incorporar variables respecte a la productivitat, eliminar les tarifes planes, revisar exempcions, etc.)<\/li>\n<li>Incorporar al R\u00e8gim General de la Seguretat Social a les empleades\/empleats de la llar, amb totes les conseq\u00fc\u00e8ncies, inclosa la prestaci\u00f3 per desocupaci\u00f3 i la cobertura de llacunes.<\/li>\n<\/ol>","protected":false},"excerpt":{"rendered":"<p>Coordinadoras Catalunya Estos acuerdo fueron debatidos y aprobados en el marco de la Coordinadora Extraordinaria de la Marea Pensionista celebrada el 13 de junio de 2018 a partir de diversas contribuciones al documento del Grupo de Trabajo a que se le encarg\u00f3. Principios a) Optamos por una organizaci\u00f3n de movimiento social, no legalizada jur\u00eddicamente, de&hellip;&nbsp;<a href=\"https:\/\/mareapensionista.org\/ca\/coordinadoras-autonomicas\/\" class=\"\" rel=\"bookmark\">Read More &raquo;<span class=\"screen-reader-text\">Coordinadoras Auton\u00f3micas<\/span><\/a><\/p>","protected":false},"author":1,"featured_media":0,"parent":0,"menu_order":0,"comment_status":"closed","ping_status":"open","template":"","meta":{"neve_meta_sidebar":"full-width","neve_meta_container":"","neve_meta_enable_content_width":"on","neve_meta_content_width":100,"neve_meta_title_alignment":"","neve_meta_author_avatar":"","neve_post_elements_order":"","neve_meta_disable_header":"","neve_meta_disable_footer":"","neve_meta_disable_title":"","_ti_tpc_template_sync":false,"_ti_tpc_template_id":"","_mc_calendar":[],"footnotes":""},"class_list":["post-257","page","type-page","status-publish","hentry"],"_links":{"self":[{"href":"https:\/\/mareapensionista.org\/ca\/wp-json\/wp\/v2\/pages\/257","targetHints":{"allow":["GET"]}}],"collection":[{"href":"https:\/\/mareapensionista.org\/ca\/wp-json\/wp\/v2\/pages"}],"about":[{"href":"https:\/\/mareapensionista.org\/ca\/wp-json\/wp\/v2\/types\/page"}],"author":[{"embeddable":true,"href":"https:\/\/mareapensionista.org\/ca\/wp-json\/wp\/v2\/users\/1"}],"replies":[{"embeddable":true,"href":"https:\/\/mareapensionista.org\/ca\/wp-json\/wp\/v2\/comments?post=257"}],"version-history":[{"count":37,"href":"https:\/\/mareapensionista.org\/ca\/wp-json\/wp\/v2\/pages\/257\/revisions"}],"predecessor-version":[{"id":3498,"href":"https:\/\/mareapensionista.org\/ca\/wp-json\/wp\/v2\/pages\/257\/revisions\/3498"}],"wp:attachment":[{"href":"https:\/\/mareapensionista.org\/ca\/wp-json\/wp\/v2\/media?parent=257"}],"curies":[{"name":"wp","href":"https:\/\/api.w.org\/{rel}","templated":true}]}}