{"id":266,"date":"2020-10-29T00:00:00","date_gmt":"2020-10-29T00:00:00","guid":{"rendered":"https:\/\/mareapensionista.org\/?page_id=266"},"modified":"2022-05-18T19:24:38","modified_gmt":"2022-05-18T19:24:38","slug":"boletines","status":"publish","type":"page","link":"https:\/\/mareapensionista.org\/ca\/boletines\/","title":{"rendered":"Butlletins"},"content":{"rendered":"<h1>Butlletins<\/h1>\n<p class=\" translation-block\">Aquests  <b>butlletins informatius<\/b> son una  <strong>publicaci\u00f3 <\/strong> que es distribueix de <strong>manera regular<\/strong> , \u00e9s a dir, de tant en tant, i cada<strong> butlleti est\u00e0 sempre centrada en un tema principal. <\/ Strong><\/p>\n<p class=\" translation-block\">La  <strong> funci\u00f3 <\/strong>  del butllet\u00ed \u00e9s donar a con\u00e8ixer alguna <strong> situaci\u00f3 o not\u00edcia rellevant <\/ strong>.<\/p>\n<h2>Relaci\u00f3 de butlletins emesos:<\/h2>\n<ul>\n<li>\n\t\t\t\t\t\t\t\t\t\t\t<a href=\"https:\/\/mareapensionista.org\/wp-content\/uploads\/2021\/03\/19BoletinCat.pdf\" target=\"_blank\" rel=\"noopener\"><br \/>\n\t\t\t\t\t\t\t\t\t\tBolet\u00edn n\u00ba 19 &#8211; Cocina y acuerdo en el pacto de Toledo (1) &#8211; Emitido 11\/11\/2020<br \/>\n\t\t\t\t\t\t\t\t\t\t\t<\/a>\n\t\t\t\t\t\t\t\t\t<\/li>\n<li>\n\t\t\t\t\t\t\t\t\t\t\t<a href=\"https:\/\/mareapensionista.org\/wp-content\/uploads\/2021\/03\/18BoletinCat.pdf\" target=\"_blank\" rel=\"noopener\"><br \/>\n\t\t\t\t\t\t\t\t\t\tBolet\u00edn n\u00ba 18 &#8211; Desmontando la sanidad publica &#8211; Emitido 03\/10\/2020<br \/>\n\t\t\t\t\t\t\t\t\t\t\t<\/a>\n\t\t\t\t\t\t\t\t\t<\/li>\n<li>\n\t\t\t\t\t\t\t\t\t\t\t<a href=\"https:\/\/mareapensionista.org\/wp-content\/uploads\/2021\/03\/17BoletinCas.pdf\" target=\"_blank\" rel=\"noopener\"><br \/>\n\t\t\t\t\t\t\t\t\t\tBolet\u00edn n\u00ba 17 &#8211; Unir las luchas es la soluci\u00f3n &#8211; Emitido 03\/08\/2020<br \/>\n\t\t\t\t\t\t\t\t\t\t\t<\/a>\n\t\t\t\t\t\t\t\t\t<\/li>\n<li>\n\t\t\t\t\t\t\t\t\t\t\t<a href=\"http:\/\/Bolet\u00edn%20n\u00ba%2016%20-%20La%20mochila%20austriaca%203\/3%20-%20Emitido%2026\/07\/2020\" target=\"_blank\" rel=\"noopener\"><br \/>\n\t\t\t\t\t\t\t\t\t\tBolet\u00edn n\u00ba 16 &#8211; La mochila austriaca 3\/3 &#8211; Emitido 26\/07\/2020<br \/>\n\t\t\t\t\t\t\t\t\t\t\t<\/a>\n\t\t\t\t\t\t\t\t\t<\/li>\n<li>\n\t\t\t\t\t\t\t\t\t\t\t<a href=\"https:\/\/mareapensionista.org\/wp-content\/uploads\/2021\/03\/15BoletinCat.pdf\" target=\"_blank\" rel=\"noopener\"><br \/>\n\t\t\t\t\t\t\t\t\t\tBolet\u00edn n\u00ba 15 &#8211; La mochila austriaca 2\/3 &#8211; Emitido 17\/07\/2020<br \/>\n\t\t\t\t\t\t\t\t\t\t\t<\/a>\n\t\t\t\t\t\t\t\t\t<\/li>\n<li>\n\t\t\t\t\t\t\t\t\t\t\t<a href=\"https:\/\/mareapensionista.org\/wp-content\/uploads\/2021\/03\/14BoletinCas.pdf\" target=\"_blank\" rel=\"noopener\"><br \/>\n\t\t\t\t\t\t\t\t\t\tBolet\u00edn n\u00ba 14 &#8211; La mochila austriaca 1\/3 &#8211; Emitido 13\/07\/2020<br \/>\n\t\t\t\t\t\t\t\t\t\t\t<\/a>\n\t\t\t\t\t\t\t\t\t<\/li>\n<li>\n\t\t\t\t\t\t\t\t\t\t\t<a href=\"https:\/\/mareapensionista.org\/wp-content\/uploads\/2021\/03\/13BoletinCat.pdf\" target=\"_blank\" rel=\"noopener\"><br \/>\n\t\t\t\t\t\t\t\t\t\tBolet\u00edn n\u00ba 13 &#8211; Banco Espa\u00f1a. Capataces de los poderosos &#8211; Emitido 05\/07\/2020<br \/>\n\t\t\t\t\t\t\t\t\t\t\t<\/a>\n\t\t\t\t\t\t\t\t\t<\/li>\n<li>\n\t\t\t\t\t\t\t\t\t\t\t<a href=\"https:\/\/mareapensionista.org\/wp-content\/uploads\/2021\/03\/12BoletinCat.pdf\" target=\"_blank\" rel=\"noopener\"><br \/>\n\t\t\t\t\t\t\t\t\t\tBolet\u00edn n\u00ba 12 &#8211; Porque rechazamos el pacto de Toledo &#8211; Emitido 29\/06\/2020<br \/>\n\t\t\t\t\t\t\t\t\t\t\t<\/a>\n\t\t\t\t\t\t\t\t\t<\/li>\n<li>\n\t\t\t\t\t\t\t\t\t\t\t<a href=\"https:\/\/mareapensionista.org\/wp-content\/uploads\/2021\/03\/11BoletinCat.pdf\" target=\"_blank\" rel=\"noopener\"><br \/>\n\t\t\t\t\t\t\t\t\t\tBolet\u00edn n\u00ba 11 &#8211; Pensionistas.. \u00bfInsolidarios? &#8211; Emitido 19\/06\/2020<br \/>\n\t\t\t\t\t\t\t\t\t\t\t<\/a>\n\t\t\t\t\t\t\t\t\t<\/li>\n<li>\n\t\t\t\t\t\t\t\t\t\t\t<a href=\"https:\/\/mareapensionista.org\/wp-content\/uploads\/2021\/03\/2BoletinCat.pdf\" target=\"_blank\" rel=\"noopener\"><br \/>\n\t\t\t\t\t\t\t\t\t\tBolet\u00edn n\u00ba 02 &#8211; Ahora o Nunca &#8211; Emitido 10\/4\/2020<br \/>\n\t\t\t\t\t\t\t\t\t\t\t<\/a>\n\t\t\t\t\t\t\t\t\t<\/li>\n<\/ul>","protected":false},"excerpt":{"rendered":"<p>Boletines Estos\u00a0boletines informativos\u00a0es una\u00a0publicaci\u00f3n\u00a0que se distribuye de\u00a0manera regular, es decir, cada cierto tiempo, y siempre\u00a0est\u00e1 centrada en un tema principal. La\u00a0funci\u00f3n\u00a0del bolet\u00edn es dar a conocer alguna\u00a0situaci\u00f3n o noticia relevante. Relaci\u00f3n de boletines emitidos : Bolet\u00edn n\u00ba 19 &#8211; Cocina y acuerdo en el pacto de Toledo (1) &#8211; Emitido 11\/11\/2020 Bolet\u00edn n\u00ba 18 &#8211;&hellip;&nbsp;<a href=\"https:\/\/mareapensionista.org\/ca\/boletines\/\" class=\"\" rel=\"bookmark\">Read More &raquo;<span class=\"screen-reader-text\">Butlletins<\/span><\/a><\/p>","protected":false},"author":1,"featured_media":0,"parent":0,"menu_order":0,"comment_status":"closed","ping_status":"open","template":"","meta":{"neve_meta_sidebar":"full-width","neve_meta_container":"","neve_meta_enable_content_width":"on","neve_meta_content_width":100,"neve_meta_title_alignment":"","neve_meta_author_avatar":"","neve_post_elements_order":"","neve_meta_disable_header":"","neve_meta_disable_footer":"","neve_meta_disable_title":"","_ti_tpc_template_sync":false,"_ti_tpc_template_id":"","_mc_calendar":[],"footnotes":""},"class_list":["post-266","page","type-page","status-publish","hentry"],"_links":{"self":[{"href":"https:\/\/mareapensionista.org\/ca\/wp-json\/wp\/v2\/pages\/266","targetHints":{"allow":["GET"]}}],"collection":[{"href":"https:\/\/mareapensionista.org\/ca\/wp-json\/wp\/v2\/pages"}],"about":[{"href":"https:\/\/mareapensionista.org\/ca\/wp-json\/wp\/v2\/types\/page"}],"author":[{"embeddable":true,"href":"https:\/\/mareapensionista.org\/ca\/wp-json\/wp\/v2\/users\/1"}],"replies":[{"embeddable":true,"href":"https:\/\/mareapensionista.org\/ca\/wp-json\/wp\/v2\/comments?post=266"}],"version-history":[{"count":54,"href":"https:\/\/mareapensionista.org\/ca\/wp-json\/wp\/v2\/pages\/266\/revisions"}],"predecessor-version":[{"id":3504,"href":"https:\/\/mareapensionista.org\/ca\/wp-json\/wp\/v2\/pages\/266\/revisions\/3504"}],"wp:attachment":[{"href":"https:\/\/mareapensionista.org\/ca\/wp-json\/wp\/v2\/media?parent=266"}],"curies":[{"name":"wp","href":"https:\/\/api.w.org\/{rel}","templated":true}]}}