{"id":4131,"date":"2024-01-02T01:31:05","date_gmt":"2024-01-01T23:31:05","guid":{"rendered":"https:\/\/mareapensionista.org\/?page_id=4131"},"modified":"2024-01-09T21:56:48","modified_gmt":"2024-01-09T19:56:48","slug":"4-mi-pension-es-un-derecho-si-que-se-puede-alterar-no","status":"publish","type":"page","link":"https:\/\/mareapensionista.org\/ca\/4-mi-pension-es-un-derecho-si-que-se-puede-alterar-no\/","title":{"rendered":"1.1 \u00bfMi pensi\u00f3n es un derecho? (SI), \u00bfse puede alterar? (NO)"},"content":{"rendered":"<p>Cuando te reconocen una pensi\u00f3n de jubilaci\u00f3n o invalidez contributiva es porque has cumplido una serie de requisitos que te exig\u00eda la ley. Reconocido el derecho que te has ganado cotizando durante tu vida laboral, ahora no pueden decirte que dependes de otras cosas sobrevenidas ajenas a las exigencias y requisitos que ya has cumplido. Tu pensi\u00f3n te la ganaste legalmente t\u00fa. Es proporcional a tus cotizaciones y el estado tiene la obligaci\u00f3n de pagarte mientras vivas. Por un principio de seguridad jur\u00eddica el derecho reconocido es inalterable. Sin seguridad jur\u00eddica los contratos con el estado ser\u00edan papel mojado. Si nos tocan la pensi\u00f3n nos roban. Es un insulto a la inteligencia que te digan AHORA que tu pensi\u00f3n depende de las cotizaciones de los trabajadores en activo. Pod\u00edan haberlo dicho y aplicado cuando se cre\u00f3 la Seguridad Social. Millones de trabajadores cotizaban y el 100% recaudado no se repart\u00eda entre unos pocos pensionistas por lo que hab\u00eda un gran excedente. Tampoco lo pon\u00edan en una \u201chucha\u201d para cuando hubiesen muchos pensionistas, se lo quedaba el estado. La suma de los excedentes nos hubiese dado una \u00abhucha\u00bb de las pensiones de m\u00e1s de 300.000 millones de euros acumulados durante la dictadura y de unos 500.000 millones de euros durante la democracia. Por cierto, todos los gobiernos se niegan a hacer una auditoria oficial -como les pide la Marea Pensionista- que de cifras exactas, pues saben que confirmar\u00edan las cifras que aqu\u00ed damos.<\/p>\n\n\n\n<p>No pueden desentenderse ahora de lo que tienen que pagar.<\/p>","protected":false},"excerpt":{"rendered":"<p>Cuando te reconocen una pensi\u00f3n de jubilaci\u00f3n o invalidez contributiva es porque has cumplido una serie de requisitos que te exig\u00eda la ley. Reconocido el derecho que te has ganado cotizando durante tu vida laboral, ahora no pueden decirte que dependes de otras cosas sobrevenidas ajenas a las exigencias y requisitos que ya has cumplido.&hellip;&nbsp;<a href=\"https:\/\/mareapensionista.org\/ca\/4-mi-pension-es-un-derecho-si-que-se-puede-alterar-no\/\" class=\"\" rel=\"bookmark\">Read More &raquo;<span class=\"screen-reader-text\">1.1 \u00bfMi pensi\u00f3n es un derecho? (SI), \u00bfse puede alterar? (NO)<\/span><\/a><\/p>","protected":false},"author":4,"featured_media":0,"parent":0,"menu_order":0,"comment_status":"closed","ping_status":"closed","template":"","meta":{"neve_meta_sidebar":"full-width","neve_meta_container":"","neve_meta_enable_content_width":"on","neve_meta_content_width":100,"neve_meta_title_alignment":"","neve_meta_author_avatar":"","neve_post_elements_order":"","neve_meta_disable_header":"","neve_meta_disable_footer":"","neve_meta_disable_title":"","_ti_tpc_template_sync":false,"_ti_tpc_template_id":"","_mc_calendar":[],"footnotes":""},"class_list":["post-4131","page","type-page","status-publish","hentry"],"_links":{"self":[{"href":"https:\/\/mareapensionista.org\/ca\/wp-json\/wp\/v2\/pages\/4131","targetHints":{"allow":["GET"]}}],"collection":[{"href":"https:\/\/mareapensionista.org\/ca\/wp-json\/wp\/v2\/pages"}],"about":[{"href":"https:\/\/mareapensionista.org\/ca\/wp-json\/wp\/v2\/types\/page"}],"author":[{"embeddable":true,"href":"https:\/\/mareapensionista.org\/ca\/wp-json\/wp\/v2\/users\/4"}],"replies":[{"embeddable":true,"href":"https:\/\/mareapensionista.org\/ca\/wp-json\/wp\/v2\/comments?post=4131"}],"version-history":[{"count":4,"href":"https:\/\/mareapensionista.org\/ca\/wp-json\/wp\/v2\/pages\/4131\/revisions"}],"predecessor-version":[{"id":4463,"href":"https:\/\/mareapensionista.org\/ca\/wp-json\/wp\/v2\/pages\/4131\/revisions\/4463"}],"wp:attachment":[{"href":"https:\/\/mareapensionista.org\/ca\/wp-json\/wp\/v2\/media?parent=4131"}],"curies":[{"name":"wp","href":"https:\/\/api.w.org\/{rel}","templated":true}]}}