{"id":4140,"date":"2024-01-02T01:26:32","date_gmt":"2024-01-01T23:26:32","guid":{"rendered":"https:\/\/mareapensionista.org\/?page_id=4140"},"modified":"2024-11-05T21:00:33","modified_gmt":"2024-11-05T19:00:33","slug":"0-fue-un-rescate-de-la-banca-o-de-los-ahorradores","status":"publish","type":"page","link":"https:\/\/mareapensionista.org\/ca\/0-fue-un-rescate-de-la-banca-o-de-los-ahorradores\/","title":{"rendered":"0.2\u00bfFue un rescate de la banca o de los ahorradores?"},"content":{"rendered":"<p><\/p>\n\n\n\n<p><strong>0.2\u00bfFue un rescate de la banca o de los ahorradores?<\/strong><\/p>\n\n\n\n<p>Pol\u00edticos y tertulianos pagados por la banca dicen que en 2008 no hubo un rescate de la banca, que fue un rescate de los ahorradores. Veamos que pas\u00f3.<\/p>\n\n\n\n<p>Despu\u00e9s de la catastr\u00f3fica crisis bancaria de 1929 se prohibi\u00f3 especular a la banca y no se repitieron las crisis, pero 50 a\u00f1os m\u00e1s tarde gobiernos \u201cliberales\u201d les volvieron a dar la \u00ablibertad de especular\u00bb, es decir, de ganar mucho dinero sin ning\u00fan control o de\u2026 arruinarse. En 2008 se descubri\u00f3 que los bancos se hab\u00edan equivocado en sus especulaciones y estaban llenos de \u201cvalores t\u00f3xicos\u201d, es decir bienes o valores por los que hab\u00edan pagado fortunas y que ahora no val\u00edan nada. En la enga\u00f1osa contabilidad del banco figuraban como si todav\u00eda valiesen lo que costaron.<\/p>\n\n\n\n<p>Los pa\u00edses se endeudaron para comprarles a precio de oro los \u00abvalores t\u00f3xicos\u00bb a los bancos para evitarles la bancarrota. Fue&nbsp;<strong>rescatar a la banca<\/strong><\/p>\n\n\n\n<p>Hubo&nbsp;<strong>un solo pa\u00eds que rescat\u00f3 solo a los ahorradores<\/strong>, pero no a los bancos. Fue Islandia. Encarcel\u00f3 a los banqueros, dejo que los principales bancos quebrasen, con lo cual no pagaron a los bancos brit\u00e1nicos y europeos grandes cantidades que les deb\u00edan. Para rescatar a los ahorradores, el Estado por cada banco quebrado creo un nuevo banco y a los ahorradores les dijo que en el nuevo banco ten\u00edan las cuentas, con los mismos saldos garantizados por el Estado, que ten\u00edan en los bancos quebrados. Funcion\u00f3 porque nunca van todos los ahorradores al banco, a la vez, a retirar todo el dinero de golpe. Ning\u00fan banco lo resistir\u00eda porque la mayor\u00eda del dinero de los ahorradores lo han prestado, cobrando inter\u00e9s o lo han invertido. Los bancos solo tienen en la caja una peque\u00f1a parte del dinero de los ahorradores para atender las retiradas de dinero. Esta \u201cpeque\u00f1a\u201d cantidad de dinero era la que necesitaba el gobierno Island\u00e9s para crear un banco que funcionase.<\/p>\n\n\n\n<p>La Uni\u00f3n Europea se enfad\u00f3 mucho porque lo que quer\u00eda era prestarle dinero, no a los bancos, sino al gobierno de Islandia para que este se lo regalase a los bancos islandeses para que pagasen sus deudas a los bancos brit\u00e1nicos y europeos. Es decir, endeudar por 50 a\u00f1os a Islandia y a los islandeses para que pudiesen cobrar los bancos europeos. Islandia no se quiso endeudar con Europa y sali\u00f3 r\u00e1pidamente de la crisis econ\u00f3mica, a diferencia de Espa\u00f1a o Grecia. En el 2016 con solo un 3% de paro, crec\u00eda un 7,2%, el doble que Espa\u00f1a.<\/p>\n\n\n\n<p>Adem\u00e1s, la Uni\u00f3n Europea para asegurarse que Islandia pagaba esta deuda les hubiese enviado a sus \u201ctroikas\u201d &nbsp;y sus \u201chombres de negro\u201d que eran unos \u00abembajadores econ\u00f3micos\u00bb que obligaban a los gobiernos a que se hiciesen a grandes recortes en los servicios  sociales.<\/p>\n\n\n\n<p>Esto \u00faltimo es lo que pas\u00f3 con el gobierno del PP en Espa\u00f1a. Sesenta mil millones de euros prestados por la Uni\u00f3n Europea sirvieron solo para que las cajas de ahorro y algunos bancos peque\u00f1os pagasen sus deudas principalmente a bancos alemanes. Luego, cerraron y se los quedaron a precio de saldo, sin grandes deudas y con todos sus clientes y propiedades el Banco Santander, el BBVA, \u201cla Caixa\u201d que as\u00ed, en 2023 eran ya respectivamente el tercer, el quinto y el onceavo banco de Europa. Fueron lo grandes ganadores. En cambio, para los espa\u00f1oles fue un desastre: m\u00e1s de cinco millones de parados por cierre masivo de empresas y aut\u00f3nomos que se quedaron sin cr\u00e9dito para poder operar, miles de desahucios, al primer impago de la hipoteca, y que acababan con la subasta a precio de saldo de la casa propia y la de los padres que hab\u00edan avalado a los hijos. Por otro lado, \u201clos hombres de negro\u201d de la Uni\u00f3n Europea impusieron grandes recortes en Sanidad,&nbsp;Servicios Sociales y pensiones que, con gran entusiasmo, el PP las deslig\u00f3 del Incremento de los Precios (IPC) con una ley que las aumentaba un&nbsp;<strong>0,25% todos los&nbsp;a\u00f1os<\/strong>, pasara lo que pasara con los precios, y con un&nbsp;<strong>factor de sostenibilidad<\/strong>&nbsp;que te \u00abcastigaba\u00bb recortando las pensiones si viv\u00edas m\u00e1s a\u00f1os de la \u201cEsperanza de vida\u201d que es precisamente cuando m\u00e1s se gasta en \u201cayudas\u201d personales.<\/p>\n\n\n\n<p><\/p>","protected":false},"excerpt":{"rendered":"<p>0.2\u00bfFue un rescate de la banca o de los ahorradores? Pol\u00edticos y tertulianos pagados por la banca dicen que en 2008 no hubo un rescate de la banca, que fue un rescate de los ahorradores. Veamos que pas\u00f3. Despu\u00e9s de la catastr\u00f3fica crisis bancaria de 1929 se prohibi\u00f3 especular a la banca y no se&hellip;&nbsp;<a href=\"https:\/\/mareapensionista.org\/ca\/0-fue-un-rescate-de-la-banca-o-de-los-ahorradores\/\" class=\"\" rel=\"bookmark\">Read More &raquo;<span class=\"screen-reader-text\">0.2\u00bfFue un rescate de la banca o de los ahorradores?<\/span><\/a><\/p>","protected":false},"author":4,"featured_media":0,"parent":0,"menu_order":0,"comment_status":"closed","ping_status":"closed","template":"","meta":{"neve_meta_sidebar":"full-width","neve_meta_container":"","neve_meta_enable_content_width":"on","neve_meta_content_width":100,"neve_meta_title_alignment":"","neve_meta_author_avatar":"","neve_post_elements_order":"","neve_meta_disable_header":"","neve_meta_disable_footer":"","neve_meta_disable_title":"","_ti_tpc_template_sync":false,"_ti_tpc_template_id":"","_mc_calendar":[],"footnotes":""},"class_list":["post-4140","page","type-page","status-publish","hentry"],"_links":{"self":[{"href":"https:\/\/mareapensionista.org\/ca\/wp-json\/wp\/v2\/pages\/4140","targetHints":{"allow":["GET"]}}],"collection":[{"href":"https:\/\/mareapensionista.org\/ca\/wp-json\/wp\/v2\/pages"}],"about":[{"href":"https:\/\/mareapensionista.org\/ca\/wp-json\/wp\/v2\/types\/page"}],"author":[{"embeddable":true,"href":"https:\/\/mareapensionista.org\/ca\/wp-json\/wp\/v2\/users\/4"}],"replies":[{"embeddable":true,"href":"https:\/\/mareapensionista.org\/ca\/wp-json\/wp\/v2\/comments?post=4140"}],"version-history":[{"count":16,"href":"https:\/\/mareapensionista.org\/ca\/wp-json\/wp\/v2\/pages\/4140\/revisions"}],"predecessor-version":[{"id":6059,"href":"https:\/\/mareapensionista.org\/ca\/wp-json\/wp\/v2\/pages\/4140\/revisions\/6059"}],"wp:attachment":[{"href":"https:\/\/mareapensionista.org\/ca\/wp-json\/wp\/v2\/media?parent=4140"}],"curies":[{"name":"wp","href":"https:\/\/api.w.org\/{rel}","templated":true}]}}