{"id":4142,"date":"2024-01-02T01:27:14","date_gmt":"2024-01-01T23:27:14","guid":{"rendered":"https:\/\/mareapensionista.org\/?page_id=4142"},"modified":"2024-01-09T22:28:51","modified_gmt":"2024-01-09T20:28:51","slug":"1-como-recorto-las-pensiones-el-pp","status":"publish","type":"page","link":"https:\/\/mareapensionista.org\/ca\/1-como-recorto-las-pensiones-el-pp\/","title":{"rendered":"0.1\u00bfC\u00f3mo recort\u00f3 las pensiones el PP?"},"content":{"rendered":"<p>Con la derogaci\u00f3n de la ley que incrementaba las pensiones con ellPC anual y la implantaci\u00f3n del nuevo \u00edndice de revalorizaci\u00f3n (0,25%) y del factor de sostenibilidad, el gobierno del PP quer\u00eda ahorrar en los 9 a\u00f1os que van de 2014 a 2022 unos 33.000 millones de euros. Con todo, el recorte m\u00e1s fuerte se producir\u00eda por el endurecimiento de los requisitos para acceder a la pensi\u00f3n, tomando 25 a\u00f1os en vez de 15 para calcular las pensiones, no rellenando\u00b7todas las lagunas de cotizaci\u00f3n y con un tope al complemento a m\u00ednimos que generar\u00e1 pensiones inferiores a las m\u00ednimas actuales. Los recortes a las pensiones ya hab\u00edan sido aplicados por Zapatero cuando no hab\u00eda d\u00e9ficit y adem\u00e1s hab\u00eda reservas. Lo hizo porque se lo orden\u00f3 el gran capital a trav\u00e9s de la Troika. Con los 37.500 millones que se prev\u00e9 recortar hasta 2022 pagaran una gran parte del rescate estafa de la banca.<\/p>","protected":false},"excerpt":{"rendered":"<p>Con la derogaci\u00f3n de la ley que incrementaba las pensiones con ellPC anual y la implantaci\u00f3n del nuevo \u00edndice de revalorizaci\u00f3n (0,25%) y del factor de sostenibilidad, el gobierno del PP quer\u00eda ahorrar en los 9 a\u00f1os que van de 2014 a 2022 unos 33.000 millones de euros. Con todo, el recorte m\u00e1s fuerte se&hellip;&nbsp;<a href=\"https:\/\/mareapensionista.org\/ca\/1-como-recorto-las-pensiones-el-pp\/\" class=\"\" rel=\"bookmark\">Read More &raquo;<span class=\"screen-reader-text\">0.1\u00bfC\u00f3mo recort\u00f3 las pensiones el PP?<\/span><\/a><\/p>","protected":false},"author":4,"featured_media":0,"parent":0,"menu_order":0,"comment_status":"closed","ping_status":"closed","template":"","meta":{"neve_meta_sidebar":"full-width","neve_meta_container":"","neve_meta_enable_content_width":"on","neve_meta_content_width":100,"neve_meta_title_alignment":"","neve_meta_author_avatar":"","neve_post_elements_order":"","neve_meta_disable_header":"","neve_meta_disable_footer":"","neve_meta_disable_title":"","_ti_tpc_template_sync":false,"_ti_tpc_template_id":"","_mc_calendar":[],"footnotes":""},"class_list":["post-4142","page","type-page","status-publish","hentry"],"_links":{"self":[{"href":"https:\/\/mareapensionista.org\/ca\/wp-json\/wp\/v2\/pages\/4142","targetHints":{"allow":["GET"]}}],"collection":[{"href":"https:\/\/mareapensionista.org\/ca\/wp-json\/wp\/v2\/pages"}],"about":[{"href":"https:\/\/mareapensionista.org\/ca\/wp-json\/wp\/v2\/types\/page"}],"author":[{"embeddable":true,"href":"https:\/\/mareapensionista.org\/ca\/wp-json\/wp\/v2\/users\/4"}],"replies":[{"embeddable":true,"href":"https:\/\/mareapensionista.org\/ca\/wp-json\/wp\/v2\/comments?post=4142"}],"version-history":[{"count":3,"href":"https:\/\/mareapensionista.org\/ca\/wp-json\/wp\/v2\/pages\/4142\/revisions"}],"predecessor-version":[{"id":4325,"href":"https:\/\/mareapensionista.org\/ca\/wp-json\/wp\/v2\/pages\/4142\/revisions\/4325"}],"wp:attachment":[{"href":"https:\/\/mareapensionista.org\/ca\/wp-json\/wp\/v2\/media?parent=4142"}],"curies":[{"name":"wp","href":"https:\/\/api.w.org\/{rel}","templated":true}]}}