{"id":4144,"date":"2024-01-02T01:27:49","date_gmt":"2024-01-01T23:27:49","guid":{"rendered":"https:\/\/mareapensionista.org\/?page_id=4144"},"modified":"2024-01-09T22:26:09","modified_gmt":"2024-01-09T20:26:09","slug":"2-a-quienes-afecto-mas-a-los-ya-jubilados-o-a-los-futuros-pensionistas-a-los-futuros","status":"publish","type":"page","link":"https:\/\/mareapensionista.org\/ca\/2-a-quienes-afecto-mas-a-los-ya-jubilados-o-a-los-futuros-pensionistas-a-los-futuros\/","title":{"rendered":"0.3\u00bfA quienes afect\u00f3 m\u00e1s: a los ya jubilados o a los futuros pensionistas?\u00a0(a los futuros)"},"content":{"rendered":"<p>Si posem l'exemple d'un pensionista jubilat als 65 anys l'any 2011 amb una pensi\u00f3 de 1001 euros, la congelaci\u00f3 del 2011 de Zapatero li suposa que al llarg de la seva vida potencial de pensionista deixar\u00e0 de cobrar 6.050 \u20ac, al que cal afegir 4.640 \u20ac de reducci\u00f3 segons l'IPC de 2012. A m\u00e9s a m\u00e9s, se li va afegir la reducci\u00f3 anual permanent que significa l'\u00faltima reforma del PP amb les tisores de l'\u00edndex de revaloritzaci\u00f3 (el fam\u00f3s 0,25%) i el factor de sostenibilitat.<\/p>\n\n\n\n<p>Als treballadors en actiu i futurs pensionistes els afecten tots els aspectes assenyalats, llevat de les congelacions de les pensions actuals. Sobre ells tindran un efecte reductor de la pensi\u00f3 inicial superior al 20%. Tot plegat sense comptar impactes addicionals negatius com ara la disminuci\u00f3 de cotitzaci\u00f3 en el subsidi d'atur, les carreres laborals intermitents, la minoraci\u00f3 de salaris etc. L'impacte de g\u00e8nere \u00e9s molt negatiu per a les dones ja de per si discriminades (la seva pensi\u00f3 mitjana \u00e9s d'uns 400 \u20ac inferior a la dels homes)<\/p>","protected":false},"excerpt":{"rendered":"<p>Poniendo el ejemplo de un pensionista jubilado a los 65 a\u00f1os en el a\u00f1o 2011 con una pensi\u00f3n de 1001 euros, la congelaci\u00f3n del 2011 de Zapatero le supone que a lo largo de su vida potencial de pensionista dejar\u00e1 de cobrar 6.050 \u20ac a lo que hay que a\u00f1adir 4.640 \u20ac que le representa&hellip;&nbsp;<a href=\"https:\/\/mareapensionista.org\/ca\/2-a-quienes-afecto-mas-a-los-ya-jubilados-o-a-los-futuros-pensionistas-a-los-futuros\/\" class=\"\" rel=\"bookmark\">Read More &raquo;<span class=\"screen-reader-text\">0.3\u00bfA quienes afect\u00f3 m\u00e1s: a los ya jubilados o a los futuros pensionistas?\u00a0(a los futuros)<\/span><\/a><\/p>","protected":false},"author":4,"featured_media":0,"parent":0,"menu_order":0,"comment_status":"closed","ping_status":"closed","template":"","meta":{"neve_meta_sidebar":"full-width","neve_meta_container":"","neve_meta_enable_content_width":"on","neve_meta_content_width":100,"neve_meta_title_alignment":"","neve_meta_author_avatar":"","neve_post_elements_order":"","neve_meta_disable_header":"","neve_meta_disable_footer":"","neve_meta_disable_title":"","_ti_tpc_template_sync":false,"_ti_tpc_template_id":"","_mc_calendar":[],"footnotes":""},"class_list":["post-4144","page","type-page","status-publish","hentry"],"_links":{"self":[{"href":"https:\/\/mareapensionista.org\/ca\/wp-json\/wp\/v2\/pages\/4144","targetHints":{"allow":["GET"]}}],"collection":[{"href":"https:\/\/mareapensionista.org\/ca\/wp-json\/wp\/v2\/pages"}],"about":[{"href":"https:\/\/mareapensionista.org\/ca\/wp-json\/wp\/v2\/types\/page"}],"author":[{"embeddable":true,"href":"https:\/\/mareapensionista.org\/ca\/wp-json\/wp\/v2\/users\/4"}],"replies":[{"embeddable":true,"href":"https:\/\/mareapensionista.org\/ca\/wp-json\/wp\/v2\/comments?post=4144"}],"version-history":[{"count":3,"href":"https:\/\/mareapensionista.org\/ca\/wp-json\/wp\/v2\/pages\/4144\/revisions"}],"predecessor-version":[{"id":4327,"href":"https:\/\/mareapensionista.org\/ca\/wp-json\/wp\/v2\/pages\/4144\/revisions\/4327"}],"wp:attachment":[{"href":"https:\/\/mareapensionista.org\/ca\/wp-json\/wp\/v2\/media?parent=4144"}],"curies":[{"name":"wp","href":"https:\/\/api.w.org\/{rel}","templated":true}]}}