{"id":4147,"date":"2024-01-02T01:29:12","date_gmt":"2024-01-01T23:29:12","guid":{"rendered":"https:\/\/mareapensionista.org\/?page_id=4147"},"modified":"2024-01-09T22:22:45","modified_gmt":"2024-01-09T20:22:45","slug":"3-cesaran-los-recortes-a-la-pensiones-cuando-remita-la-crisis","status":"publish","type":"page","link":"https:\/\/mareapensionista.org\/ca\/3-cesaran-los-recortes-a-la-pensiones-cuando-remita-la-crisis\/","title":{"rendered":"0.4\u00bfCesar\u00e1n los recortes a la Pensiones cu\u00e1ndo remita la crisis?"},"content":{"rendered":"<p>Los recortes a las pensiones de jubilaci\u00f3n e invalidez vienen de mucho antes de la crisis y seguir\u00e1n despu\u00e9s ( si no lo impedimos). Deteriorar y desprestigiar el sistema p\u00fablico es el primer paso para introducir el negocio bancario de las pensiones privadas. Las pensiones de jubilaci\u00f3n e invalidez sufrieron recortes en sucesivas reformas desde el Pacto de Toledo y ello cuando la econom\u00eda iba muy bien y la financiaci\u00f3n de las pensiones arrojaba excedentes cada a\u00f1o. El objetivo del poder financiero es la privatizaci\u00f3n del sistema p\u00fablico de pensiones, trasladar de lo p\u00fablico a sus negocios privados centenares de miles de millones de euros, saben que de esta manera si detectan detectan que una inversion va a ir mal se la pueden \u00abvender\u00bb al fondo de pensiones de los trabajadores en active que no se enteran. Es algo mucho m\u00e1s discreto que enga\u00f1ar a viudas y pensionistas clientes de las agencias bancarias, como cuando les vendieron subordinadas o preferentes . En definitiva el problema no es coyuntural por la crisis, es estructural por el cambio de modelo.<\/p>","protected":false},"excerpt":{"rendered":"<p>Los recortes a las pensiones de jubilaci\u00f3n e invalidez vienen de mucho antes de la crisis y seguir\u00e1n despu\u00e9s ( si no lo impedimos). Deteriorar y desprestigiar el sistema p\u00fablico es el primer paso para introducir el negocio bancario de las pensiones privadas. Las pensiones de jubilaci\u00f3n e invalidez sufrieron recortes en sucesivas reformas desde&hellip;&nbsp;<a href=\"https:\/\/mareapensionista.org\/ca\/3-cesaran-los-recortes-a-la-pensiones-cuando-remita-la-crisis\/\" class=\"\" rel=\"bookmark\">Read More &raquo;<span class=\"screen-reader-text\">0.4\u00bfCesar\u00e1n los recortes a la Pensiones cu\u00e1ndo remita la crisis?<\/span><\/a><\/p>","protected":false},"author":4,"featured_media":0,"parent":0,"menu_order":0,"comment_status":"closed","ping_status":"closed","template":"","meta":{"neve_meta_sidebar":"full-width","neve_meta_container":"","neve_meta_enable_content_width":"on","neve_meta_content_width":100,"neve_meta_title_alignment":"","neve_meta_author_avatar":"","neve_post_elements_order":"","neve_meta_disable_header":"","neve_meta_disable_footer":"","neve_meta_disable_title":"","_ti_tpc_template_sync":false,"_ti_tpc_template_id":"","_mc_calendar":[],"footnotes":""},"class_list":["post-4147","page","type-page","status-publish","hentry"],"_links":{"self":[{"href":"https:\/\/mareapensionista.org\/ca\/wp-json\/wp\/v2\/pages\/4147","targetHints":{"allow":["GET"]}}],"collection":[{"href":"https:\/\/mareapensionista.org\/ca\/wp-json\/wp\/v2\/pages"}],"about":[{"href":"https:\/\/mareapensionista.org\/ca\/wp-json\/wp\/v2\/types\/page"}],"author":[{"embeddable":true,"href":"https:\/\/mareapensionista.org\/ca\/wp-json\/wp\/v2\/users\/4"}],"replies":[{"embeddable":true,"href":"https:\/\/mareapensionista.org\/ca\/wp-json\/wp\/v2\/comments?post=4147"}],"version-history":[{"count":2,"href":"https:\/\/mareapensionista.org\/ca\/wp-json\/wp\/v2\/pages\/4147\/revisions"}],"predecessor-version":[{"id":4328,"href":"https:\/\/mareapensionista.org\/ca\/wp-json\/wp\/v2\/pages\/4147\/revisions\/4328"}],"wp:attachment":[{"href":"https:\/\/mareapensionista.org\/ca\/wp-json\/wp\/v2\/media?parent=4147"}],"curies":[{"name":"wp","href":"https:\/\/api.w.org\/{rel}","templated":true}]}}