{"id":4163,"date":"2024-01-02T01:37:03","date_gmt":"2024-01-01T23:37:03","guid":{"rendered":"https:\/\/mareapensionista.org\/?page_id=4163"},"modified":"2024-01-14T01:15:45","modified_gmt":"2024-01-13T23:15:45","slug":"9-lo-que-nos-quieren-imponer","status":"publish","type":"page","link":"https:\/\/mareapensionista.org\/ca\/9-lo-que-nos-quieren-imponer\/","title":{"rendered":"2.\u00a0\u00a0 LO QUE NOS QUIEREN IMPONER"},"content":{"rendered":"<p><\/p>\n<ul class=\"wp-block-list\">\n<li style=\"list-style-type: none;\">\n<ul><\/ul>\n<\/li>\n<\/ul>\n<ul>\n<li style=\"list-style-type: none;\">\n<ul>\n<li>Planes de Pensiones Privados. \u00bfVan bien? \u00bfSon aconsejables?\u00a0 <b><a href=\"https:\/\/mareapensionista.org\/ca\/9-los-planes-de-pensiones-privados-van-bien-son-aconsejables-no\/\">Leer.<\/a><\/b><\/li>\n<\/ul>\n<\/li>\n<\/ul>\n<p><\/p>\n<p><\/p>\n<p><\/p>\n<ul class=\"wp-block-list\">\n<li style=\"list-style-type: none;\">\n<ul><\/ul>\n<\/li>\n<\/ul>\n<ul>\n<li style=\"list-style-type: none;\">\n<ul>\n<li>\u00bfQu\u00e9 pasar\u00e1 con el primer d\u00e9ficit de los Fondos Privados de Pensiones que se ha producido en 2019?\u00a0 <b><a href=\"https:\/\/mareapensionista.org\/ca\/9-1que-pasara-a-partir-del-primer-deficit-de-los-fondos-privados-de-pensiones-que-se-ha-producido-en-2018\/\">Leer.<\/a><\/b><\/li>\n<\/ul>\n<\/li>\n<\/ul>\n<p><\/p>\n<p><\/p>\n<p><\/p>\n<ul class=\"wp-block-list\">\n<li style=\"list-style-type: none;\">\n<ul><\/ul>\n<\/li>\n<\/ul>\n<ul>\n<li style=\"list-style-type: none;\">\n<ul>\n<li>La Mochila Austriaca: Una forma de entregar a la banca dinero de los trabajadores.\u00a0 <b><a href=\"https:\/\/mareapensionista.org\/ca\/9-2que-es-la-mochila-austriaca-o-la-obsesion-por-entregar-a-la-banca-dinero-de-los-trabajadores\/\">Leer.<\/a><\/b><\/li>\n<\/ul>\n<\/li>\n<\/ul>\n<p><\/p>\n<p><\/p>\n<p><\/p>\n<ul class=\"wp-block-list\">\n<li style=\"list-style-type: none;\">\n<ul><\/ul>\n<\/li>\n<\/ul>\n<ul>\n<li style=\"list-style-type: none;\">\n<ul>\n<li>El \u201cProducto Europea de Pensiones Individuales\u201d: el invento de un parlamento europeo con mayor\u00eda del Partido Popular para entregar dinero a la banca.\u00a0 <b><a href=\"https:\/\/mareapensionista.org\/ca\/9-3que-es-el-producto-europeo-de-pensiones-individuales-el-invento-del-parlamento-europeo-con-mayoria-del-partido-popular-para-entregar-a-la-banca-dinero-de-las-pensiones\/\">Leer.<\/a><\/b><\/li>\n<\/ul>\n<\/li>\n<\/ul>\n<p><\/p>\n<p><\/p>\n<p><\/p>\n<ul class=\"wp-block-list\">\n<li style=\"list-style-type: none;\">\n<ul><\/ul>\n<\/li>\n<\/ul>\n<ul>\n<li style=\"list-style-type: none;\">\n<ul>\n<li>Los Fondos de Pensiones P\u00fablicos de GESTI\u00d3N PRIVADA.\u00a0 <b><a href=\"https:\/\/mareapensionista.org\/ca\/9-5-los-fondos-de-pensiones-publicos-de-gestion-privada\/\">Leer.<\/a><\/b><\/li>\n<\/ul>\n<\/li>\n<\/ul>\n<p><\/p>\n<p><\/p>\n<p><\/p>\n<ul class=\"wp-block-list\">\n<li style=\"list-style-type: none;\">\n<ul><\/ul>\n<\/li>\n<\/ul>\n<ul>\n<li style=\"list-style-type: none;\">\n<ul>\n<li>Cambiar\u00eda algo si estas formas de entregar dinero de los trabajadores a la Banca estuviesen controladas por los propios trabajadores.\u00a0 <b><a href=\"https:\/\/mareapensionista.org\/ca\/9-4cambiaria-algo-si-los-fondos-de-pensiones-o-la-mochila-austriaca-los-administrase-una-entidad-controlada-por-los-trabajadores\/\">Leer.<\/a>\u00a0<\/b><\/li>\n<\/ul>\n<\/li>\n<\/ul>\n<p><\/p>\n<p><\/p>","protected":false},"excerpt":{"rendered":"","protected":false},"author":4,"featured_media":0,"parent":0,"menu_order":0,"comment_status":"closed","ping_status":"closed","template":"","meta":{"neve_meta_sidebar":"full-width","neve_meta_container":"","neve_meta_enable_content_width":"on","neve_meta_content_width":100,"neve_meta_title_alignment":"","neve_meta_author_avatar":"","neve_post_elements_order":"","neve_meta_disable_header":"","neve_meta_disable_footer":"","neve_meta_disable_title":"","_ti_tpc_template_sync":false,"_ti_tpc_template_id":"","_mc_calendar":[],"footnotes":""},"class_list":["post-4163","page","type-page","status-publish","hentry"],"_links":{"self":[{"href":"https:\/\/mareapensionista.org\/ca\/wp-json\/wp\/v2\/pages\/4163","targetHints":{"allow":["GET"]}}],"collection":[{"href":"https:\/\/mareapensionista.org\/ca\/wp-json\/wp\/v2\/pages"}],"about":[{"href":"https:\/\/mareapensionista.org\/ca\/wp-json\/wp\/v2\/types\/page"}],"author":[{"embeddable":true,"href":"https:\/\/mareapensionista.org\/ca\/wp-json\/wp\/v2\/users\/4"}],"replies":[{"embeddable":true,"href":"https:\/\/mareapensionista.org\/ca\/wp-json\/wp\/v2\/comments?post=4163"}],"version-history":[{"count":34,"href":"https:\/\/mareapensionista.org\/ca\/wp-json\/wp\/v2\/pages\/4163\/revisions"}],"predecessor-version":[{"id":4778,"href":"https:\/\/mareapensionista.org\/ca\/wp-json\/wp\/v2\/pages\/4163\/revisions\/4778"}],"wp:attachment":[{"href":"https:\/\/mareapensionista.org\/ca\/wp-json\/wp\/v2\/media?parent=4163"}],"curies":[{"name":"wp","href":"https:\/\/api.w.org\/{rel}","templated":true}]}}