{"id":4167,"date":"2024-01-02T01:39:01","date_gmt":"2024-01-01T23:39:01","guid":{"rendered":"https:\/\/mareapensionista.org\/?page_id=4167"},"modified":"2024-01-09T21:40:42","modified_gmt":"2024-01-09T19:40:42","slug":"9-los-planes-de-pensiones-privados-van-bien-son-aconsejables-no","status":"publish","type":"page","link":"https:\/\/mareapensionista.org\/ca\/9-los-planes-de-pensiones-privados-van-bien-son-aconsejables-no\/","title":{"rendered":"2.1 \u00bfLos planes de pensiones privados van bien? \u00bfSon aconsejables? (NO)"},"content":{"rendered":"<p>La OCDE calcul\u00f3 que la rentabilidad de los Planes de Pensiones Privados (PPP) en Espa\u00f1a entre 2008 y 20l2 fue negativa en t\u00e9rminos reales. Son un gran enga\u00f1o. Son muchos los PPP con larga duraci\u00f3n que tienen p\u00e9rdidas reales y son la mayor\u00eda los que te dan menos dinero del que se deposit\u00f3 medido en lo que se puede comprar con el. El cebo de los incentivos fiscales al depositar el dinero puede ser superado por el hachazo fiscal al recuperarlo.<br>A las entidades financieras lo que les interesa es captar dinero que ya no se podr\u00e1 retirar hasta que el trabajador se jubile. Nadie garantiza que los planes y fondos de inversi\u00f3n no se vayan a pique, especialmente aquellos que se compromet\u00edan a dar al pensionista unas prestaciones \u00abseguras\u00bb. De hecho ya ha pasado en diferentes paises. En aquellos Planes en que solo se comprometen a administrar, nadie garantiza que la Banca no les endose \u201cPreferentes\u201d, \u201cSubordinadas\u201d o cualquier t\u00edtulo o acci\u00f3n que piensen que puede perder valor y que los pensionistas lo descubran al cabo de a\u00f1os cuando haya prescrito todo posible delito. Ojo! En el Peri\u00f3dico de 3 de abril de 2019, el Gobernador del Banco de Espa\u00f1a, Pablo Hern\u00e1ndez de Clos, dice que la banca tiene m\u00e1s activos t\u00f3xicos ahora que antes de la crisis. Como que saben que otro rescate ser\u00eda un escandalo, es decir volverles a comprar el Estado al precio que pagaron los valores t\u00f3xicos, piensan que se los podr\u00edan colocar en los fondos de pensiones de los pensionistas que no tienen ni idea de lo que les coloca la gestora bancaria.<\/p>\n\n\n\n<p>Adem\u00e1s, la banca siempre cobra unas comisiones del 1 o 1,5% anual por gestionarte tu fondo de pensiones, lo cual significa que si las pensiones fuesen privadas ganar\u00edan unos 2.400 millones de euros al a\u00f1o en comisiones. N\u00f3tese que al ser comisiones sobre el capital acumulado, es cada a\u00f1o (y no una sola vez) que \u00a0a lo ingresado en un a\u00f1o concreto le quitan este tanto por ciento. Es decir, a\u00f1o tras a\u00f1o se quedan con este el1 o 1,5% de lo aportado un a\u00f1o concreto, con lo que al cabo de 20 a\u00f1os se habr\u00e1n quedado un 20 o 30%. Cuando uno se jubila, de lo depositado de joven, hace 30 a\u00f1os, se habr\u00e1 evaporado en comisiones un 30 o un 45%.<br>Pero atenci\u00f3n, no acaba aqu\u00ed el saqueo a tus ahorros. Al jubilarte, al convertir tus ahorros en pensi\u00f3n, en sus c\u00e1lculos se quedan una parte como prima de riesgo de que vivas m\u00e1s de la esperanza de vida. Adem\u00e1s, si quieres que la pensi\u00f3n se actualice con el coste de vida, viene otro \u00abhachazo\u00bb a tu pensi\u00f3n inicial y si quieres que a la muerte del titular el c\u00f3nyuge siga cobrando, habr\u00e1 otro recorte. Es decir pagas por todo lo que es gratis en el sistema p\u00fablico de pensiones.<br>La publicidad es absolutamente enga\u00f1osa, pues con tanto dinero en juego, se pueden pagar a periodistas, tertulianos y economistas para que no informen de la nula rentabilidad de la inmensa mayor\u00eda de los Planes de Pensiones Privados. A nadie se le informa de que para poder cobrar al jubilarse una pensi\u00f3n de 898 euros tendr\u00eda que haber acumulado (y que no se hayan \u00abevaporado\u00bb) 272.000 euros en el Plan, \u00bfQui\u00e9n puede permitirse este lujo?<\/p>","protected":false},"excerpt":{"rendered":"<p>La OCDE calcul\u00f3 que la rentabilidad de los Planes de Pensiones Privados (PPP) en Espa\u00f1a entre 2008 y 20l2 fue negativa en t\u00e9rminos reales. Son un gran enga\u00f1o. Son muchos los PPP con larga duraci\u00f3n que tienen p\u00e9rdidas reales y son la mayor\u00eda los que te dan menos dinero del que se deposit\u00f3 medido en&hellip;&nbsp;<a href=\"https:\/\/mareapensionista.org\/ca\/9-los-planes-de-pensiones-privados-van-bien-son-aconsejables-no\/\" class=\"\" rel=\"bookmark\">Read More &raquo;<span class=\"screen-reader-text\">2.1 \u00bfLos planes de pensiones privados van bien? \u00bfSon aconsejables? (NO)<\/span><\/a><\/p>","protected":false},"author":4,"featured_media":0,"parent":0,"menu_order":0,"comment_status":"closed","ping_status":"closed","template":"","meta":{"neve_meta_sidebar":"full-width","neve_meta_container":"","neve_meta_enable_content_width":"on","neve_meta_content_width":100,"neve_meta_title_alignment":"","neve_meta_author_avatar":"","neve_post_elements_order":"","neve_meta_disable_header":"","neve_meta_disable_footer":"","neve_meta_disable_title":"","_ti_tpc_template_sync":false,"_ti_tpc_template_id":"","_mc_calendar":[],"footnotes":""},"class_list":["post-4167","page","type-page","status-publish","hentry"],"_links":{"self":[{"href":"https:\/\/mareapensionista.org\/ca\/wp-json\/wp\/v2\/pages\/4167","targetHints":{"allow":["GET"]}}],"collection":[{"href":"https:\/\/mareapensionista.org\/ca\/wp-json\/wp\/v2\/pages"}],"about":[{"href":"https:\/\/mareapensionista.org\/ca\/wp-json\/wp\/v2\/types\/page"}],"author":[{"embeddable":true,"href":"https:\/\/mareapensionista.org\/ca\/wp-json\/wp\/v2\/users\/4"}],"replies":[{"embeddable":true,"href":"https:\/\/mareapensionista.org\/ca\/wp-json\/wp\/v2\/comments?post=4167"}],"version-history":[{"count":4,"href":"https:\/\/mareapensionista.org\/ca\/wp-json\/wp\/v2\/pages\/4167\/revisions"}],"predecessor-version":[{"id":4336,"href":"https:\/\/mareapensionista.org\/ca\/wp-json\/wp\/v2\/pages\/4167\/revisions\/4336"}],"wp:attachment":[{"href":"https:\/\/mareapensionista.org\/ca\/wp-json\/wp\/v2\/media?parent=4167"}],"curies":[{"name":"wp","href":"https:\/\/api.w.org\/{rel}","templated":true}]}}