{"id":4172,"date":"2024-01-04T18:44:02","date_gmt":"2024-01-04T16:44:02","guid":{"rendered":"https:\/\/mareapensionista.org\/?page_id=4172"},"modified":"2024-01-09T21:37:48","modified_gmt":"2024-01-09T19:37:48","slug":"9-1que-pasara-a-partir-del-primer-deficit-de-los-fondos-privados-de-pensiones-que-se-ha-producido-en-2018","status":"publish","type":"page","link":"https:\/\/mareapensionista.org\/ca\/9-1que-pasara-a-partir-del-primer-deficit-de-los-fondos-privados-de-pensiones-que-se-ha-producido-en-2018\/","title":{"rendered":"2.2\u00bfQu\u00e9 pasar\u00e1 a partir del primer d\u00e9ficit de los Fondos Privados de Pensiones que se ha producido en 2018?"},"content":{"rendered":"<p>Las pensiones p\u00fablicas con el sistema de reparto han tardado 60 a\u00f1os en tener d\u00e9ficit y si durante estos 60 a\u00f1os el excedente se hubiese depositado en una \u201chucha\u201d hoy tendr\u00edamos en ella de 500.000 a 800.000 millones de euros con los que cubrir\u00edan el d\u00e9ficit hasta el a\u00f1o 2050 y m\u00e1s.<\/p>\n\n\n\n<p>En cambio, seg\u00fan El Economista.es del 24 de abril de 2019, los Fondos Privados de Pensiones ya desembolsan m\u00e1s dinero por pagos a sus pensionistas que el que ingresan de los ahorradores que aspiran a ser futuros pensionistas. <strong>El d\u00e9ficit en 2018 fue de 202 millones de euros<\/strong>.<\/p>\n\n\n\n<p>Es dona com a causa que en 2018 les aportacions netes a plans individuals d'estalvis contractats amb un banc han estat un 43% menys que les aportacions de 2017 i que, en canvi, les prestacions en 2018 van arribar als 2029 milions d'euros que \u00e9s un 12% m\u00e9s que el 2017.<\/p>\n\n\n\n<p>Resulta preocupante que se dramatice tanto este hecho y que incluso se diga que el sistema de los Fondos Privados de Pensiones est\u00e1 amenazado. En teor\u00eda, los Fondos Privados de Pensiones no funcionan como el sistema P\u00fablico de Pensiones de reparto, es decir, no usan el dinero que \u201centra\u201d para pagar las pensiones. A cada pensionistas le pagan con sus ahorros. Si en 2018 tuvieron que pagar 2029 millones de euros, es decir un 12% m\u00e1s que en 2017, es porque tambi\u00e9n recibieron en su d\u00eda un 12% m\u00e1s dinero de sus clientes; Si recibieron un 12% de dinero extra tendr\u00edan que haberlo gestionado bien y obtener un 12% m\u00e1s de rendimiento. Es decir, pagar a sus pensionistas sin ning\u00fan problema un 12% m\u00e1s, haya sido un a\u00f1o con muchos nuevos clientes o con pocos. No tieen nada que ver-<\/p>\n\n\n\n<p><strong>A no no ser que en cierto modo se hubiesen convertido en una estafa piramidal<\/strong>, es decir, que hubiesen gestionado mal, hubiesen malgastado, dilapidado o apropiado el dinero que les confiaban sus ahorradores, por ejemplo, \u00abcomprando\u00bb a la banca que los controla, a buen precio, sus valores t\u00f3xicos que no valen nada. En este caso, si que se entender\u00eda que como pasa con las estafas piramidales  hubiesen utilizado el dinero que \u201centra\u201d para seguir pagando unas pensiones decentes y disimular la mala gesti\u00f3n. Naturalmente este procedimiento fallar\u00eda si tienen que pagar m\u00e1s por pensiones que el que les entra como aportaciones, es decir, <strong>si tienen d\u00e9ficit<\/strong>.<\/p>\n\n\n\n<p>Per aix\u00f2, resulta alarmant que aquest d\u00e8ficit hagi desencadenat un seguit de peticions en els mitjans de comunicaci\u00f3 lligats als poders econ\u00f2mics defensant canvis legals que ens \"obliguin\" als espanyols a donar m\u00e9s diners als fons de pensions lligats a la Banca.<\/p>\n\n\n\n<p>El Director de Econom\u00eda y Estad\u00edstica del Banco de Espa\u00f1a propone unos Fondos Privados obligatorios, e incluso el Partido Socialista anuncia la idea que no figuraba en su programa electoral de la \u201cMochila Austriaca\u201d para substituir las indemnizaciones por despido que paga la empresa. Esta \u201cMochila\u201d ser\u00eda un fondo para la indemnizaci\u00f3n por despido de cada trabajador que \u201cnaturalmente\u201d no estar\u00eda depositada en la Seguridad Social, invertida en Deuda P\u00fablica de Espa\u00f1a que da poco inter\u00e9s pero cuyo cobro garantiza la Constituci\u00f3n, sino que ir\u00eda a un Fondo de Pensiones ligado a un Banco que de entrada cobrar\u00eda comisiones y que adem\u00e1s ser\u00eda ser\u00eda dinero \u00abfresco\u00bb que tapar\u00eda su d\u00e9ficit y que podr\u00eda invertir pensando en sus intereses y no en los de sus clientes.<\/p>\n\n\n\n<p>Pensem que El Peri\u00f3dico de 3 d'abril de 2019, recollia que segons el Governador del Banc d'Espanya, Pablo Hern\u00e1ndez de Clos, la banca t\u00e9 m\u00e9s actius t\u00f2xics ara que abans de la crisi.<\/p>\n\n\n\n<p>En todo este asunto resulta curioso ver como los pol\u00edticos que se llaman \u201cliberales\u201d cuando se trata de defender la libertad del due\u00f1o a despedir; a cobrar altos alquileres; o a pagar bajos salarios, dejan de ser liberales y defienden que se obligue a que los trabajadores espa\u00f1oles inviertan una parte de su salario en los Fondos Privados de Pensiones al ver que \u00abpor las buenas\u00bb no se deciden a aportar dinero a los Fondos de Pensiones Privados.<\/p>\n\n\n\n<p><\/p>","protected":false},"excerpt":{"rendered":"<p>Las pensiones p\u00fablicas con el sistema de reparto han tardado 60 a\u00f1os en tener d\u00e9ficit y si durante estos 60 a\u00f1os el excedente se hubiese depositado en una \u201chucha\u201d hoy tendr\u00edamos en ella de 500.000 a 800.000 millones de euros con los que cubrir\u00edan el d\u00e9ficit hasta el a\u00f1o 2050 y m\u00e1s. En cambio, seg\u00fan&hellip;&nbsp;<a href=\"https:\/\/mareapensionista.org\/ca\/9-1que-pasara-a-partir-del-primer-deficit-de-los-fondos-privados-de-pensiones-que-se-ha-producido-en-2018\/\" class=\"\" rel=\"bookmark\">Read More &raquo;<span class=\"screen-reader-text\">2.2\u00bfQu\u00e9 pasar\u00e1 a partir del primer d\u00e9ficit de los Fondos Privados de Pensiones que se ha producido en 2018?<\/span><\/a><\/p>","protected":false},"author":4,"featured_media":0,"parent":0,"menu_order":0,"comment_status":"closed","ping_status":"closed","template":"","meta":{"neve_meta_sidebar":"full-width","neve_meta_container":"","neve_meta_enable_content_width":"on","neve_meta_content_width":100,"neve_meta_title_alignment":"","neve_meta_author_avatar":"","neve_post_elements_order":"","neve_meta_disable_header":"","neve_meta_disable_footer":"","neve_meta_disable_title":"","_ti_tpc_template_sync":false,"_ti_tpc_template_id":"","_mc_calendar":[],"footnotes":""},"class_list":["post-4172","page","type-page","status-publish","hentry"],"_links":{"self":[{"href":"https:\/\/mareapensionista.org\/ca\/wp-json\/wp\/v2\/pages\/4172","targetHints":{"allow":["GET"]}}],"collection":[{"href":"https:\/\/mareapensionista.org\/ca\/wp-json\/wp\/v2\/pages"}],"about":[{"href":"https:\/\/mareapensionista.org\/ca\/wp-json\/wp\/v2\/types\/page"}],"author":[{"embeddable":true,"href":"https:\/\/mareapensionista.org\/ca\/wp-json\/wp\/v2\/users\/4"}],"replies":[{"embeddable":true,"href":"https:\/\/mareapensionista.org\/ca\/wp-json\/wp\/v2\/comments?post=4172"}],"version-history":[{"count":6,"href":"https:\/\/mareapensionista.org\/ca\/wp-json\/wp\/v2\/pages\/4172\/revisions"}],"predecessor-version":[{"id":4337,"href":"https:\/\/mareapensionista.org\/ca\/wp-json\/wp\/v2\/pages\/4172\/revisions\/4337"}],"wp:attachment":[{"href":"https:\/\/mareapensionista.org\/ca\/wp-json\/wp\/v2\/media?parent=4172"}],"curies":[{"name":"wp","href":"https:\/\/api.w.org\/{rel}","templated":true}]}}