{"id":4175,"date":"2024-01-02T01:40:06","date_gmt":"2024-01-01T23:40:06","guid":{"rendered":"https:\/\/mareapensionista.org\/?page_id=4175"},"modified":"2024-01-09T21:35:22","modified_gmt":"2024-01-09T19:35:22","slug":"9-2que-es-la-mochila-austriaca-o-la-obsesion-por-entregar-a-la-banca-dinero-de-los-trabajadores","status":"publish","type":"page","link":"https:\/\/mareapensionista.org\/ca\/9-2que-es-la-mochila-austriaca-o-la-obsesion-por-entregar-a-la-banca-dinero-de-los-trabajadores\/","title":{"rendered":"2.3\u00bfQu\u00e9 es la \u00abMochila austriaca\u00bb? (o la obsesi\u00f3n por entregar a la banca dinero de los trabajadores)"},"content":{"rendered":"<p>La \u00abMochila austriaca\u00bb es como un peque\u00f1o fondo de pensiones privado al que se aporta un porcentaje del salario bruto (en Austria, el 1,53%), pero que se rescata y se gasta cuando un trabajador es despedido o por cualquier raz\u00f3n se queda sin empleo, no ha de esperar a jubilarse.\u00a0Con su \u00abMochila austriaca\u00bb se considera que el trabajador ya ha sido indemnizado por adelantado, por lo que cualquier futuro despido es gratis para el empresario. Es decir, ya no tendr\u00e1 que calcular si por culpa de las indemnizaciones, le sale a cuenta despedir. Naturalmente,  para un trabajador nunca ha a estado desempleado, funcionar\u00edan como un Fondo de Pensiones que se cobra lo ahorrado  al jubilarse.<\/p>\n\n\n\n<p>La Mochila austriaca se basa en un modelo que se implant\u00f3 sin grandes problemas en Austria al ser un pa\u00eds con una tasa de paro del 3,8% en el 2008 y que ahora solo ha subido al 4,8%. Adem\u00e1s, los contratos temporales representan un 9,2% frente al 23,1% que lleg\u00f3 a tener en Espa\u00f1a  y\u00a0<strong>. Per\u00f2 sobretot tinguem en compte que en aquell pa\u00eds no hi havia indemnitzaci\u00f3 per acomiadament com la que tenim a Espanya.<\/strong>.<\/p>\n\n\n\n<p>Naturalmente, el dinero de las \u00abmochilas\u00bb, en lugar de custodiarlo el Estado o la Seguridad Social invirti\u00e9ndolo en Deuda P\u00fablica espa\u00f1ola que paga un inter\u00e9s garantizado por la Constituci\u00f3n, ir\u00eda a fondos administrados por los bancos que cobran comisiones, (al igual que ocurre con los fondos de pensiones privados). Adem\u00e1s, no hace falta recordar como trataron a sus clientes cuando en las sucursales enga\u00f1aban a viudas y pensionistas endos\u00e1ndoles  \u201csubordinadas\u201d, \u201cpreferentes\u201d, o todo aquello que los bancos quieran quitarse de encima sin perdidas o porque le pagaban una comisi\u00f3n. Estas malas pr\u00e1cticas, de reproducirse, podr\u00edan camuflarse durante muchos a\u00f1os, en las mochilas del 20% de parados colocar valores sanos y repartir los bonos basura entre las mochilas del 80% que trabaja.. Habr\u00eda que tener una situaci\u00f3n de paro muy elevado para que no pudiesen hacer este truco. De todos modos, pasados 20 o 30 a\u00f1os cuando les llegase una avalancha de trabajadores que se jubilan y reclaman su \u00abmochila\u00bb, se descubrir\u00eda la tarmpa. De todos modos, siempre tendr\u00edan el consuelo que los delitos de administraci\u00f3n desleal prescriben con el tiempo y que al final la culpa ser\u00eda del Banco de Espa\u00f1a o de cualquier complaciente entidad \u00abcontroladora\u00bb por no hacer su trabajo.<\/p>\n\n\n\n<p>Se repite pues la jugada\u00a0<strong>:<\/strong>\u00a0si per donar a la banca els Fons Privats de Pensions pretenen arru\u00efnar primer el\u00a0<strong>Sistema P\u00fablic de Pensions<\/strong>; ahora para darles la \u00abMochila Austriaca\u00bb aspiran tambi\u00e9n a arruinar el\u00a0<strong>Sistema d'indemnitzacions per acomiadament<\/strong>\u00a0que paguen les empreses i la quantia de la qual a Espanya ve regulada per llei.<\/p>\n\n\n\n<p>Actualmente, en caso de despido, un trabajador recibe 20 d\u00edas de salario por a\u00f1o trabajado (33 si es despido improcedente) con un l\u00edmite de 12 meses (24 si es improcedente). Adem\u00e1s, pagar las indemnizaciones laborales tienen prioridad sobre los dem\u00e1s acreedores cuando se embarga o liquida una empresa y si no se pudiesen cubrir pueden ser completadas con ayudas de la administraci\u00f3n. Todo esto es lo que tendr\u00e1 que desaparecer o reducirse para que \u00abla mochila austriaca\u00bb parezca algo positivo.<\/p>\n\n\n\n<p>Se dijo cuando Espa\u00f1a ten\u00eda un 23% de los trabajadores temporales que se beneficiaban poco del sistema actual de indemnizaciones. Puede ser cierto y la buena soluci\u00f3n ha sido reducir la tasa de temporalidad. No, adoptar la Mochila austriaca que por ejemplo, solo le aportar\u00eda a la mochila del trabajador temporal mileurista que ha tenido un trabajo de un mes de duraci\u00f3n, algo as\u00ed como un 2% de 1000\u20ac, es decir 20 euros. En vez del l\u00edo de depositarlos en la \u00abmochila\u00bb gestionada por un banco, ser\u00eda m\u00e1s pr\u00e1ctico le den directamente en mano los 20\u20ac como indemnizaci\u00f3n. Seguro que al d\u00eda siguiente ya se los habr\u00e1 gastado en comida.<\/p>\n\n\n\n<p>Pensem que el sistema actual de pagament d'indemnitzacions encareix i frena els EROs d'empreses amb beneficis que nom\u00e9s busquen guanyar m\u00e9s, acomiadant treballadors ben pagats. Constitueix un fre a les deslocalitzacions que amenacen a convertir en un desert industrial parts del nostre pa\u00eds o a la seva totalitat, si les empreses es deslocalitzen a un pa\u00eds de menors salaris. No els ho posem m\u00e9s f\u00e0cil a aquests empresaris, amb la Motxilla Austr\u00edaca!<\/p>\n\n\n\n<p>Una Pregunta-Test: Si los trabajadores dijesen que aceptan la Mochila Austriaca para los empleos temporales o para todos (lo cual es dudoso, pues no les interesa que sea gratis su despido) y la \u00fanica condici\u00f3n que impusiesen fuese que el dinero de cada trabajador en vez de guardarlo la Banca lo guardase la Seguridad Social invertido como se comentaba m\u00e1s arriba en Deuda Publica del Estado, \u00bfles seguir\u00eda interesando a todos los partidos que la defienden,&nbsp;implantar la Mochila Austriaca? &nbsp;O todo es un ardid para dar dinero a la Banca.<\/p>\n\n\n\n<p><\/p>","protected":false},"excerpt":{"rendered":"<p>La \u00abMochila austriaca\u00bb es como un peque\u00f1o fondo de pensiones privado al que se aporta un porcentaje del salario bruto (en Austria, el 1,53%), pero que se rescata y se gasta cuando un trabajador es despedido o por cualquier raz\u00f3n se queda sin empleo, no ha de esperar a jubilarse.\u00a0Con su \u00abMochila austriaca\u00bb se considera&hellip;&nbsp;<a href=\"https:\/\/mareapensionista.org\/ca\/9-2que-es-la-mochila-austriaca-o-la-obsesion-por-entregar-a-la-banca-dinero-de-los-trabajadores\/\" class=\"\" rel=\"bookmark\">Read More &raquo;<span class=\"screen-reader-text\">2.3\u00bfQu\u00e9 es la \u00abMochila austriaca\u00bb? (o la obsesi\u00f3n por entregar a la banca dinero de los trabajadores)<\/span><\/a><\/p>","protected":false},"author":4,"featured_media":0,"parent":0,"menu_order":0,"comment_status":"closed","ping_status":"closed","template":"","meta":{"neve_meta_sidebar":"full-width","neve_meta_container":"","neve_meta_enable_content_width":"on","neve_meta_content_width":100,"neve_meta_title_alignment":"","neve_meta_author_avatar":"","neve_post_elements_order":"","neve_meta_disable_header":"","neve_meta_disable_footer":"","neve_meta_disable_title":"","_ti_tpc_template_sync":false,"_ti_tpc_template_id":"","_mc_calendar":[],"footnotes":""},"class_list":["post-4175","page","type-page","status-publish","hentry"],"_links":{"self":[{"href":"https:\/\/mareapensionista.org\/ca\/wp-json\/wp\/v2\/pages\/4175","targetHints":{"allow":["GET"]}}],"collection":[{"href":"https:\/\/mareapensionista.org\/ca\/wp-json\/wp\/v2\/pages"}],"about":[{"href":"https:\/\/mareapensionista.org\/ca\/wp-json\/wp\/v2\/types\/page"}],"author":[{"embeddable":true,"href":"https:\/\/mareapensionista.org\/ca\/wp-json\/wp\/v2\/users\/4"}],"replies":[{"embeddable":true,"href":"https:\/\/mareapensionista.org\/ca\/wp-json\/wp\/v2\/comments?post=4175"}],"version-history":[{"count":3,"href":"https:\/\/mareapensionista.org\/ca\/wp-json\/wp\/v2\/pages\/4175\/revisions"}],"predecessor-version":[{"id":4338,"href":"https:\/\/mareapensionista.org\/ca\/wp-json\/wp\/v2\/pages\/4175\/revisions\/4338"}],"wp:attachment":[{"href":"https:\/\/mareapensionista.org\/ca\/wp-json\/wp\/v2\/media?parent=4175"}],"curies":[{"name":"wp","href":"https:\/\/api.w.org\/{rel}","templated":true}]}}