{"id":4180,"date":"2024-01-02T01:41:53","date_gmt":"2024-01-01T23:41:53","guid":{"rendered":"https:\/\/mareapensionista.org\/?page_id=4180"},"modified":"2024-01-09T21:29:29","modified_gmt":"2024-01-09T19:29:29","slug":"9-5-los-fondos-de-pensiones-publicos-de-gestion-privada","status":"publish","type":"page","link":"https:\/\/mareapensionista.org\/ca\/9-5-los-fondos-de-pensiones-publicos-de-gestion-privada\/","title":{"rendered":"2.5 Los Fondos de Pensiones P\u00fablicos DE GESTI\u00d3N PRIVADA"},"content":{"rendered":"<div class=\"wp-block-group is-vertical is-layout-flex wp-container-core-group-is-layout-8cf370e7 wp-block-group-is-layout-flex\">\n<p>1) El 3 de abril de 2019, (antes del coronavirus)\u00a0el Gobernador del Banco de Espa\u00f1a ya dec\u00eda\u00a0que la banca tiene m\u00e1s activos t\u00f3xicos ahora que antes de la crisis del 2008 que oblig\u00f3 a rescatar a la banca.<\/p>\n\n\n\n<p> Un \u201cactivo t\u00f3xico\u201d es algo que tiene su precio \u201chinchado\u201d. Recuerda que empez\u00f3 la anterior crisis fusion\u00e1ndose Cajas de Ahorros y Bancos y que no fue suficiente.  Pues bien, ahora han vuelto las fusiones, lo cual es alarmante. Por su parte la Uni\u00f3n Europea ha visto con preocupaci\u00f3n que unas especulaciones equivocadas del Credit Suisse han obligado a su rescate. No es pues extra\u00f1o que entre las contrapartidas que el gobierno espa\u00f1ol ha prometido a la Uni\u00f3n Europea para recibir los fondos creados para superar la crisis del Covid est\u00e9 la de crear los Fondos de Pensiones P\u00fablicos DE GESTI\u00d3N TOTALMENTE PRIVADA y no garantizados por el Estado.<\/p>\n\n\n\n<p><\/p>\n\n\n\n<p>2)\u00a0\u00bfPor qu\u00e9 les vuelve a pasar esto a los bancos? Porque no se cambi\u00f3 nada y no se puso l\u00edmite a la especulaci\u00f3n financiera. Todo el dinero que el Estado emple\u00f3 en rescatar a los bancos no sirvi\u00f3 para hacerles cambiar nada. \u00a0Adem\u00e1s, ahora sabemos que nos mintieron cuando dec\u00edan que esto no iba a costar ni un euro al contribuyente.\u00a0<\/p>\n<\/div>\n\n\n\n<p><span style=\"mso-spacerun:'yes';font-family:Raleway;font-size:12,0000pt;\"><\/span>3)&nbsp;Ya no pueden volver a vender \u201csu basura\u201d a ancianos, haci\u00e9ndoles pagar un valor \u201chinchado\u201d, pues quedaron escarmentados con las \u201cPreferentes\u201d y las \u201cSubordinadas\u201d que les vendieron en el pasado.<\/p>\n\n\n\n<p><span style=\"mso-spacerun:'yes';font-family:Raleway;font-size:12,0000pt;\"><\/span>4)\u00a0Los bancos quieren evitar la publicidad de nuevos rescates desviando una parte de las cotizaciones que van a la seguridad socia hacia unos Fondos de pensiones \u00a0de GESTI\u00d3N PRIVADA que servir\u00edan para tu jubilaci\u00f3n.\u00a0Las entidades financieras que controla la Banca se quedar\u00e1n este dinero y a cambio colocar\u00e1n en tu fondo las \u00a0acciones o valores \u201ct\u00f3xicos\u201d\u00a0que quieran sacarse de encima (sabr\u00e1n \u201cmaquillarlo\u201d).<\/p>\n\n\n\n<p><span style=\"mso-spacerun:'yes';font-family:Raleway;font-size:12,0000pt;\"><\/span>5)\u00a0Ese fraude en tu Fondo de Pensiones tendr\u00e1n que pasar veinte o treinta a\u00f1os para que se descubra, cuando ya no lo puedan tapar porque haya m\u00e1s jubilaciones a pagar que ingresos, y tengan que vender lo que tiene cada trabajador en su fondo de pensiones para pagar.\u00a0Entonces se descubrir\u00e1 que no vale nada. Esto ya les pas\u00f3 a los chilenos que ahora se han encontrado con pensiones de cien euros.<\/p>\n\n\n\n<p><span style=\"mso-spacerun:'yes';font-family:Raleway;color:rgb(0,0,0);font-size:12,0000pt;\"><\/span>6)&nbsp;&nbsp;Cuando se especula se puede ganar mucho dinero:&nbsp;Se reparten beneficios entre los propietarios de las acciones, los directivos se aumentan el sueldo y reciben \u201cbonus\u201d.&nbsp;Pero a veces se pierde&nbsp;y algo que vale mil puede acabar valiendo dos. Cuando esto ocurre los grandes financieros no&nbsp;quieren perder su dinero ni recortar beneficios, tampoco sus gestores quieren bajarse el sueldo o dimitir \u00bfQue hacen?&nbsp;Pasarlo&nbsp;al precio inicial&nbsp;a los fondos de pensiones cuyos millones de trabajadores no tienen ni idea de finanzas.<\/p>\n\n\n\n<p><span style=\"mso-spacerun:'yes';font-family:Raleway;color:rgb(0,0,0);font-size:12,0000pt;\"><\/span>7)&nbsp;Cuando un activo pierde valor, lo traspasan a esos fondos&nbsp;por su anterior valor (como si todav\u00eda valiese mil). Es lo que se llama un \u201cvalor t\u00f3xico\u201d. Esos fondos de gentes an\u00f3nimas, que no pueden sacar su dinero durante decenios &nbsp;(hasta que se jubilan), son una bomba de relojer\u00eda, destinada a estallar cuando las gentes son m\u00e1s indefensas por su edad y porque ya no tienen un marco laboral donde defenderse. Entonces, peri\u00f3dicos, TVs y medios \u201ccomprados\u201d&nbsp;por los financieros dar\u00e1n la culpa a la &nbsp;falta de control &nbsp;de Sindicatos y Gobierno.<\/p>","protected":false},"excerpt":{"rendered":"<p>1) El 3 de abril de 2019, (antes del coronavirus)\u00a0el Gobernador del Banco de Espa\u00f1a ya dec\u00eda\u00a0que la banca tiene m\u00e1s activos t\u00f3xicos ahora que antes de la crisis del 2008 que oblig\u00f3 a rescatar a la banca. Un \u201cactivo t\u00f3xico\u201d es algo que tiene su precio \u201chinchado\u201d. Recuerda que empez\u00f3 la anterior crisis fusion\u00e1ndose&hellip;&nbsp;<a href=\"https:\/\/mareapensionista.org\/ca\/9-5-los-fondos-de-pensiones-publicos-de-gestion-privada\/\" class=\"\" rel=\"bookmark\">Read More &raquo;<span class=\"screen-reader-text\">2.5 Los Fondos de Pensiones P\u00fablicos DE GESTI\u00d3N PRIVADA<\/span><\/a><\/p>","protected":false},"author":4,"featured_media":0,"parent":0,"menu_order":0,"comment_status":"closed","ping_status":"closed","template":"","meta":{"neve_meta_sidebar":"full-width","neve_meta_container":"","neve_meta_enable_content_width":"on","neve_meta_content_width":100,"neve_meta_title_alignment":"","neve_meta_author_avatar":"","neve_post_elements_order":"","neve_meta_disable_header":"","neve_meta_disable_footer":"","neve_meta_disable_title":"","_ti_tpc_template_sync":false,"_ti_tpc_template_id":"","_mc_calendar":[],"footnotes":""},"class_list":["post-4180","page","type-page","status-publish","hentry"],"_links":{"self":[{"href":"https:\/\/mareapensionista.org\/ca\/wp-json\/wp\/v2\/pages\/4180","targetHints":{"allow":["GET"]}}],"collection":[{"href":"https:\/\/mareapensionista.org\/ca\/wp-json\/wp\/v2\/pages"}],"about":[{"href":"https:\/\/mareapensionista.org\/ca\/wp-json\/wp\/v2\/types\/page"}],"author":[{"embeddable":true,"href":"https:\/\/mareapensionista.org\/ca\/wp-json\/wp\/v2\/users\/4"}],"replies":[{"embeddable":true,"href":"https:\/\/mareapensionista.org\/ca\/wp-json\/wp\/v2\/comments?post=4180"}],"version-history":[{"count":8,"href":"https:\/\/mareapensionista.org\/ca\/wp-json\/wp\/v2\/pages\/4180\/revisions"}],"predecessor-version":[{"id":4432,"href":"https:\/\/mareapensionista.org\/ca\/wp-json\/wp\/v2\/pages\/4180\/revisions\/4432"}],"wp:attachment":[{"href":"https:\/\/mareapensionista.org\/ca\/wp-json\/wp\/v2\/media?parent=4180"}],"curies":[{"name":"wp","href":"https:\/\/api.w.org\/{rel}","templated":true}]}}