{"id":4187,"date":"2024-01-02T01:41:18","date_gmt":"2024-01-01T23:41:18","guid":{"rendered":"https:\/\/mareapensionista.org\/?page_id=4187"},"modified":"2024-01-09T21:14:46","modified_gmt":"2024-01-09T19:14:46","slug":"9-4cambiaria-algo-si-los-fondos-de-pensiones-o-la-mochila-austriaca-los-administrase-una-entidad-controlada-por-los-trabajadores","status":"publish","type":"page","link":"https:\/\/mareapensionista.org\/ca\/9-4cambiaria-algo-si-los-fondos-de-pensiones-o-la-mochila-austriaca-los-administrase-una-entidad-controlada-por-los-trabajadores\/","title":{"rendered":"2.6\u00bfCambiar\u00eda algo si los Fondos de Pensiones o la Mochila Austriaca los administrase una entidad controlada por los trabajadores"},"content":{"rendered":"<p><strong>NO<\/strong>, porque la falta de estructura para almacenar y gestionar tanto dinero les obligar\u00eda a acabar siendo clientes de alg\u00fan banco, y los bancos son capaces de enga\u00f1ar a sus clientes coloc\u00e1ndoles subordinadas, preferentes o valores t\u00f3xicos que quieren sacarse de encima. Incluso les resultar\u00eda m\u00e1s discreto que enga\u00f1ar a viudas, enga\u00f1ar a estas entidades \u201ccontroladas\u201d por trabajadores. Los bancos no dudar\u00edan en convertirlos en su salvaci\u00f3n para endosarles sus malas inversiones.<\/p>\n\n\n\n<p>Si los banqueros americanos fueron capaces de estafar a los banqueros europeos vendi\u00e9ndoles unas hipotecas que daban hasta un 17% de inter\u00e9s, pero que en realidad no val\u00edan nada, creando la crisis del 2008, seguro que un banquero puede enga\u00f1ar a los representantes de los trabajadores.<\/p>\n\n\n\n<p>Adem\u00e1s, a los bancos desde el punto de vista estrat\u00e9gico y propagand\u00edstico les convendr\u00eda que si con el paso de los a\u00f1os, se generalizase la decepci\u00f3n y la protesta por la \u00abdesaparici\u00f3n\u00bb o devaluaci\u00f3n \u00a0de los ahorros confiados a los Fondos de Pensiones Privados, el esc\u00e1ndolo tambi\u00e9n afectase a los gestionados te\u00f3ricamente por los trabajadores. As\u00ed parecer\u00eda que lo sucedido se debe a una fatalidad generalizada y no a sus manejos y especulaciones. Se repetir\u00eda lo ocurrido en 2007 en que prefieren se\u00f1alar como causante de la crisis a la gesti\u00f3n de las Cajas de Ahorros \u00abcontroladas\u00bb por \u00abpol\u00edticos\u00bb, en vez de reconocer la causa que fue la especulaci\u00f3n mundial generalizada de los bancos con los \u00abderivados\u00bb y las hipotecas de cobro \u00abimposible\u00bb.<\/p>\n\n\n\n<p>\u00bfPodr\u00edan hacer algo para protegerse las entidades \u00abcontroladas\u00bb por los trabajadores?. Tendr\u00edan dos opciones que tambi\u00e9n tienen pegas:<\/p>\n\n\n\n<p>\u2013 1\u00aa En vez de tener representantes en los \u00f3rganos de control que cobran dietas por asistir a reuniones, contratar a asesores profesionales que controlasen a los gestores del fondo. La <strong>pega<\/strong> est\u00e1 en que nunca se podr\u00eda confiar al 100% en ellos y que las comisiones tendr\u00edan que ser m\u00e1s elevadas para poder pagar este personal extra.  <\/p>\n\n\n\n<p>En este punto, conviene recordar el serio problema de las comisiones del 1,5% anual que m\u00e1s o menos, cobran los fondos de pensiones privadas a los trabajadores-ahorradores. Las comisiones las cobran repetidamente cada a\u00f1o sobre el capital que el trabajador les ha confiado, no una sola vez en el momento de ingresarlo. O sea que si un a\u00f1o se ingresan 1000 euros se quedar\u00e1n a fin de a\u00f1o un 1,5% y al a\u00f1o siguiente otro 1,5% de los mismos 1000 euros. En diez a\u00f1os se quedan el 15%, en veinte el 30 y cuando el trabajador se jubila del dinero que ingreso cuando era joven, hace 30 a\u00f1os ya se le ha evaporado en comisiones el 45%. de estos 1000\u20ac<\/p>\n\n\n\n<p>\u2013 La otra opci\u00f3n es proteger a los trabajadores de enga\u00f1os bancarios obligando que el dinero ingresado se invierta en comprar deuda p\u00fablica de Espa\u00f1a que aunque da poco inter\u00e9s, su cobro est\u00e1 garantizado por la Constituci\u00f3n. Esto adem\u00e1s ser\u00eda bueno para Espa\u00f1a o para cualquier pa\u00eds, cuanta m\u00e1s deuda est\u00e9 en manos de espa\u00f1oles, menos riesgo hay de que, como ya pas\u00f3, los fondos especulativos extranjeros hagan que se dispara la prima de riesgo que Espa\u00f1a ha de pagar por su deuda. La <strong>pega<\/strong> es que es inviable<\/p>\n\n\n\n<p>En efecto, con esta \u00faltima opci\u00f3n dinero no ir\u00eda a la banca, en contra de lo que pretenden quienes promueven los Fondos de Pensiones Privados. Si quieren que cada trabajador tenga un Fondo de Pensiones en donde se acumula y capitaliza el dinero que aporta no es para hacerle un favor al trabajador, es para que la banca pueda administrar este capital.<\/p>\n\n\n\n<p><\/p>","protected":false},"excerpt":{"rendered":"<p>NO, porque la falta de estructura para almacenar y gestionar tanto dinero les obligar\u00eda a acabar siendo clientes de alg\u00fan banco, y los bancos son capaces de enga\u00f1ar a sus clientes coloc\u00e1ndoles subordinadas, preferentes o valores t\u00f3xicos que quieren sacarse de encima. Incluso les resultar\u00eda m\u00e1s discreto que enga\u00f1ar a viudas, enga\u00f1ar a estas entidades&hellip;&nbsp;<a href=\"https:\/\/mareapensionista.org\/ca\/9-4cambiaria-algo-si-los-fondos-de-pensiones-o-la-mochila-austriaca-los-administrase-una-entidad-controlada-por-los-trabajadores\/\" class=\"\" rel=\"bookmark\">Read More &raquo;<span class=\"screen-reader-text\">2.6\u00bfCambiar\u00eda algo si los Fondos de Pensiones o la Mochila Austriaca los administrase una entidad controlada por los trabajadores<\/span><\/a><\/p>","protected":false},"author":4,"featured_media":0,"parent":0,"menu_order":0,"comment_status":"closed","ping_status":"closed","template":"","meta":{"neve_meta_sidebar":"full-width","neve_meta_container":"","neve_meta_enable_content_width":"on","neve_meta_content_width":100,"neve_meta_title_alignment":"","neve_meta_author_avatar":"","neve_post_elements_order":"","neve_meta_disable_header":"","neve_meta_disable_footer":"","neve_meta_disable_title":"","_ti_tpc_template_sync":false,"_ti_tpc_template_id":"","_mc_calendar":[],"footnotes":""},"class_list":["post-4187","page","type-page","status-publish","hentry"],"_links":{"self":[{"href":"https:\/\/mareapensionista.org\/ca\/wp-json\/wp\/v2\/pages\/4187","targetHints":{"allow":["GET"]}}],"collection":[{"href":"https:\/\/mareapensionista.org\/ca\/wp-json\/wp\/v2\/pages"}],"about":[{"href":"https:\/\/mareapensionista.org\/ca\/wp-json\/wp\/v2\/types\/page"}],"author":[{"embeddable":true,"href":"https:\/\/mareapensionista.org\/ca\/wp-json\/wp\/v2\/users\/4"}],"replies":[{"embeddable":true,"href":"https:\/\/mareapensionista.org\/ca\/wp-json\/wp\/v2\/comments?post=4187"}],"version-history":[{"count":3,"href":"https:\/\/mareapensionista.org\/ca\/wp-json\/wp\/v2\/pages\/4187\/revisions"}],"predecessor-version":[{"id":4341,"href":"https:\/\/mareapensionista.org\/ca\/wp-json\/wp\/v2\/pages\/4187\/revisions\/4341"}],"wp:attachment":[{"href":"https:\/\/mareapensionista.org\/ca\/wp-json\/wp\/v2\/media?parent=4187"}],"curies":[{"name":"wp","href":"https:\/\/api.w.org\/{rel}","templated":true}]}}