{"id":4234,"date":"2024-01-07T21:26:21","date_gmt":"2024-01-07T19:26:21","guid":{"rendered":"https:\/\/mareapensionista.org\/?page_id=4234"},"modified":"2024-01-14T01:18:21","modified_gmt":"2024-01-13T23:18:21","slug":"9-6-si-te-dicencontesta","status":"publish","type":"page","link":"https:\/\/mareapensionista.org\/ca\/9-6-si-te-dicencontesta\/","title":{"rendered":"3.  SI TE DICEN\u2026CONTESTA\u2026"},"content":{"rendered":"<p><\/p>\n<ul class=\"wp-block-list\">\n<li style=\"list-style-type: none;\">\n<ul><\/ul>\n<\/li>\n<\/ul>\n<p>\u00a0<\/p>\n<ul>\n<li style=\"list-style-type: none;\">\n<ul>\n<li>NO SE PODR\u00c1N PAGAR LAS PENSIONES DENTRO DE 50 A\u00d1OS.\u00a0 <b><a href=\"https:\/\/mareapensionista.org\/ca\/9-61-no-se-podran-pagar-las-pensiones-dentro-de-50-anos\/\">Leer.<\/a><\/b><\/li>\n<\/ul>\n<\/li>\n<\/ul>\n<p><\/p>\n<p><\/p>\n<ul>\n<li style=\"list-style-type: none;\">\n<ul>\n<li>EL PACTO DE TOLEDO CAS\u00cd HAB\u00cdA ALCANZADO UNOS BUENOS ACUERDOS, PERO SE OPUSO LA MAREA PENSIONISTA Y ALG\u00daN PARTIDO LA APOY\u00d3.\u00a0 <b><a href=\"https:\/\/mareapensionista.org\/ca\/9-62-el-pacto-de-toledo-casi-habia-alcanzado-unos-buenos-acuerdos-pero-se-opuso-la-marea-pensionista-y-algun-partido\/\">Leer.<\/a><\/b><\/li>\n<\/ul>\n<\/li>\n<\/ul>\n<p><\/p>\n<p><\/p>\n<ul>\n<li style=\"list-style-type: none;\">\n<ul>\n<li>LA MAREA PENSIONISTA EXAGERA AL PEDIR UNA PENSI\u00d3N M\u00cdNIMA DE 1089\u20ac.\u00a0 <b><a href=\"https:\/\/mareapensionista.org\/ca\/9-63-la-marea-pensionista-exagera-al-pedir-una-pension-minima-de-1080e\/\">Leer.<\/a><\/b><\/li>\n<\/ul>\n<\/li>\n<\/ul>\n<p><\/p>\n<p><\/p>\n<ul>\n<li style=\"list-style-type: none;\">\n<ul>\n<li>LOS QUE SE MANIFIESTAN EN LA MAREA PENSIONISTA SON UNOS \u00abLISTOS\u00bb QUE NO QUISIERON COTIZAR Y AHORA NO TIENEN PENSI\u00d3N Y SE QUEJAN.\u00a0 <b><a href=\"https:\/\/mareapensionista.org\/ca\/9-63-los-que-se-manifiestan-en-la-marea-pensionista-son-unos-listos-que-no-quisieron-cotizar-y-ahora-no-tienen-pension-y-se-quejan\/\">Leer.<\/a>.<\/b><\/li>\n<\/ul>\n<\/li>\n<\/ul>\n<p><\/p>\n<p><\/p>","protected":false},"excerpt":{"rendered":"","protected":false},"author":4,"featured_media":0,"parent":0,"menu_order":0,"comment_status":"closed","ping_status":"closed","template":"","meta":{"neve_meta_sidebar":"full-width","neve_meta_container":"","neve_meta_enable_content_width":"on","neve_meta_content_width":100,"neve_meta_title_alignment":"","neve_meta_author_avatar":"","neve_post_elements_order":"","neve_meta_disable_header":"","neve_meta_disable_footer":"","neve_meta_disable_title":"","_ti_tpc_template_sync":false,"_ti_tpc_template_id":"","_mc_calendar":[],"footnotes":""},"class_list":["post-4234","page","type-page","status-publish","hentry"],"_links":{"self":[{"href":"https:\/\/mareapensionista.org\/ca\/wp-json\/wp\/v2\/pages\/4234","targetHints":{"allow":["GET"]}}],"collection":[{"href":"https:\/\/mareapensionista.org\/ca\/wp-json\/wp\/v2\/pages"}],"about":[{"href":"https:\/\/mareapensionista.org\/ca\/wp-json\/wp\/v2\/types\/page"}],"author":[{"embeddable":true,"href":"https:\/\/mareapensionista.org\/ca\/wp-json\/wp\/v2\/users\/4"}],"replies":[{"embeddable":true,"href":"https:\/\/mareapensionista.org\/ca\/wp-json\/wp\/v2\/comments?post=4234"}],"version-history":[{"count":19,"href":"https:\/\/mareapensionista.org\/ca\/wp-json\/wp\/v2\/pages\/4234\/revisions"}],"predecessor-version":[{"id":4781,"href":"https:\/\/mareapensionista.org\/ca\/wp-json\/wp\/v2\/pages\/4234\/revisions\/4781"}],"wp:attachment":[{"href":"https:\/\/mareapensionista.org\/ca\/wp-json\/wp\/v2\/media?parent=4234"}],"curies":[{"name":"wp","href":"https:\/\/api.w.org\/{rel}","templated":true}]}}