{"id":4238,"date":"2024-01-07T21:32:23","date_gmt":"2024-01-07T19:32:23","guid":{"rendered":"https:\/\/mareapensionista.org\/?page_id=4238"},"modified":"2024-01-09T21:02:27","modified_gmt":"2024-01-09T19:02:27","slug":"9-61-no-se-podran-pagar-las-pensiones-dentro-de-50-anos","status":"publish","type":"page","link":"https:\/\/mareapensionista.org\/ca\/9-61-no-se-podran-pagar-las-pensiones-dentro-de-50-anos\/","title":{"rendered":"3.1 NO SE PODR\u00c1N PAGAR LAS PENSIONES DENTRO DE 50 A\u00d1OS"},"content":{"rendered":"<p>Siguem pessimistes i suposem que Espanya nom\u00e9s creixer\u00e0 un 1% cada any (Rajoy presumia de cr\u00e9ixer m\u00e9s del 3%). Llavors d'aqu\u00ed a 50 anys Espanya seria un 64% m\u00e9s rica que ara, en anar-se acumulant aquests 1%.<br>A m\u00e9s, diuen que la poblaci\u00f3 espanyola baixar\u00e0 o cr\u00e9ixer\u00e0 poc.<br>Despr\u00e9s:<br>Amb el 64% de riquesa extra que tindr\u00e0 Espanya, ben repartit, es podran pagar les pensions (i els \"fills\" viure millor que els \"pares\", com succeeix sempre que un pa\u00eds creix).<br>El que passa \u00e9s que l'augment de riquesa (aquest 64%) se\u2019l volen quedar -any rere any- banquers, asseguradores, constructores, el\u00e8ctriques, fons voltor, etc.<br>No tenen prou amb les desigualtats actuals. Els rics encara volen ser m\u00e9s rics.<\/p>\n\n\n\n<p>Per aix\u00f2 paguen economistes, tertulians i partits per dir que d'aqu\u00ed a 50 anys no es podran pagar les pensions (i que els \"fills\" viuran pitjor que els \"pares\").<br>Si ens deixem conv\u00e8ncer han guanyat.<\/p>","protected":false},"excerpt":{"rendered":"<p>Seamos pesimistas y supongamos que Espa\u00f1a solo va a crecer un 1% cada a\u00f1o (Rajoy presum\u00eda de crecer m\u00e1s del 3%). Aun as\u00ed dentro de 50 a\u00f1os Espa\u00f1a ser\u00eda un 64% m\u00e1s rica que ahora, al irse acumulando estos 1%.Dicen, adem\u00e1s, que la poblaci\u00f3n de Espa\u00f1a bajar\u00e1 o crecer\u00e1 poco.Luego:Con el 64% de riqueza extra&hellip;&nbsp;<a href=\"https:\/\/mareapensionista.org\/ca\/9-61-no-se-podran-pagar-las-pensiones-dentro-de-50-anos\/\" class=\"\" rel=\"bookmark\">Read More &raquo;<span class=\"screen-reader-text\">3.1 NO SE PODR\u00c1N PAGAR LAS PENSIONES DENTRO DE 50 A\u00d1OS<\/span><\/a><\/p>","protected":false},"author":4,"featured_media":0,"parent":0,"menu_order":0,"comment_status":"closed","ping_status":"closed","template":"","meta":{"neve_meta_sidebar":"full-width","neve_meta_container":"","neve_meta_enable_content_width":"on","neve_meta_content_width":100,"neve_meta_title_alignment":"","neve_meta_author_avatar":"","neve_post_elements_order":"","neve_meta_disable_header":"","neve_meta_disable_footer":"","neve_meta_disable_title":"","_ti_tpc_template_sync":false,"_ti_tpc_template_id":"","_mc_calendar":[],"footnotes":""},"class_list":["post-4238","page","type-page","status-publish","hentry"],"_links":{"self":[{"href":"https:\/\/mareapensionista.org\/ca\/wp-json\/wp\/v2\/pages\/4238","targetHints":{"allow":["GET"]}}],"collection":[{"href":"https:\/\/mareapensionista.org\/ca\/wp-json\/wp\/v2\/pages"}],"about":[{"href":"https:\/\/mareapensionista.org\/ca\/wp-json\/wp\/v2\/types\/page"}],"author":[{"embeddable":true,"href":"https:\/\/mareapensionista.org\/ca\/wp-json\/wp\/v2\/users\/4"}],"replies":[{"embeddable":true,"href":"https:\/\/mareapensionista.org\/ca\/wp-json\/wp\/v2\/comments?post=4238"}],"version-history":[{"count":3,"href":"https:\/\/mareapensionista.org\/ca\/wp-json\/wp\/v2\/pages\/4238\/revisions"}],"predecessor-version":[{"id":4343,"href":"https:\/\/mareapensionista.org\/ca\/wp-json\/wp\/v2\/pages\/4238\/revisions\/4343"}],"wp:attachment":[{"href":"https:\/\/mareapensionista.org\/ca\/wp-json\/wp\/v2\/media?parent=4238"}],"curies":[{"name":"wp","href":"https:\/\/api.w.org\/{rel}","templated":true}]}}