{"id":4240,"date":"2024-01-07T21:37:17","date_gmt":"2024-01-07T19:37:17","guid":{"rendered":"https:\/\/mareapensionista.org\/?page_id=4240"},"modified":"2024-01-09T20:59:05","modified_gmt":"2024-01-09T18:59:05","slug":"9-62-el-pacto-de-toledo-casi-habia-alcanzado-unos-buenos-acuerdos-pero-se-opuso-la-marea-pensionista-y-algun-partido","status":"publish","type":"page","link":"https:\/\/mareapensionista.org\/ca\/9-62-el-pacto-de-toledo-casi-habia-alcanzado-unos-buenos-acuerdos-pero-se-opuso-la-marea-pensionista-y-algun-partido\/","title":{"rendered":"3.2 EL PACTO DE TOLEDO CAS\u00cd HAB\u00cdA ALCANZADO UNOS BUENOS ACUERDOS, PERO SE OPUSO LA MAREA PENSIONISTA Y ALG\u00daN PARTIDO"},"content":{"rendered":"<p>Els acords que volien aconseguir demostren que la Banca i les asseguradores s\u00f3n insaciables en el seu atac a les pensions p\u00fabliques. Acabaven d'aconseguir el 2014 que el PP allargu\u00e9s el c\u00f2mput de les pensions prenent 25 anys en lloc de 15 i no omplint totes les llacunes de cotitzaci\u00f3, la qual cosa comportava ja una gran rebaixa de les futures pensions.<\/p>\n\n\n\n<p>Ara, han tornat a pressionar i aconseguit que els partits submisos als seus desitjos votin que el c\u00f2mput es faci per tota la vida laboral, sabent que per contenir per\u00edodes d'atur juvenil, d'ocupaci\u00f3 com a becari, de salaris escombraries, etc. s'anava a enfonsar una altra vegada la mitjana i la conseg\u00fcent pensi\u00f3.<\/p>\n\n\n\n<p>Luego, los acuerdos que casi hab\u00eda alcanzado el Pacto de Toledo no eran buenos para los trabajadores.<\/p>\n\n\n\n<p>L<\/p>","protected":false},"excerpt":{"rendered":"<p>Los acuerdos que quer\u00edan alcanzar demuestran que la Banca y las Aseguradoras son insaciablea en su ataque a las pensiones p\u00fablicas. Acababan de lograr en 2014 que el PP alargase el computo de las pensiones tomando 25 a\u00f1os en vez de 15, no rellenando todas las lagunas de cotizaci\u00f3n, lo cual conllevaba ya, a una&hellip;&nbsp;<a href=\"https:\/\/mareapensionista.org\/ca\/9-62-el-pacto-de-toledo-casi-habia-alcanzado-unos-buenos-acuerdos-pero-se-opuso-la-marea-pensionista-y-algun-partido\/\" class=\"\" rel=\"bookmark\">Read More &raquo;<span class=\"screen-reader-text\">3.2 EL PACTO DE TOLEDO CAS\u00cd HAB\u00cdA ALCANZADO UNOS BUENOS ACUERDOS, PERO SE OPUSO LA MAREA PENSIONISTA Y ALG\u00daN PARTIDO<\/span><\/a><\/p>","protected":false},"author":4,"featured_media":0,"parent":0,"menu_order":0,"comment_status":"closed","ping_status":"closed","template":"","meta":{"neve_meta_sidebar":"full-width","neve_meta_container":"","neve_meta_enable_content_width":"on","neve_meta_content_width":100,"neve_meta_title_alignment":"","neve_meta_author_avatar":"","neve_post_elements_order":"","neve_meta_disable_header":"","neve_meta_disable_footer":"","neve_meta_disable_title":"","_ti_tpc_template_sync":false,"_ti_tpc_template_id":"","_mc_calendar":[],"footnotes":""},"class_list":["post-4240","page","type-page","status-publish","hentry"],"_links":{"self":[{"href":"https:\/\/mareapensionista.org\/ca\/wp-json\/wp\/v2\/pages\/4240","targetHints":{"allow":["GET"]}}],"collection":[{"href":"https:\/\/mareapensionista.org\/ca\/wp-json\/wp\/v2\/pages"}],"about":[{"href":"https:\/\/mareapensionista.org\/ca\/wp-json\/wp\/v2\/types\/page"}],"author":[{"embeddable":true,"href":"https:\/\/mareapensionista.org\/ca\/wp-json\/wp\/v2\/users\/4"}],"replies":[{"embeddable":true,"href":"https:\/\/mareapensionista.org\/ca\/wp-json\/wp\/v2\/comments?post=4240"}],"version-history":[{"count":5,"href":"https:\/\/mareapensionista.org\/ca\/wp-json\/wp\/v2\/pages\/4240\/revisions"}],"predecessor-version":[{"id":4344,"href":"https:\/\/mareapensionista.org\/ca\/wp-json\/wp\/v2\/pages\/4240\/revisions\/4344"}],"wp:attachment":[{"href":"https:\/\/mareapensionista.org\/ca\/wp-json\/wp\/v2\/media?parent=4240"}],"curies":[{"name":"wp","href":"https:\/\/api.w.org\/{rel}","templated":true}]}}