{"id":4255,"date":"2024-01-07T21:53:58","date_gmt":"2024-01-07T19:53:58","guid":{"rendered":"https:\/\/mareapensionista.org\/?page_id=4255"},"modified":"2024-01-09T20:23:39","modified_gmt":"2024-01-09T18:23:39","slug":"9-73-no-se-explica-con-detalle-como-funcionan-los-fondos-de-pensiones-privados-porque-son-peor-de-lo-que-se-cree","status":"publish","type":"page","link":"https:\/\/mareapensionista.org\/ca\/9-73-no-se-explica-con-detalle-como-funcionan-los-fondos-de-pensiones-privados-porque-son-peor-de-lo-que-se-cree\/","title":{"rendered":"4.3 NO SE EXPLICA CON DETALLE C\u00d3MO FUNCIONAN LOS FONDOS DE PENSIONES PRIVADOS PORQUE SON PEOR DE LO QUE SE CREE"},"content":{"rendered":"<p>En ninguna tertulia de ninguna Televisi\u00f3n explican con detalle el funcionamiento de los Planes de Pensiones Privados y en concreto los &nbsp;\u201chachazos\u201d a los ahorros del trabajador que realizan y que ahora vamos a describir.<\/p>\n\n\n\n<p>1) El Promotor o gestor invierte los ahorros que le conf\u00edan los trabajadores, te\u00f3ricamente para obtener unos intereses, pero nadie garantiza que el fondo Privado de Pensiones, m\u00e1s o menos dependiente de un banco o entidad financiera, no le compre al mismo banco \u201cPreferentes\u201d, \u201cSubordinadas\u201d o cualquier t\u00edtulo o acci\u00f3n que posee el banco que piense que puede perder valor. Es decir, que los bancos se quiten de encima sin perder dinero los \u201cfondos t\u00f3xicos\u201d que tienen y los traspasen a un Fondo de pensiones y as\u00ed los trabajadores se encuentren al jubilarse que se han \u201cevaporado\u201d, en mayor o menor grado, sus ahorros al haberse convertido el Fondo de Pensiones en el \u201cbanco malo\u201d que \u201crescata\u201d a un banco al que le han salido mal los negocios.<\/p>\n\n\n\n<p>2) El Promotor cobra una comisi\u00f3n anual de en torno al 1,5% del capital ahorrado hasta la fecha. Lo cobran repetidamente cada a\u00f1o. O sea que si un a\u00f1o se ingresan 1.000 euros se quedar\u00e1n a fin de a\u00f1o un 1,5%, pero al a\u00f1o siguiente, de los mismos 1000 euros se volver\u00e1n a quedar otro 1,5%. En diez a\u00f1os se quedan pues, el 15%; en veinte el 30%; y cuando el trabajador se jubila del dinero que ingreso cuando era joven, hace 30 a\u00f1os ya se le habr\u00e1n evaporado en comisiones el 45%.<\/p>\n\n\n\n<p>3) Un cop arribada la jubilaci\u00f3, pot retirar el capital acumulat o transformar-lo en una pensi\u00f3 (renda vital\u00edcia). En aquest \u00faltim cas, com no se sap quants anys viur\u00e0 el jubilat m\u00e9s enll\u00e0 de l'esperan\u00e7a de vida, el Promotor es cobra una prima de risc que es descompta del capital estalviat.<\/p>\n\n\n\n<p>4) Si no vol cobrar sempre la mateixa quantitat i desitja que la pensi\u00f3 s'actualitzi cada any amb l\u2019encariment de la vida (amb l'IPC), llavors la seva pensi\u00f3 inicial patir\u00e0 tamb\u00e9 una altra important rebaixa.<\/p>\n\n\n\n<p>5) Si no vol que els pagaments s\u2019acabin amb la seva mort i vol que el seu c\u00f2njuge segueixi cobrant, la seva pensi\u00f3 inicial tornar\u00e0 a patir una altra important rebaixa.<\/p>\n\n\n\n<p>Tot el que hom t\u00e9 en les pensions p\u00fabliques de forma gratu\u00efta, es cobra en els Fons Privats de Pensions.<\/p>\n\n\n\n<p>6) \u00bfI si no es vol pensi\u00f3 i es retiren tots els diners? Doncs com que aix\u00f2 no els interessa als fons de pensions, tindrem una llei com l'actual en qu\u00e8 el \u00abcop de destral\u00bb es produeix en declarar els ingressos de l'any en la declaraci\u00f3 de renda (IRPF).<\/p>","protected":false},"excerpt":{"rendered":"<p>En ninguna tertulia de ninguna Televisi\u00f3n explican con detalle el funcionamiento de los Planes de Pensiones Privados y en concreto los &nbsp;\u201chachazos\u201d a los ahorros del trabajador que realizan y que ahora vamos a describir. 1) El Promotor o gestor invierte los ahorros que le conf\u00edan los trabajadores, te\u00f3ricamente para obtener unos intereses, pero nadie&hellip;&nbsp;<a href=\"https:\/\/mareapensionista.org\/ca\/9-73-no-se-explica-con-detalle-como-funcionan-los-fondos-de-pensiones-privados-porque-son-peor-de-lo-que-se-cree\/\" class=\"\" rel=\"bookmark\">Read More &raquo;<span class=\"screen-reader-text\">4.3 NO SE EXPLICA CON DETALLE C\u00d3MO FUNCIONAN LOS FONDOS DE PENSIONES PRIVADOS PORQUE SON PEOR DE LO QUE SE CREE<\/span><\/a><\/p>","protected":false},"author":4,"featured_media":0,"parent":0,"menu_order":0,"comment_status":"closed","ping_status":"closed","template":"","meta":{"neve_meta_sidebar":"full-width","neve_meta_container":"","neve_meta_enable_content_width":"on","neve_meta_content_width":100,"neve_meta_title_alignment":"","neve_meta_author_avatar":"","neve_post_elements_order":"","neve_meta_disable_header":"","neve_meta_disable_footer":"","neve_meta_disable_title":"","_ti_tpc_template_sync":false,"_ti_tpc_template_id":"","_mc_calendar":[],"footnotes":""},"class_list":["post-4255","page","type-page","status-publish","hentry"],"_links":{"self":[{"href":"https:\/\/mareapensionista.org\/ca\/wp-json\/wp\/v2\/pages\/4255","targetHints":{"allow":["GET"]}}],"collection":[{"href":"https:\/\/mareapensionista.org\/ca\/wp-json\/wp\/v2\/pages"}],"about":[{"href":"https:\/\/mareapensionista.org\/ca\/wp-json\/wp\/v2\/types\/page"}],"author":[{"embeddable":true,"href":"https:\/\/mareapensionista.org\/ca\/wp-json\/wp\/v2\/users\/4"}],"replies":[{"embeddable":true,"href":"https:\/\/mareapensionista.org\/ca\/wp-json\/wp\/v2\/comments?post=4255"}],"version-history":[{"count":5,"href":"https:\/\/mareapensionista.org\/ca\/wp-json\/wp\/v2\/pages\/4255\/revisions"}],"predecessor-version":[{"id":4357,"href":"https:\/\/mareapensionista.org\/ca\/wp-json\/wp\/v2\/pages\/4255\/revisions\/4357"}],"wp:attachment":[{"href":"https:\/\/mareapensionista.org\/ca\/wp-json\/wp\/v2\/media?parent=4255"}],"curies":[{"name":"wp","href":"https:\/\/api.w.org\/{rel}","templated":true}]}}