{"id":4298,"date":"2024-01-07T21:51:35","date_gmt":"2024-01-07T19:51:35","guid":{"rendered":"https:\/\/mareapensionista.org\/?page_id=4298"},"modified":"2024-01-09T19:54:47","modified_gmt":"2024-01-09T17:54:47","slug":"9-81-el-sistema-publico-de-pensiones-es-una-estafa-piramidal","status":"publish","type":"page","link":"https:\/\/mareapensionista.org\/ca\/9-81-el-sistema-publico-de-pensiones-es-una-estafa-piramidal\/","title":{"rendered":"5.1\u00a0 EL SISTEMA PUBLICO DE PENSIONES ES UNA ESTAFA PIRAMIDAL"},"content":{"rendered":"<p>Los fondos de pensiones privados, controlados por un banco, si que acabar\u00e1n siendo una ESTAFA PIRAMIDAL, pues el banco para no tener que enga\u00f1ar personalmente a sus clientes y evitar enfados preferir\u00e1 \u00abvenderle\u00bb al Fondo de Pensiones las Subordinadas, Preferentes, acciones y bonos basura que quiera quitarse de encima. Durante unos a\u00f1os lo podr\u00e1n tapar pagando todav\u00eda pensiones decentes, pero llegar\u00e1 un momento que tendr\u00e1n tantas pensiones que pagar que pensionistas se encontrar\u00e1n con un fondo lleno de basura y no cobraran, y nadie ir\u00e1 a la c\u00e1rcel porque todo habr\u00e1 prescrito. En Estados Unidos cuando esto pasa, dicen que la culpa es de los pensionistas por haber \u00abelegido\u00bb mal su Fondo de Pensiones..<\/p>\n\n\n\n<p>Cualquier Compa\u00f1\u00eda de Seguros dirigida por ladrones puede convertirse en una ESTAFA PIRAMIDAL. El dinero de los que pagan y no tienen accidentes ha de guardarse e invertir bien para poder indemnizar a los que si los tienen. Si los due\u00f1os de la Compa\u00f1\u00eda se quedan este dinero y lo substituyen por bonos y acciones basura que al final no valen nada, los primeros accidentados cobraran y los \u00faltimos no. Tendremos una estafa piramidal<\/p>\n\n\n\n<p>Ara b\u00e9, les Companyies d'Assegurances ben administrades no s\u00f3n Estafes Piramidals.<\/p>\n\n\n\n<p>Lo mismo pasa con las Pensiones P\u00fablicas. No son una Estafa Piramidal, por esto el sistema ha funcionado 41 a\u00f1os pagando las pensiones con las cotizaciones recaudadas y sobrando dinero. Solo pueden serlo si las controlan pol\u00edticos ladrones o comprados por los bancos y sus fondos de pensiones.<\/p>\n\n\n\n<p>El primer mes, del primer a\u00f1o en que se cre\u00f3 el sistema P\u00fablico de Pensiones \u00bfCu\u00e1ntos pensionistas hab\u00eda? L\u00f3gicamente hab\u00eda cero personas con derecho a cobrar una pensi\u00f3n contributiva. Y \u00bfcu\u00e1ntos trabajadores cotizaron aquel mes? cinco millones, seis, siete. Sobr\u00f3 pues una cifra colosal de dinero. Y durante meses y a\u00f1os han sobrado cifras colosales. Hoy en d\u00eda, si este dinero los pol\u00edticos lo hubiesen puesto en una \u00abhucha\u00bb, tendr\u00edamos unos 300.000 millones de euros que sobraron durante la dictadura de Franco, m\u00e1s 500.000 millones de euros que sobraron durante la democracia. Se podr\u00edan asegurar las pensiones durante los pr\u00f3ximos 50 a\u00f1os y pagar la jubilaci\u00f3n a los del \u00abbaby boom\u00bb sin problema<\/p>\n\n\n\n<p>\u00bfQu\u00e9 pas\u00f3? Pues que los pol\u00edticos empezando por Franco y los que vinieron luego, les dijeron a los pensionistas: \u00abNo! Estos 300.000 o 500.000 millones de euros no ir\u00e1n a ninguna hucha. Se los quedar\u00e1 el Estado para hacer cosas que sin este dinero tendr\u00edan que pagarse con impuestos\u00bb. Pero a\u00f1adieron: \u00abTranquilos futuros pensionistas, el Estado se queda vuestra hucha, pero si un d\u00eda la diferencia entre lo cotizado y lo que hay que pagar es negativa, el Estado pagar\u00e1 la diferencia\u00bb. Los pensionistas se lo creyeron y se quedaron tranquilos. Por cierto, era secreto decir cada a\u00f1o cuanto hab\u00eda sobrado, por lo que la Marea Pensionista pide una Auditor\u00eda para saber las cantidades exactas. <\/p>\n\n\n\n<p>Lleg\u00f3 un d\u00eda, cuando se vislumbr\u00f3 que el Estado tendr\u00eda que aportar dinero para pagar las pensiones, un pol\u00edtico listo, el Sr Aznar, cambio la regla y dijo que los pensionistas ten\u00edan que tener una hucha y es con esta hucha se ten\u00edan que pagar las pensiones si faltaba dinero\u00bb. Y entonces creo la hucha. \u00bfCon los 500,000 millones de euros? No!, con cero euros.<\/p>\n\n\n\n<p>A m\u00e9s va ser tan llest que ni tan sols calia posar a la guardiola tots els diners que sobrava de les cotitzacions en ella. El govern decidia que part anava a la guardiola i l'Estat va seguir quedant-se la major part de l'saldo positiu. El resultat ha estat una guardiola raqu\u00edtica que nom\u00e9s ha servit per pagar el d\u00e8ficit d'uns pocs anys.<\/p>\n\n\n\n<p>Es va comen\u00e7ar doncs amb una primera estafa de 500.000 milions d'euros i van seguir altres i si ens governen pol\u00edtics estafadors comprats pels bancs i els seus fons de pensions, a la fin, aconseguiran convertir el Sistema P\u00fablic de Pensions en una estafa piramidal ..<\/p>\n\n\n\n<p>Si per contra, vuit milions de pensionistes no voten als pol\u00edtics que els volen estafar, no voten als que no diuen molt claret el que van a fer amb les pensions, segur que aconseguiran salvar les Pensions P\u00fabliques, no seran una Estafa i funcionessin cinquanta anys m\u00e9s.<\/p>\n\n\n\n<p>Como aclaraci\u00f3n sobre qu\u00e9 son las estafas piramidales o tambi\u00e9n llamadas estafas Ponzi por el nombre de su \u00abinventor\u00bb, vamos a recordar una de ellas que fue muy popular. Te daban una lista con diez nombres y direcciones y te dec\u00edan que ten\u00edas que enviar una cantidad al primero guardando el justificante que habr\u00edas de poder ense\u00f1ar. A continuaci\u00f3n, ten\u00edas que hacer diez listas borrando al primero y poni\u00e9ndote tu al final. Si convenc\u00edas a diez personas para que hicieran lo mismo y cada una de ellas a otras diez, ir\u00edas subiendo en cada nueva lista y al final habr\u00edan miles de listas en las que tu ser\u00edas primero y recibir\u00edas  una cantidad fabulosa. Al final solo cobraban los primeros, es decir, estafadores que pusieron en marcha el sistema porque r\u00e1pidamente hacen falta millones de personas para que funcione. Es lo que se llama crecimiento o explosi\u00f3n exponencial. Por su similitud, se acusa de hacer una estafa piramidal a quien capta ahorros prometiendo intereses elevad\u00edsimos y en vez de hacer inversiones productivas se los queda y paga los intereses con nuevas personas que le entregan sus ahorros.<\/p>\n\n\n\n<p><\/p>","protected":false},"excerpt":{"rendered":"<p>Los fondos de pensiones privados, controlados por un banco, si que acabar\u00e1n siendo una ESTAFA PIRAMIDAL, pues el banco para no tener que enga\u00f1ar personalmente a sus clientes y evitar enfados preferir\u00e1 \u00abvenderle\u00bb al Fondo de Pensiones las Subordinadas, Preferentes, acciones y bonos basura que quiera quitarse de encima. Durante unos a\u00f1os lo podr\u00e1n tapar&hellip;&nbsp;<a href=\"https:\/\/mareapensionista.org\/ca\/9-81-el-sistema-publico-de-pensiones-es-una-estafa-piramidal\/\" class=\"\" rel=\"bookmark\">Read More &raquo;<span class=\"screen-reader-text\">5.1\u00a0 EL SISTEMA PUBLICO DE PENSIONES ES UNA ESTAFA PIRAMIDAL<\/span><\/a><\/p>","protected":false},"author":4,"featured_media":0,"parent":0,"menu_order":0,"comment_status":"closed","ping_status":"closed","template":"","meta":{"neve_meta_sidebar":"full-width","neve_meta_container":"","neve_meta_enable_content_width":"on","neve_meta_content_width":100,"neve_meta_title_alignment":"","neve_meta_author_avatar":"","neve_post_elements_order":"","neve_meta_disable_header":"","neve_meta_disable_footer":"","neve_meta_disable_title":"","_ti_tpc_template_sync":false,"_ti_tpc_template_id":"","_mc_calendar":[],"footnotes":""},"class_list":["post-4298","page","type-page","status-publish","hentry"],"_links":{"self":[{"href":"https:\/\/mareapensionista.org\/ca\/wp-json\/wp\/v2\/pages\/4298","targetHints":{"allow":["GET"]}}],"collection":[{"href":"https:\/\/mareapensionista.org\/ca\/wp-json\/wp\/v2\/pages"}],"about":[{"href":"https:\/\/mareapensionista.org\/ca\/wp-json\/wp\/v2\/types\/page"}],"author":[{"embeddable":true,"href":"https:\/\/mareapensionista.org\/ca\/wp-json\/wp\/v2\/users\/4"}],"replies":[{"embeddable":true,"href":"https:\/\/mareapensionista.org\/ca\/wp-json\/wp\/v2\/comments?post=4298"}],"version-history":[{"count":4,"href":"https:\/\/mareapensionista.org\/ca\/wp-json\/wp\/v2\/pages\/4298\/revisions"}],"predecessor-version":[{"id":4364,"href":"https:\/\/mareapensionista.org\/ca\/wp-json\/wp\/v2\/pages\/4298\/revisions\/4364"}],"wp:attachment":[{"href":"https:\/\/mareapensionista.org\/ca\/wp-json\/wp\/v2\/media?parent=4298"}],"curies":[{"name":"wp","href":"https:\/\/api.w.org\/{rel}","templated":true}]}}