{"id":4304,"date":"2024-01-07T21:57:44","date_gmt":"2024-01-07T19:57:44","guid":{"rendered":"https:\/\/mareapensionista.org\/?page_id=4304"},"modified":"2024-01-09T20:24:57","modified_gmt":"2024-01-09T18:24:57","slug":"9-72-el-pacto-de-toledo-comision-parlamentaria-oscurantista","status":"publish","type":"page","link":"https:\/\/mareapensionista.org\/ca\/9-72-el-pacto-de-toledo-comision-parlamentaria-oscurantista\/","title":{"rendered":"4.2\u00a0 EL PACTO DE TOLEDO COMISI\u00d3N PARLAMENTARIA OSCURANTISTA"},"content":{"rendered":"<p>La Coordinadora Estatal de la Marea Pensionista ha considerado al Pacto de Toledo una comisi\u00f3n parlamentaria oscurantista, donde no se puede saber exactamente de qu\u00e9 se discute, y qu\u00e9 puede afectar a los nueve millones de pensionistas actuales y a los futuros.<\/p>\n\n\n\n<p>En aquesta Comissi\u00f3 s'est\u00e0 decidint el nostre present i futur, sense ni tan sols dignar-se a rebre la Coordinadora Estatal de la Marea Pensionista.<\/p>\n\n\n\n<p>Deia el pol\u00edtic comte de Romanones: \"si no vols obrir un debat, crea una comissi\u00f3\". I aix\u00f2 \u00e9s precisament el que van fer l'any 1995: ni partits, ni sindicats, ni empresaris, van voler obrir un veritable debat sobre el Sistema P\u00fablic de Pensions. I  van crear una comissi\u00f3.<\/p>\n\n\n\n<p>La Marea Pensionista quiere abrir un debate p\u00fablico sobre el Sistema P\u00fablico de Pensiones que aborde su presente y su futuro y una soluci\u00f3n integral del sistema. Las fuerzas pol\u00edticas en posiciones neoliberales, dispuestas a vender todo lo p\u00fablico para favorecer el negocio de grandes corporaciones, al contrario, no desean abrir un debate p\u00fablico ya que no apuestan por el futuro de un sistema p\u00fablico, de gesti\u00f3n p\u00fablica y de calidad. Saben que se trata de un negocio de 120.000 millones de euros anuales sobre el que vuelan los fondos buitre.<\/p>\n\n\n\n<p>D'una banda, els esborranys de les RECOMANACIONS estan fets amb prou ambig\u00fcitat perqu\u00e8, a conveni\u00e8ncia i a inter\u00e8s de Govern de torn, es puguin interpretar de manera diferent. D'altra banda, es tracta d'RECOMANACIONS i res m\u00e9s. Les lleis s'aproven al Congr\u00e9s i al Senat.<\/p>\n\n\n\n<p>Algunos ejemplos de la ambig\u00fcedad calculada de los acuerdos:<br>1. Es recomana la revaloritzaci\u00f3 de les pensions a l'IPC real, per\u00f2 tot seguit es deixa oberta la possibilitat de tenir en compte altres dades macroecon\u00f2miques (per rebaixar-).<br>2. Els anys de c\u00f2mput per a trobar la base reguladora, poden ser 15 anys, 25, o tota la vida laboral.<br>3. L'edat de jubilaci\u00f3, 65 anys, 67, i la possibilitat que augmenti.<br>4. El factor de sostenibilitat que ens castiga per viure m\u00e9s, no se sap si es deroga o es posar\u00e0 en funcionament l'any que ve o el 2027.<\/p>\n\n\n\n<p>I finalment, cal t\u00e9mer el m\u00e9s que previsible suport als plans privats de pensions, d'empresa i de particulars, en detriment d'injectar diners a el sistema p\u00fablic de repartiment i de caixa \u00fanica.<\/p>","protected":false},"excerpt":{"rendered":"<p>La Coordinadora Estatal de la Marea Pensionista ha considerado al Pacto de Toledo una comisi\u00f3n parlamentaria oscurantista, donde no se puede saber exactamente de qu\u00e9 se discute, y qu\u00e9 puede afectar a los nueve millones de pensionistas actuales y a los futuros. En esta Comisi\u00f3n se est\u00e1 decidiendo nuestro presente y futuro, sin ni siquiera&hellip;&nbsp;<a href=\"https:\/\/mareapensionista.org\/ca\/9-72-el-pacto-de-toledo-comision-parlamentaria-oscurantista\/\" class=\"\" rel=\"bookmark\">Read More &raquo;<span class=\"screen-reader-text\">4.2\u00a0 EL PACTO DE TOLEDO COMISI\u00d3N PARLAMENTARIA OSCURANTISTA<\/span><\/a><\/p>","protected":false},"author":4,"featured_media":0,"parent":0,"menu_order":0,"comment_status":"closed","ping_status":"closed","template":"","meta":{"neve_meta_sidebar":"full-width","neve_meta_container":"","neve_meta_enable_content_width":"on","neve_meta_content_width":100,"neve_meta_title_alignment":"","neve_meta_author_avatar":"","neve_post_elements_order":"","neve_meta_disable_header":"","neve_meta_disable_footer":"","neve_meta_disable_title":"","_ti_tpc_template_sync":false,"_ti_tpc_template_id":"","_mc_calendar":[],"footnotes":""},"class_list":["post-4304","page","type-page","status-publish","hentry"],"_links":{"self":[{"href":"https:\/\/mareapensionista.org\/ca\/wp-json\/wp\/v2\/pages\/4304","targetHints":{"allow":["GET"]}}],"collection":[{"href":"https:\/\/mareapensionista.org\/ca\/wp-json\/wp\/v2\/pages"}],"about":[{"href":"https:\/\/mareapensionista.org\/ca\/wp-json\/wp\/v2\/types\/page"}],"author":[{"embeddable":true,"href":"https:\/\/mareapensionista.org\/ca\/wp-json\/wp\/v2\/users\/4"}],"replies":[{"embeddable":true,"href":"https:\/\/mareapensionista.org\/ca\/wp-json\/wp\/v2\/comments?post=4304"}],"version-history":[{"count":2,"href":"https:\/\/mareapensionista.org\/ca\/wp-json\/wp\/v2\/pages\/4304\/revisions"}],"predecessor-version":[{"id":4352,"href":"https:\/\/mareapensionista.org\/ca\/wp-json\/wp\/v2\/pages\/4304\/revisions\/4352"}],"wp:attachment":[{"href":"https:\/\/mareapensionista.org\/ca\/wp-json\/wp\/v2\/media?parent=4304"}],"curies":[{"name":"wp","href":"https:\/\/api.w.org\/{rel}","templated":true}]}}