{"id":4591,"date":"2024-01-12T21:38:39","date_gmt":"2024-01-12T19:38:39","guid":{"rendered":"https:\/\/mareapensionista.org\/?page_id=4591"},"modified":"2024-01-12T21:38:40","modified_gmt":"2024-01-12T19:38:40","slug":"8-articulos-y-estudios-economicos-sobre-pensiones","status":"publish","type":"page","link":"https:\/\/mareapensionista.org\/ca\/8-articulos-y-estudios-economicos-sobre-pensiones\/","title":{"rendered":"8. Art\u00edculos y estudios econ\u00f3micos sobre pensiones"},"content":{"rendered":"<ul class=\"wp-block-list\">\n<li><strong>EL INTER\u00c9S DE LA BANCA POR EL SISTEMA DE PENSIONES<\/strong><\/li>\n<\/ul>\n\n\n\n<p>Si alguien tiene un gran inter\u00e9s de que nos creamos que el sistema tiene una deuda, esa es la banca, ella s\u00ed que tiene un gran inter\u00e9s en juego, podr\u00edamos decir que tiene en juego 123.584 millones de euros en cotizaciones sociales de trabajadores y empresas que se ingresar\u00e1 la Seguridad Social en el ejercicio 2019. Ese es el tesoro al cual no quieren renunciar y utilizar\u00e1n toda su influencia pol\u00edtica para conseguir su meta. Por eso adjuntamos enlace a un art\u00edculo de Victoria Portas de la COESPE:<\/p>\n\n\n\n<p><strong><mark style=\"background-color:rgba(0, 0, 0, 0)\" class=\"has-inline-color has-neve-link-color-color\">https:\/\/contrainformacion.es\/los-buitres-sobrevuelan-la-seguridad-social\/<\/mark><\/strong>  <\/p>\n\n\n\n<ul class=\"wp-block-list\">\n<li><strong>LA BRECHA SALARIAL FEMENINA<\/strong><\/li>\n<\/ul>\n\n\n\n<p>Adjuntamos un informe de la Coordinadora Estatal por la Defensa del Sistema P\u00fablico de Pensiones- Comisi\u00f3n de Mujer sobre la BRECHA DE G\u00c9NERO.<br><a href=\"https:\/\/mareapensionista.org\/wp-content\/uploads\/2022\/11\/InformedeBrechaGenero.pdf\" target=\"_blank\" rel=\"noreferrer noopener\">Informe sobre la brecha salarial Femenina<\/a><\/p>\n\n\n\n<ul class=\"wp-block-list\">\n<li><strong>LA OFENSA DE LA DISCRIMINACI\u00d3N DE G\u00c9NERO EN LAS PENSIONES<\/strong><\/li>\n<\/ul>\n\n\n\n<p>Informe de la Coordinadora Estatal por la Defensa del Sistema P\u00fablico de Pensiones.<br><a href=\"https:\/\/mareapensionista.org\/wp-content\/uploads\/2022\/11\/OfensaDiscriminacionGenero.pdf\" target=\"_blank\" rel=\"noreferrer noopener\">La ofensa de la discriminaci\u00f3n de G\u00e9nero<\/a><\/p>\n\n\n\n<ul class=\"wp-block-list\">\n<li><strong>SOBRE EL PRODUCTO EUROPEO DE PENSIONES INDIVIDUALES<\/strong><\/li>\n<\/ul>\n\n\n\n<p>Comentarios de Xabier P\u00e9rez Davila a la propuesta de la CE. Un paso m\u00e1s en la privatizaci\u00f3n y mercantilizaci\u00f3n de la protecci\u00f3n social.<br><a href=\"https:\/\/mareapensionista.org\/wp-content\/uploads\/2022\/11\/Sobre-el-PEPP.pdf\" target=\"_blank\" rel=\"noreferrer noopener\">Sobre el PEPP<\/a><\/p>\n\n\n\n<ul class=\"wp-block-list\">\n<li><strong>LA GRAN CRISIS MUNDIAL\u2026DEL MODELO PRIVADO<\/strong><\/li>\n<\/ul>\n\n\n\n<p>Art\u00edculo de Pere Rusi\u00f1ol, Revista Alternativas Econ\u00f3micas, num42, diciembre 2018, pp 12.<br><a href=\"https:\/\/mareapensionista.org\/wp-content\/uploads\/2022\/11\/pensiones-rentabilidad-privado.pdf\" target=\"_blank\" rel=\"noreferrer noopener\">Crisis Modelo Privado<\/a><\/p>\n\n\n\n<ul class=\"wp-block-list\">\n<li><strong>CAPITALIZACI\u00d3N Y REPARTO: UN AN\u00c1LISIS COMPARATIVO<\/strong><\/li>\n<\/ul>\n\n\n\n<p>Art\u00edculo de Ignacio Zubiri, EKONOMIAZ. Revista vasca de Econom\u00eda, Gobierno Vasco\/Eusko Jaurlaritza\/Basque Government, Volume 85, Issue 01, 2014 pp 207-232<\/p>\n\n\n\n<p>En el <strong>resumen inicia<\/strong>l de este art\u00edculo de 26 p\u00e1ginas (cuyo enlace figura al final), en el que se analizan los sistemas de reparto y capitalizaci\u00f3n, leemos:<\/p>\n\n\n\n<p>\u00abSi el reparto es estricto, en \u00e9pocas de envejecimiento no puede sostener un sistema de pensiones. Si se admite que parcialmente se financie con impuestos es superior en todos los aspectos a la capitalizaci\u00f3n.<\/p>\n\n\n\n<p>La capitalizaci\u00f3n no puede (por el coste de la transici\u00f3n) ni debe (por sus propiedades) ser la base un sistema de pensiones previamente basado en el reparto.<\/p>\n\n\n\n<p>En realidad, cubre menos contingencias, conlleva riesgos mayores y la rentabilidad (corregida por el riesgo y restando las comisiones y primas) no ser\u00e1 alta. No tiene sentido dedicar recursos p\u00fablicos a los sistemas privados (en vez de al p\u00fablico) pero quien insista en hacerlo debe centrarse en potenciar los sistemas de empleo y las cuentas individuales sin intervenci\u00f3n de una gestoras de planes que saben m\u00e1s de cobrar comisiones que de obtener rentabilidad.\u00bb<\/p>\n\n\n\n<p>En este art\u00edculo se han descrito y tenido en cuenta los riesgos de las distintas modalidades del sistema privado de pensiones capitalizado, es decir aquellos que pagan las pensiones con el capital acumulado y los intereses que ha generado este capital.<\/p>\n\n\n\n<p>Seg\u00fan nos aclara el autor, los Planes de Pensiones Privados pueden ser:<\/p>\n\n\n\n<p>\u2013 de Prestaci\u00f3n definida, en los que el Promotor asume el riesgo al decirle al suscriptor qu\u00e9 pensi\u00f3n cobrar\u00e1 exactamente -independientemente de los altibajos de la rentabilidad- por cada a\u00f1o que aporte una determinada cantidad. Estos planes &nbsp;pueden quebrar (y en la pr\u00e1ctica han quebrado) cuando no pueden mantener sus promesas, ya sea por crisis, periodos prolongados de ca\u00eddas de la bolsa o si son planes que una empresa ofrece a sus empleados, por crisis o cierre de la misma. Han predominado en pa\u00edses como Estados Unidos y Holanda,<\/p>\n\n\n\n<p>\u2013 de Aportaci\u00f3n definida (son los que predominan en Espa\u00f1a), en los que se aporta una cantidad definida, mientras que lo que se recibe es variable. El riesgo lo soporta el trabajador, el cual acumula capital y su pensi\u00f3n se paga con el dinero que el trabajador ha ahorrado (generalmente en un fondo) y los intereses que ha generado este ahorro. Llegada la jubilaci\u00f3n puede retirar el capital acumulado o transformarlo en una pensi\u00f3n (renta vitalicia). En este \u00faltimo caso, como no se sabe cu\u00e1ntos a\u00f1os vivir\u00e1 el jubilado m\u00e1s all\u00e1 de la esperanza de vida, el Promotor se cobra una prima de riesgo que se descuenta del capital ahorrado. Existen otros posibles descuentos opcionales al monto de la pensi\u00f3n inicial, por ejemplo si se desea que el importe crezca seg\u00fan el aumento del coste de la vida; o beneficiar al conyugue con una pensi\u00f3n de viudedad. El Promotor cobra por lo que el sistema p\u00fablico da grat\u00eds.<\/p>\n\n\n\n<p>Sin embargo, una gran rebaja al capital ahorrado y en consecuencia a la pensi\u00f3n, es la derivada de la Comisiones que cobra el Promotor. En Espa\u00f1a la suma de las comisiones de gesti\u00f3n y depositar\u00eda puede llegar hasta un m\u00e1ximo legal del 2,5% del capital&nbsp;<strong>acumulado<\/strong>&nbsp;(2% de gesti\u00f3n y 0,5% de depositar\u00eda), aunque en la pr\u00e1ctica en el a\u00f1o 2103, el promedio fue del 1,57%. N\u00f3tese que al ser comisiones sobre el capital acumulado, es cada a\u00f1o y no una sola vez que a lo ingresado en un a\u00f1o concreto se le descuenta este tanto por ciento. Un c\u00e1lculo ilustrativo: una comisi\u00f3n constante del 2% aplicada, por ejemplo, durante 20 a\u00f1os sobre un mismo capital, equivale a que la gestora se quede con el 40% de lo aportado.<\/p>\n\n\n\n<p>Por este, motivo, si se desea un plan de poco riesgo (y poca rentabilidad) puede ser m\u00e1s interesante que una persona cada a\u00f1o por su cuenta compre directamente deuda del estado.<\/p>\n\n\n\n<p>En el caso, de que desee aumentar la rentabilidad con un plan que invierte en bolsa, debe saberse que en muchos casos si alguien acierta comprando en bolsa un valor a bajo precio que luego tiene una alta revalorizaci\u00f3n, es porque alguien se equivoc\u00f3 vendi\u00e9ndoselo, y lo contrario si hay depreciaci\u00f3n. Es decir, que hay ganadores y perdedores y que por lo tanto, hay riesgo.<\/p>\n\n\n\n<p>La bolsa puede vivir periodos de alza, en la que parece que todos ganan, y periodos en la que todos pierden y si estos \u00faltimos son de larga duraci\u00f3n pueden obligar a retrasar la jubilaci\u00f3n o a conformarse con una baja pensi\u00f3n.<\/p>\n\n\n\n<p>En el art\u00edculo no se hace ninguna insinuaci\u00f3n sobre la posibilidad de que el riesgo se incremente si una entidad financiera llegase a utilizar un fondo de pensiones para colocar sus \u201csubordinadas\u201d, \u201cpreferentes\u201d o alg\u00fan producto t\u00f3xico, posibilidad que seguramente muchos de sus lectores no descartan.<\/p>\n\n\n\n<p>Al final, llega a la conclusi\u00f3n ya anunciada que el mejor sistema es el de reparto, corregido en momentos de d\u00e9ficit con aportaciones del estado, que por otra parte durante a\u00f1os se embolsaba \u00edntegramente los super\u00e1vits (la \u00abhucha\u00bb solo empez\u00f3 a llenarse en 2004) .<\/p>\n\n\n\n<p><a href=\"https:\/\/mareapensionista.org\/wp-content\/uploads\/2022\/11\/CAPITALIZACION-REPARTO8.pdf\" target=\"_blank\" rel=\"noreferrer noopener\">CAPITALIZACION REPARTO<\/a><\/p>\n\n\n\n<ul class=\"wp-block-list\">\n<li><strong>\u00bfEST\u00c1N EN PELIGRO LAS PENSIONES?<\/strong><\/li>\n<\/ul>\n\n\n\n<p>Libro de Vicen\u00e7 Navarro, Juan Torres y Alberto Garz\u00f3n Espinosa<br>\u00bfCu\u00e1les son las verdaderas amenazas?<br>\u00bfA qui\u00e9n interesa que las pensiones sean privadas?<br>\u00bfLlevan raz\u00f3n quienes dicen que son inviables?<br>\u00bfQu\u00e9 conviene hacer para garantizar su futuro?<br><a href=\"https:\/\/mareapensionista.org\/wp-content\/uploads\/2022\/11\/NavarroTorresGarzon.pdf\" target=\"_blank\" rel=\"noreferrer noopener\">NavarroTorresGarzon<\/a><\/p>\n\n\n\n<ul class=\"wp-block-list\">\n<li><strong>LAS PENSIONES DE PINOCHET<\/strong><\/li>\n<\/ul>\n\n\n\n<p>Art\u00edculo de Sebasti\u00e1n Serrano, Revista Alternativas Econ\u00f3micas, num 40, octubre 2018, pp 22<\/p>\n\n\n\n<p>\u00bfOleadas de protestas contra el modelo de jubilaci\u00f3n, que est\u00e1 en manos de entidades privadas.<br>\u00bfUna funcionaria de Carabineros (o de las Fuerzas Armadas) que continu\u00f3 con el sistema de reparto cobra 7.000 euros de pensi\u00f3n al mes, un trabajador normal unos 120 (unos 340 si ha cotizado el m\u00e1ximo de tiempo).<\/p>\n\n\n\n<p>Aznar imit\u00f3 a Pinochet y tambi\u00e9n las Fuerzas Armadas de Espa\u00f1a fueron una excepci\u00f3n cuando cre\u00f3 la \u00abhucha\u00bb de las pensiones. Las Fuerzas Armadas siguen como todos los espa\u00f1oles antes, dependiendo de los presupuestos que se cubren con los impuestos<br><a href=\"https:\/\/mareapensionista.org\/wp-content\/uploads\/2022\/11\/pensiones-pinochet.pdf\" target=\"_blank\" rel=\"noreferrer noopener\">pensiones pinochet<\/a><\/p>\n\n\n\n<ul class=\"wp-block-list\">\n<li><strong>GOVERNI QUI GOVERNI LES PENSIONS ES DEFENSEN<\/strong><\/li>\n<\/ul>\n\n\n\n<p>Art\u00edculo sobre la actitud de los distintos partidos y de la patronal con respecto a las pensiones<br><a href=\"https:\/\/mareapensionista.org\/wp-content\/uploads\/2022\/11\/PensionesCESPE2018.pdf\" target=\"_blank\" rel=\"noreferrer noopener\">PensionesCESPE2018<\/a><\/p>\n\n\n\n<ul class=\"wp-block-list\">\n<li><strong>HAN DE PAGAR LOS Y LAS PENSIONISTAS EL IMPUESTO SOBRE LA RENTA (IRPF)<\/strong><\/li>\n<\/ul>\n\n\n\n<p>Art\u00edculo que contiene en castellano el resumen de la conferencia pronunciada por MIGUEL ARENAS y RAMON FRANQUESA el 9 de abril de 2019, en la Sala del Colectivo Ronda.<a href=\"https:\/\/mareapensionista.org\/wp-content\/uploads\/2022\/11\/PagarIRPF.pdf\" target=\"_blank\" rel=\"noreferrer noopener\">Han de pagar los y las pensionistas el IRPF<\/a><\/p>\n\n\n\n<ul class=\"wp-block-list\">\n<li><strong>EL FUTURO DE LAS PENSIONES. Galicia, Estado Espa\u00f1ol y Europa<\/strong><\/li>\n<\/ul>\n\n\n\n<p>Art\u00edculo presentado por Lidia Senra Rodriguez, Diputada del Parlamento Europeo que contiene en gallego (f\u00e1cilmente comprensible) las Ponencias de las Jornadas sobre \u00abO futuro das pensi\u00f3ns. Galiza, estado espa\u00f1ol e Europa, celebradas en Santiago de Compostela, el 28 y 29 de setiembre de 2018.<a href=\"https:\/\/mareapensionista.org\/wp-content\/uploads\/2022\/11\/O-futuro-das-pensions.pdf\" target=\"_blank\" rel=\"noreferrer noopener\">O-futuro-das-pensions<\/a><\/p>\n\n\n\n<ul class=\"wp-block-list\">\n<li><strong>PEDRO S\u00c1NCHEZ, LA MOCHILA AUSTRIACA O EL ARTE DEL ENGA\u00d1O<\/strong><\/li>\n<\/ul>\n\n\n\n<p><em>Por&nbsp;<\/em>Eduardo Luque,&nbsp;Art\u00edculo publicado en KaosEnLaRed.net<\/p>\n\n\n\n<p>Art\u00edculo que describe bien la Mochila Austriaca. Muy cr\u00edtico con PSOE e incluso con PODEMOS por suponer que no se opondr\u00e1 &nbsp;a la Mochila Austriaca.<\/p>","protected":false},"excerpt":{"rendered":"<p>Si alguien tiene un gran inter\u00e9s de que nos creamos que el sistema tiene una deuda, esa es la banca, ella s\u00ed que tiene un gran inter\u00e9s en juego, podr\u00edamos decir que tiene en juego 123.584 millones de euros en cotizaciones sociales de trabajadores y empresas que se ingresar\u00e1 la Seguridad Social en el ejercicio&hellip;&nbsp;<a href=\"https:\/\/mareapensionista.org\/ca\/8-articulos-y-estudios-economicos-sobre-pensiones\/\" class=\"\" rel=\"bookmark\">Read More &raquo;<span class=\"screen-reader-text\">8. Art\u00edculos y estudios econ\u00f3micos sobre pensiones<\/span><\/a><\/p>","protected":false},"author":4,"featured_media":0,"parent":0,"menu_order":0,"comment_status":"closed","ping_status":"closed","template":"","meta":{"neve_meta_sidebar":"full-width","neve_meta_container":"","neve_meta_enable_content_width":"on","neve_meta_content_width":100,"neve_meta_title_alignment":"","neve_meta_author_avatar":"","neve_post_elements_order":"","neve_meta_disable_header":"","neve_meta_disable_footer":"","neve_meta_disable_title":"","_ti_tpc_template_sync":false,"_ti_tpc_template_id":"","_mc_calendar":[],"footnotes":""},"class_list":["post-4591","page","type-page","status-publish","hentry"],"_links":{"self":[{"href":"https:\/\/mareapensionista.org\/ca\/wp-json\/wp\/v2\/pages\/4591","targetHints":{"allow":["GET"]}}],"collection":[{"href":"https:\/\/mareapensionista.org\/ca\/wp-json\/wp\/v2\/pages"}],"about":[{"href":"https:\/\/mareapensionista.org\/ca\/wp-json\/wp\/v2\/types\/page"}],"author":[{"embeddable":true,"href":"https:\/\/mareapensionista.org\/ca\/wp-json\/wp\/v2\/users\/4"}],"replies":[{"embeddable":true,"href":"https:\/\/mareapensionista.org\/ca\/wp-json\/wp\/v2\/comments?post=4591"}],"version-history":[{"count":1,"href":"https:\/\/mareapensionista.org\/ca\/wp-json\/wp\/v2\/pages\/4591\/revisions"}],"predecessor-version":[{"id":4592,"href":"https:\/\/mareapensionista.org\/ca\/wp-json\/wp\/v2\/pages\/4591\/revisions\/4592"}],"wp:attachment":[{"href":"https:\/\/mareapensionista.org\/ca\/wp-json\/wp\/v2\/media?parent=4591"}],"curies":[{"name":"wp","href":"https:\/\/api.w.org\/{rel}","templated":true}]}}