{"id":4607,"date":"2024-01-21T19:03:00","date_gmt":"2024-01-21T17:03:00","guid":{"rendered":"https:\/\/mareapensionista.org\/?page_id=4607"},"modified":"2024-01-21T19:05:56","modified_gmt":"2024-01-21T17:05:56","slug":"9-enlaces-de-interes","status":"publish","type":"page","link":"https:\/\/mareapensionista.org\/ca\/9-enlaces-de-interes\/","title":{"rendered":"9.  ENLACES DE INTERES"},"content":{"rendered":"<p style=\"line-height: normal; background-image: initial; background-position: initial; background-size: initial; background-repeat: initial; background-attachment: initial; background-origin: initial; background-clip: initial;\"><b>ENLACES DE INTER\u00c9S<o:p><\/o:p><\/b><\/p>\n<p style=\"margin-bottom: 15pt; line-height: normal; background-image: initial; background-position: initial; background-size: initial; background-repeat: initial; background-attachment: initial; background-origin: initial; background-clip: initial;\"><b>Cronolog\u00eda del siglo XIX en Espa\u00f1a<br \/>\n(el de las 4 guerras civiles)<o:p><\/o:p><\/b><\/p>\n<p style=\"margin-bottom: 15pt; line-height: normal; background-image: initial; background-position: initial; background-size: initial; background-repeat: initial; background-attachment: initial; background-origin: initial; background-clip: initial;\">Los espa\u00f1oles se enfrentaron en 4<br \/>\nguerras civiles en este siglo, 6 si contamos las 2 de independencia de Cuba. Se<br \/>\nluch\u00f3 para abolir el feudalismo, con sus nobles, vasallos y rey absoluto; para<br \/>\nabolir la inquisici\u00f3n; la esclavitud; y contra el capitalismo salvaje de los<br \/>\nni\u00f1os de 7 a\u00f1os trabajando en minas y f\u00e1bricas.<br \/>\nConviene tener un m\u00ednimo conocimiento de lo que pas\u00f3 en este siglo, ni que sea<br \/>\na trav\u00e9s de una lista de fechas y hechos, para entender lo duro y el<br \/>\nsufrimiento que ha sido necesario para conquistar los derechos que ahora<br \/>\ntenemos.<br \/>\n<a href=\"http:\/\/www.cedt.org\/crono.htm\" target=\"_blank\" rel=\"noopener\">http:\/\/www.cedt.org\/crono.htm<\/a><o:p><\/o:p><\/p>\n<p style=\"margin-bottom: 15pt; line-height: normal; background-image: initial; background-position: initial; background-size: initial; background-repeat: initial; background-attachment: initial; background-origin: initial; background-clip: initial;\"><b>Las cifras hablan: Los recortes de<br \/>\nla Sanidad P\u00fablica en Catalunya desde 2010 hasta antes de la crisis del<br \/>\ncoronavirus. Cuadros y Gr\u00e1ficos<o:p><\/o:p><\/b><\/p>\n<\/p>\n<p style=\"margin-bottom: 15pt; line-height: normal; background-image: initial; background-position: initial; background-size: initial; background-repeat: initial; background-attachment: initial; background-origin: initial; background-clip: initial;\"><a href=\"https:\/\/mareapensionista.org\/wp-content\/uploads\/2022\/11\/BIBLIA-III-2020.pdf\" target=\"_blank\" rel=\"noopener\">Cuadros y Gr\u00e1ficos<\/a><o:p><\/o:p><\/p>","protected":false},"excerpt":{"rendered":"<p>ENLACES DE INTER\u00c9S Cronolog\u00eda del siglo XIX en Espa\u00f1a (el de las 4 guerras civiles) Los espa\u00f1oles se enfrentaron en 4 guerras civiles en este siglo, 6 si contamos las 2 de independencia de Cuba. Se luch\u00f3 para abolir el feudalismo, con sus nobles, vasallos y rey absoluto; para abolir la inquisici\u00f3n; la esclavitud; y&hellip;&nbsp;<a href=\"https:\/\/mareapensionista.org\/ca\/9-enlaces-de-interes\/\" class=\"\" rel=\"bookmark\">Read More &raquo;<span class=\"screen-reader-text\">9.  ENLACES DE INTERES<\/span><\/a><\/p>","protected":false},"author":4,"featured_media":0,"parent":0,"menu_order":0,"comment_status":"closed","ping_status":"closed","template":"","meta":{"neve_meta_sidebar":"full-width","neve_meta_container":"","neve_meta_enable_content_width":"on","neve_meta_content_width":100,"neve_meta_title_alignment":"","neve_meta_author_avatar":"","neve_post_elements_order":"","neve_meta_disable_header":"","neve_meta_disable_footer":"","neve_meta_disable_title":"","_ti_tpc_template_sync":false,"_ti_tpc_template_id":"","_mc_calendar":[],"footnotes":""},"class_list":["post-4607","page","type-page","status-publish","hentry"],"_links":{"self":[{"href":"https:\/\/mareapensionista.org\/ca\/wp-json\/wp\/v2\/pages\/4607","targetHints":{"allow":["GET"]}}],"collection":[{"href":"https:\/\/mareapensionista.org\/ca\/wp-json\/wp\/v2\/pages"}],"about":[{"href":"https:\/\/mareapensionista.org\/ca\/wp-json\/wp\/v2\/types\/page"}],"author":[{"embeddable":true,"href":"https:\/\/mareapensionista.org\/ca\/wp-json\/wp\/v2\/users\/4"}],"replies":[{"embeddable":true,"href":"https:\/\/mareapensionista.org\/ca\/wp-json\/wp\/v2\/comments?post=4607"}],"version-history":[{"count":6,"href":"https:\/\/mareapensionista.org\/ca\/wp-json\/wp\/v2\/pages\/4607\/revisions"}],"predecessor-version":[{"id":4833,"href":"https:\/\/mareapensionista.org\/ca\/wp-json\/wp\/v2\/pages\/4607\/revisions\/4833"}],"wp:attachment":[{"href":"https:\/\/mareapensionista.org\/ca\/wp-json\/wp\/v2\/media?parent=4607"}],"curies":[{"name":"wp","href":"https:\/\/api.w.org\/{rel}","templated":true}]}}