{"id":84,"date":"2020-10-28T00:00:00","date_gmt":"2020-10-28T00:00:00","guid":{"rendered":"https:\/\/mareapensionista.org\/?page_id=84"},"modified":"2022-08-02T10:39:25","modified_gmt":"2022-08-02T08:39:25","slug":"objetivos","status":"publish","type":"page","link":"https:\/\/mareapensionista.org\/ca\/objetivos\/","title":{"rendered":"Objectius"},"content":{"rendered":"<h1>Objectius<\/h1>\n<p>Els objectius de la Marea Pensionista de Catalunya es poden agrupar en tres gran eixos:<\/p>\n<p>1) Las defensa dels drets socials per a garantir unes condicions de vida digna dels i de les pensionistes en particular i de la classe treballadora en general, en el seu sentit m\u00e9s ampli: pensions, salaris, condicions laborals, sanitat, serveis p\u00fablics, depend\u00e8ncia,...<\/p>\n<p>2) La oposici\u00f3 a les mesures restrictives del Pacte de Toledo que si s\u2019apliquen significar\u00e0 l\u2019inici de la privatitzaci\u00f3 de les pensions i la reducci\u00f3 de les pensions p\u00fabliques.<\/p>\n<p>3) El compliment per part dels poders p\u00fablics del nostre dret constitucional que els obliga a garantir la sufici\u00e8ncia econ\u00f2mica als ciutadans durant la tercera edat, mitjan\u00e7ant pensions adequades i actualitzades peri\u00f2dicament.<\/p>","protected":false},"excerpt":{"rendered":"<p>Objetivos Los objetivos de la Marea Pensionista de Catalu\u00f1a se pueden agrupar en tres grandes ejes: 1) La defensa de los derechos sociales para garantizar unas condiciones de vida digna de los y de las pensionistas en particular y de la clase trabajadora en general, en su sentido m\u00e1s amplio: pensiones, salarios, condiciones laborales, sanidad,&hellip;&nbsp;<a href=\"https:\/\/mareapensionista.org\/ca\/objetivos\/\" class=\"\" rel=\"bookmark\">Read More &raquo;<span class=\"screen-reader-text\">Objectius<\/span><\/a><\/p>","protected":false},"author":1,"featured_media":0,"parent":0,"menu_order":0,"comment_status":"closed","ping_status":"open","template":"","meta":{"neve_meta_sidebar":"full-width","neve_meta_container":"","neve_meta_enable_content_width":"on","neve_meta_content_width":100,"neve_meta_title_alignment":"","neve_meta_author_avatar":"","neve_post_elements_order":"","neve_meta_disable_header":"","neve_meta_disable_footer":"","neve_meta_disable_title":"","_ti_tpc_template_sync":false,"_ti_tpc_template_id":"","_mc_calendar":[],"footnotes":""},"class_list":["post-84","page","type-page","status-publish","hentry"],"_links":{"self":[{"href":"https:\/\/mareapensionista.org\/ca\/wp-json\/wp\/v2\/pages\/84","targetHints":{"allow":["GET"]}}],"collection":[{"href":"https:\/\/mareapensionista.org\/ca\/wp-json\/wp\/v2\/pages"}],"about":[{"href":"https:\/\/mareapensionista.org\/ca\/wp-json\/wp\/v2\/types\/page"}],"author":[{"embeddable":true,"href":"https:\/\/mareapensionista.org\/ca\/wp-json\/wp\/v2\/users\/1"}],"replies":[{"embeddable":true,"href":"https:\/\/mareapensionista.org\/ca\/wp-json\/wp\/v2\/comments?post=84"}],"version-history":[{"count":24,"href":"https:\/\/mareapensionista.org\/ca\/wp-json\/wp\/v2\/pages\/84\/revisions"}],"predecessor-version":[{"id":3629,"href":"https:\/\/mareapensionista.org\/ca\/wp-json\/wp\/v2\/pages\/84\/revisions\/3629"}],"wp:attachment":[{"href":"https:\/\/mareapensionista.org\/ca\/wp-json\/wp\/v2\/media?parent=84"}],"curies":[{"name":"wp","href":"https:\/\/api.w.org\/{rel}","templated":true}]}}